{"id":4345,"date":"2015-12-10T10:55:43","date_gmt":"2015-12-10T08:55:43","guid":{"rendered":"http:\/\/www.maler-tschepp.at\/?page_id=4345"},"modified":"2026-03-17T21:27:28","modified_gmt":"2026-03-17T21:27:28","slug":"heim-buerodesign","status":"publish","type":"page","link":"https:\/\/maler-tschepp.at\/index.php\/heim-buerodesign\/","title":{"rendered":"Heim- &#038; B\u00fcrodesign"},"content":{"rendered":"\n<script type=\"text\/javascript\">\r\ndocument.addEventListener(\"DOMContentLoaded\", function(event) { \r\n\tjQuery( '#slider-pro-3-6513' ).sliderPro({\r\n\t\t\/\/width\r\n\t\t\t\twidth: 1000,\r\n\t\t\t\t\r\n\t\t\/\/height\r\n\t\t\t\theight: 500,\r\n\t\t\t\t\r\n\t\t\/\/auto play\r\n\t\t\t\tautoplay:  true,\r\n\t\tautoplayOnHover: 'none',\r\n\t\t\t\t\t\t\t\tautoplayDelay: 5000,\r\n\t\t\r\n\t\t\r\n\t\tarrows: true,\r\n\t\tbuttons: true,\r\n\t\tsmallSize: 500,\r\n\t\tmediumSize: 1000,\r\n\t\tlargeSize: 3000,\r\n\t\tfade: true,\r\n\t\t\r\n\t\t\/\/thumbnail\r\n\t\tthumbnailArrows: true,\r\n\t\tthumbnailWidth: 120,\r\n\t\tthumbnailHeight: 120,\r\n\t\t\t\t\t\tthumbnailsPosition: 'bottom',\r\n\t\t\t\t\t\tcenterImage: true,\r\n\t\timageScaleMode: 'cover',\r\n\t\tallowScaleUp: true,\r\n\t\t\t\tstartSlide: 0,\r\n\t\tloop: true,\r\n\t\tslideDistance: 5,\r\n\t\tautoplayDirection: 'normal',\r\n\t\ttouchSwipe: true,\r\n\t\tfullScreen: true,\r\n\t});\r\n});\r\n<\/script>\r\n\r\n\t\t<div id=\"slider-pro-3-6513\" class=\"slider-pro\">\r\n\t\t\t<!---- slides div start ---->\r\n\t\t\t<div class=\"sp-slides\">\r\n\t\t\t\t\t\t\t\t\t\t<div class=\"sp-slide\">\r\n\t\t\t\t\t\t\t<img decoding=\"async\" class=\"sp-image\" loading=\"lazy\" alt=\"Lasurtechnik_wt\" src=\"https:\/\/maler-tschepp.at\/wp-content\/plugins\/ultimate-responsive-image-slider\/assets\/css\/images\/blank.gif\" data-src=\"https:\/\/maler-tschepp.at\/wp-content\/uploads\/2020\/12\/Lasurtechnik_wt.jpg\" \/>\r\n\r\n\t\t\t\t\t\t\t\r\n\t\t\t\t\t\t\t\t\t\t\t\t\t<\/div>\r\n\t\t\t\t\t\t\t\t\t\t\t\t<div class=\"sp-slide\">\r\n\t\t\t\t\t\t\t<img decoding=\"async\" class=\"sp-image\" loading=\"lazy\" alt=\"office\" src=\"https:\/\/maler-tschepp.at\/wp-content\/plugins\/ultimate-responsive-image-slider\/assets\/css\/images\/blank.gif\" data-src=\"https:\/\/maler-tschepp.at\/wp-content\/uploads\/2016\/12\/Office1.jpg\" \/>\r\n\r\n\t\t\t\t\t\t\t\r\n\t\t\t\t\t\t\t\t\t\t\t\t\t<\/div>\r\n\t\t\t\t\t\t\t\t\t\t\t\t<div class=\"sp-slide\">\r\n\t\t\t\t\t\t\t<img decoding=\"async\" class=\"sp-image\" loading=\"lazy\" alt=\"Galerie Wandgestaltung weiss\" src=\"https:\/\/maler-tschepp.at\/wp-content\/plugins\/ultimate-responsive-image-slider\/assets\/css\/images\/blank.gif\" data-src=\"https:\/\/maler-tschepp.at\/wp-content\/uploads\/2015\/05\/IMG_1399.jpg\" \/>\r\n\r\n\t\t\t\t\t\t\t\r\n\t\t\t\t\t\t\t\t\t\t\t\t\t<\/div>\r\n\t\t\t\t\t\t\t\t\t<\/div>\r\n\t\t\t\r\n\t\t\t<!---- slides div end ---->\r\n\t\t\t\t\t\t<!-- slides thumbnails div end -->\r\n\t\t<\/div>\r\n\t\t<style>\r\n\/* Layout 3 *\/\r\n\/* border *\/\r\n#slider-pro-3-6513 .sp-selected-thumbnail {\r\n\tborder: 4px solid #000000;\r\n}\r\n\r\n\/* font + color *\/\r\n.title-in  {\r\n\tfont-family: Arial !important;\r\n\tcolor: #FFFFFF !important;\r\n\tbackground-color: #000000 !important;\r\n\topacity: 0.7 !important;\r\n}\r\n.desc-in  {\r\n\tfont-family: Arial !important;\r\n\tcolor: #FFFFFF !important;\r\n\tbackground-color: #00000 !important;\r\n\topacity: 0.7 !important;\r\n}\r\n\r\n\/* bullets color *\/\r\n.sp-button  {\r\n\tborder: 2px solid #000000 !important;\r\n}\r\n.sp-selected-button  {\r\n\tbackground-color: #000000 !important;\r\n}\r\n\r\n\/* pointer color - bottom *\/\r\n.sp-selected-thumbnail::before {\r\n\tborder-bottom: 5px solid #000000 !important;\r\n}\r\n.sp-selected-thumbnail::after {\r\n\tborder-bottom: 13px solid #000000 !important;\r\n}\r\n\r\n\/* pointer color - top *\/\r\n\r\n\/* full screen icon *\/\r\n.sp-full-screen-button::before {\r\n    color: #FFFFFF !important;\r\n}\r\n\r\n\/* hover navigation icon color *\/\r\n.sp-next-arrow::after, .sp-next-arrow::before {\r\n\tbackground-color: #FFFFFF !important;\r\n}\r\n.sp-previous-arrow::after, .sp-previous-arrow::before {\r\n\tbackground-color: #FFFFFF !important;\r\n}\r\n\r\n#slider-pro-3-6513 .title-in {\r\n\tcolor: #FFFFFF !important;\r\n\tfont-weight: bolder;\r\n\ttext-align: center;\r\n}\r\n\r\n#slider-pro-3-6513 .title-in-bg {\r\n\tbackground: rgba(255, 255, 255, 0.7); !important;\r\n\twhite-space: unset !important;\r\n\ttransform: initial !important;\r\n\t-webkit-transform: initial !important;\r\n\tfont-size: 14px !important;\r\n}\r\n\r\n#slider-pro-3-6513 .desc-in {\r\n\tcolor: #FFFFFF !important;\r\n\ttext-align: center;\r\n}\r\n#slider-pro-3-6513 .desc-in-bg {\r\n\tbackground: rgba(#00000, 0.7) !important;\r\n\twhite-space: unset !important;\r\n\ttransform: initial !important;\r\n\t-webkit-transform: initial !important;\r\n\tfont-size: 13px !important;\r\n}\r\n\r\n@media (max-width: 640px) {\r\n\t#slider-pro-3-6513 .hide-small-screen {\r\n\t\tdisplay: none;\r\n\t}\r\n}\r\n\r\n@media (max-width: 860px) {\r\n\t#slider-pro-3-6513 .sp-layer {\r\n\t\tfont-size: 18px;\r\n\t}\r\n\t\r\n\t#slider-pro-3-6513 .hide-medium-screen {\r\n\t\tdisplay: none;\r\n\t}\r\n}\r\n.slides-not-found {\r\n\tbackground-color: #a92929;\r\n\tborder-radius: 5px;\r\n\tcolor: #fff;\r\n\tfont-family: initial;\r\n\ttext-align: center;\r\n\tpadding:12px;\r\n}\r\n\/* Custom CSS *\/\r\n<\/style>\r\n\n\n\n\n<p class=\"has-text-align-right\"><span style=\"color: #ffffff;\"><strong>WIR UNTERST\u00dcTZEN SIE GERNE<\/strong><\/span><\/p>\n\n\n\n<p class=\"has-text-align-right\"><span style=\"color: #ffffff;\"><strong>&#8230; BEIM UMSETZEN IHRER IDEEN<\/strong><\/span><\/p>\n\n\n\n<blockquote class=\"wp-block-quote is-layout-flow wp-block-quote-is-layout-flow\">\n<p class=\"has-green-color has-text-color has-link-color wp-elements-f9e9d9829bd8a805c5daa16a0ae83410\"><span style=\"color: #000000;\">\u00a0<\/span>Daheim zur Ruhe kommen \u00bb entspannter wohnen<\/p>\n<\/blockquote>\n\n\n\n<p><span style=\"color: #000000;\">Die Farbpsychologie spielt bei der Raumgestaltung eine wichtige Rolle, denn Farben leiten unser Unterbewusstsein.&nbsp; Jeder Mensch hat seine Lieblingsfarben und Vorz\u00fcge.<\/span><\/p>\n\n\n\n<p><span style=\"color: #000000;\">Ver\u00e4ndern Sie mit Wandfarben die Raumarchitektur. Auf die richtige Farbkombination kommt es n\u00e4mlich an. W\u00e4hlen Sie bei der Wandgestaltung Farbt\u00f6ne f\u00fcr ein entspanntes Lebensgef\u00fchl. Hellere Farben auf einer Zimmerdecke lassen den Raum gro\u00dfz\u00fcgiger erscheinen. Optische Raumkorrekturen &nbsp;k\u00f6nnen im Falle von ung\u00fcnstigen Proportionen bspw. bei sehr hohen R\u00e4umen, durch Anbringung von Zierleisten ausgeglichen werden.<\/span><\/p>\n\n\n\n<p><span style=\"color: #000000;\">Aber auch mit Wei\u00df und viel Lichtquellen k\u00f6nnen elegante, zeitlose R\u00e4ume gestaltet werden. Wei\u00dfe T\u00fcren und Fenster k\u00f6nnen bspw. mit einem Wandanstrich in einem Mocca-Ton gut kombiniert werden. Ein Farbstreifen in einem kr\u00e4ftigen Rotton w\u00e4re zudem noch der perfekte Eyecatcher.<\/span><\/p>\n\n\n\n<p><span style=\"color: #000000;\">Wir schaffen mit den passenden Farbkombinationen ein harmonisches Wohnambiente zudem sorgen wir mit den neuen <a title=\"Aktuelles\" href=\"https:\/\/clever-varahamihira.194-56-190-71.plesk.page\/aktuelles\/\"><span style=\"color: #000000;\">Kalk-Buntfarben<\/span><\/a> f\u00fcr ein gesundes Raumklima. Umweltvertr\u00e4glichkeit ist uns ein wichtiges Anliegen, demnach verwenden wir hochwertige und umweltfreundliche Produkte.<\/span><\/p>\n\n\n\n<p><\/p>\n\n\n\n<h2 class=\"wp-block-heading has-blue-color has-text-color has-link-color wp-elements-e0dd1086a86ae8fbc33f4614aa0fe7d9\">B\u00fcrodesign \u00bb Leistung und Wohlbefinden<\/h2>\n\n\n\n<p><span style=\"color: #000000;\">Farben z\u00e4hlen zu den wichtigen Umgebungsfaktoren im B\u00fcro. So k\u00f6nnen Ihre B\u00fcro\u2013 und Gesch\u00e4ftsr\u00e4ume den Merkmalen die Ihr Unternehmen Kennzeichnen farblich angepasst werden. B\u00fcror\u00e4ume m\u00fcssen nicht immer schlicht aussehen. Haben Sie Mut zu Farben.<\/span><\/p>\n\n\n\n<p><span style=\"color: #000000;\">Passend zu Ihrer Unternehmenskultur gestalten wir Ihre B\u00fcro\u2013 und Gesch\u00e4ftsr\u00e4ume in denen Sie und Ihre Mitarbeiter sich wohlf\u00fchlen.<\/span><\/p>\n\n\n\n<p><span style=\"color: #000000;\">Wir w\u00e4hlen beispielsweise Farbkombinationen mit positiver Wirkung f\u00fcr produktive Leistung.&nbsp; Die Farbe Gelb in B\u00fcror\u00e4umen f\u00f6rdert Konzentration und Harmonie am Arbeitsplatz und eignet sich bestens f\u00fcr Besprechungszimmer und Konferenzr\u00e4ume. Wir haben das richtige Fingerspitzengef\u00fchl und gestalten perfekte Empfangsr\u00e4ume f\u00fcr Ihre Kunden mit Traditionellen und Modernen Maltechniken.<\/span><\/p>\n\n\n\n<p><span style=\"color: #000000;\">Wer sich wirklich zu Hause oder in seinen B\u00fcro\u2013 und Gesch\u00e4ftsr\u00e4umen wohlf\u00fchlen will, sollte jedenfalls die Wirkung der Farben bedenken. Je nach Farbgestaltung l\u00e4sst sich eine&nbsp;sachliche als auch vornehme Atmosph\u00e4re schaffen.<\/span><\/p>\n","protected":false},"excerpt":{"rendered":"<p>WIR UNTERST\u00dcTZEN SIE GERNE &#8230; BEIM UMSETZEN IHRER IDEEN \u00a0Daheim zur Ruhe kommen \u00bb entspannter<\/p>\n<div class=\"continue-reading-blog\"><a href=\"https:\/\/maler-tschepp.at\/?p=6513\" class=\"more-link\">Continue Reading<i class=\"fa fa-long-arrow-right\"><\/i><span class=\"screen-reader-text\">LIVING HOME<\/span><\/a><\/div>\n","protected":false},"author":1,"featured_media":0,"parent":0,"menu_order":0,"comment_status":"closed","ping_status":"closed","template":"","meta":{"footnotes":""},"class_list":["post-4345","page","type-page","status-publish","hentry"],"yoast_head":"<!-- This site is optimized with the Yoast SEO plugin v27.1.1 - https:\/\/yoast.com\/product\/yoast-seo-wordpress\/ -->\n<title>Heim- &amp; B\u00fcrodesign - Malermeister Tschepp<\/title>\n<meta name=\"robots\" content=\"index, follow, max-snippet:-1, max-image-preview:large, max-video-preview:-1\" \/>\n<link rel=\"canonical\" href=\"https:\/\/maler-tschepp.at\/index.php\/heim-buerodesign\/\" \/>\n<meta property=\"og:locale\" content=\"de_DE\" \/>\n<meta property=\"og:type\" content=\"article\" \/>\n<meta property=\"og:title\" content=\"Heim- &amp; B\u00fcrodesign - Malermeister Tschepp\" \/>\n<meta property=\"og:description\" content=\"WIR UNTERST\u00dcTZEN SIE GERNE &#8230; BEIM UMSETZEN IHRER IDEEN \u00a0Daheim zur Ruhe kommen \u00bb entspannterContinue ReadingLIVING HOME\" \/>\n<meta property=\"og:url\" content=\"https:\/\/maler-tschepp.at\/index.php\/heim-buerodesign\/\" \/>\n<meta property=\"og:site_name\" content=\"Malermeister Tschepp\" \/>\n<meta property=\"article:modified_time\" content=\"2026-03-17T21:27:28+00:00\" \/>\n<meta name=\"twitter:card\" content=\"summary_large_image\" \/>\n<meta name=\"twitter:label1\" content=\"Gesch\u00e4tzte Lesezeit\" \/>\n\t<meta name=\"twitter:data1\" content=\"2\u00a0Minuten\" \/>\n<script type=\"application\/ld+json\" class=\"yoast-schema-graph\">{\"@context\":\"https:\/\/schema.org\",\"@graph\":[{\"@type\":\"WebPage\",\"@id\":\"https:\/\/maler-tschepp.at\/index.php\/heim-buerodesign\/\",\"url\":\"https:\/\/maler-tschepp.at\/index.php\/heim-buerodesign\/\",\"name\":\"Heim- & B\u00fcrodesign - Malermeister Tschepp\",\"isPartOf\":{\"@id\":\"https:\/\/maler-tschepp.at\/#website\"},\"datePublished\":\"2015-12-10T08:55:43+00:00\",\"dateModified\":\"2026-03-17T21:27:28+00:00\",\"breadcrumb\":{\"@id\":\"https:\/\/maler-tschepp.at\/index.php\/heim-buerodesign\/#breadcrumb\"},\"inLanguage\":\"de\",\"potentialAction\":[{\"@type\":\"ReadAction\",\"target\":[\"https:\/\/maler-tschepp.at\/index.php\/heim-buerodesign\/\"]}]},{\"@type\":\"BreadcrumbList\",\"@id\":\"https:\/\/maler-tschepp.at\/index.php\/heim-buerodesign\/#breadcrumb\",\"itemListElement\":[{\"@type\":\"ListItem\",\"position\":1,\"name\":\"Start\",\"item\":\"https:\/\/maler-tschepp.at\/\"},{\"@type\":\"ListItem\",\"position\":2,\"name\":\"Heim- &#038; B\u00fcrodesign\"}]},{\"@type\":\"WebSite\",\"@id\":\"https:\/\/maler-tschepp.at\/#website\",\"url\":\"https:\/\/maler-tschepp.at\/\",\"name\":\"Malermeister Tschepp\",\"description\":\"\",\"publisher\":{\"@id\":\"https:\/\/maler-tschepp.at\/#organization\"},\"potentialAction\":[{\"@type\":\"SearchAction\",\"target\":{\"@type\":\"EntryPoint\",\"urlTemplate\":\"https:\/\/maler-tschepp.at\/?s={search_term_string}\"},\"query-input\":{\"@type\":\"PropertyValueSpecification\",\"valueRequired\":true,\"valueName\":\"search_term_string\"}}],\"inLanguage\":\"de\"},{\"@type\":\"Organization\",\"@id\":\"https:\/\/maler-tschepp.at\/#organization\",\"name\":\"Malermeister Tschepp\",\"url\":\"https:\/\/maler-tschepp.at\/\",\"logo\":{\"@type\":\"ImageObject\",\"inLanguage\":\"de\",\"@id\":\"https:\/\/maler-tschepp.at\/#\/schema\/logo\/image\/\",\"url\":\"https:\/\/maler-tschepp.at\/wp-content\/uploads\/2026\/03\/LOGO_WT1.jpg\",\"contentUrl\":\"https:\/\/maler-tschepp.at\/wp-content\/uploads\/2026\/03\/LOGO_WT1.jpg\",\"width\":529,\"height\":317,\"caption\":\"Malermeister Tschepp\"},\"image\":{\"@id\":\"https:\/\/maler-tschepp.at\/#\/schema\/logo\/image\/\"}}]}<\/script>\n<!-- \/ Yoast SEO plugin. -->","yoast_head_json":{"title":"Heim- & B\u00fcrodesign - Malermeister Tschepp","robots":{"index":"index","follow":"follow","max-snippet":"max-snippet:-1","max-image-preview":"max-image-preview:large","max-video-preview":"max-video-preview:-1"},"canonical":"https:\/\/maler-tschepp.at\/index.php\/heim-buerodesign\/","og_locale":"de_DE","og_type":"article","og_title":"Heim- & B\u00fcrodesign - Malermeister Tschepp","og_description":"WIR UNTERST\u00dcTZEN SIE GERNE &#8230; BEIM UMSETZEN IHRER IDEEN \u00a0Daheim zur Ruhe kommen \u00bb entspannterContinue ReadingLIVING HOME","og_url":"https:\/\/maler-tschepp.at\/index.php\/heim-buerodesign\/","og_site_name":"Malermeister Tschepp","article_modified_time":"2026-03-17T21:27:28+00:00","twitter_card":"summary_large_image","twitter_misc":{"Gesch\u00e4tzte Lesezeit":"2\u00a0Minuten"},"schema":{"@context":"https:\/\/schema.org","@graph":[{"@type":"WebPage","@id":"https:\/\/maler-tschepp.at\/index.php\/heim-buerodesign\/","url":"https:\/\/maler-tschepp.at\/index.php\/heim-buerodesign\/","name":"Heim- & B\u00fcrodesign - Malermeister Tschepp","isPartOf":{"@id":"https:\/\/maler-tschepp.at\/#website"},"datePublished":"2015-12-10T08:55:43+00:00","dateModified":"2026-03-17T21:27:28+00:00","breadcrumb":{"@id":"https:\/\/maler-tschepp.at\/index.php\/heim-buerodesign\/#breadcrumb"},"inLanguage":"de","potentialAction":[{"@type":"ReadAction","target":["https:\/\/maler-tschepp.at\/index.php\/heim-buerodesign\/"]}]},{"@type":"BreadcrumbList","@id":"https:\/\/maler-tschepp.at\/index.php\/heim-buerodesign\/#breadcrumb","itemListElement":[{"@type":"ListItem","position":1,"name":"Start","item":"https:\/\/maler-tschepp.at\/"},{"@type":"ListItem","position":2,"name":"Heim- &#038; B\u00fcrodesign"}]},{"@type":"WebSite","@id":"https:\/\/maler-tschepp.at\/#website","url":"https:\/\/maler-tschepp.at\/","name":"Malermeister Tschepp","description":"","publisher":{"@id":"https:\/\/maler-tschepp.at\/#organization"},"potentialAction":[{"@type":"SearchAction","target":{"@type":"EntryPoint","urlTemplate":"https:\/\/maler-tschepp.at\/?s={search_term_string}"},"query-input":{"@type":"PropertyValueSpecification","valueRequired":true,"valueName":"search_term_string"}}],"inLanguage":"de"},{"@type":"Organization","@id":"https:\/\/maler-tschepp.at\/#organization","name":"Malermeister Tschepp","url":"https:\/\/maler-tschepp.at\/","logo":{"@type":"ImageObject","inLanguage":"de","@id":"https:\/\/maler-tschepp.at\/#\/schema\/logo\/image\/","url":"https:\/\/maler-tschepp.at\/wp-content\/uploads\/2026\/03\/LOGO_WT1.jpg","contentUrl":"https:\/\/maler-tschepp.at\/wp-content\/uploads\/2026\/03\/LOGO_WT1.jpg","width":529,"height":317,"caption":"Malermeister Tschepp"},"image":{"@id":"https:\/\/maler-tschepp.at\/#\/schema\/logo\/image\/"}}]}},"_links":{"self":[{"href":"https:\/\/maler-tschepp.at\/index.php\/wp-json\/wp\/v2\/pages\/4345","targetHints":{"allow":["GET"]}}],"collection":[{"href":"https:\/\/maler-tschepp.at\/index.php\/wp-json\/wp\/v2\/pages"}],"about":[{"href":"https:\/\/maler-tschepp.at\/index.php\/wp-json\/wp\/v2\/types\/page"}],"author":[{"embeddable":true,"href":"https:\/\/maler-tschepp.at\/index.php\/wp-json\/wp\/v2\/users\/1"}],"replies":[{"embeddable":true,"href":"https:\/\/maler-tschepp.at\/index.php\/wp-json\/wp\/v2\/comments?post=4345"}],"version-history":[{"count":1,"href":"https:\/\/maler-tschepp.at\/index.php\/wp-json\/wp\/v2\/pages\/4345\/revisions"}],"predecessor-version":[{"id":7810,"href":"https:\/\/maler-tschepp.at\/index.php\/wp-json\/wp\/v2\/pages\/4345\/revisions\/7810"}],"wp:attachment":[{"href":"https:\/\/maler-tschepp.at\/index.php\/wp-json\/wp\/v2\/media?parent=4345"}],"curies":[{"name":"wp","href":"https:\/\/api.w.org\/{rel}","templated":true}]}}