{"id":4136,"date":"2015-12-01T19:34:00","date_gmt":"2015-12-01T17:34:00","guid":{"rendered":"http:\/\/www.maler-tschepp.at\/?page_id=4136"},"modified":"2015-12-01T19:34:00","modified_gmt":"2015-12-01T17:34:00","slug":"wasserschaden","status":"publish","type":"page","link":"https:\/\/maler-tschepp.at\/index.php\/wasserschaden\/","title":{"rendered":"Wasserschaden"},"content":{"rendered":"<blockquote><p><span style=\"color: #000000;\"><strong>Erst trocknen, dann sanieren<\/strong><\/span><\/p><\/blockquote>\n<p style=\"text-align: justify;\"><span style=\"color: #000000;\">Feuchtigkeit sollte sich nicht zu lange in der Bausubstanz aufhalten, denn dadurch entstehen erhebliche Sch\u00e4den am Geb\u00e4ude. Ein zu langes Zuwarten f\u00fchrt in weiterer Folge zu versteckten Schimmelbefall mit ernstzunehmenden Gesundheitsrisiko.<\/span><\/p>\n<p style=\"text-align: justify;\"><a href=\"https:\/\/clever-varahamihira.194-56-190-71.plesk.page\/wp-content\/uploads\/2015\/12\/Wasserschaden.jpg\"><img loading=\"lazy\" decoding=\"async\" class=\"alignleft  wp-image-4137\" alt=\"Wasserschaden\" src=\"https:\/\/clever-varahamihira.194-56-190-71.plesk.page\/wp-content\/uploads\/2015\/12\/Wasserschaden.jpg\" width=\"794\" height=\"347\" srcset=\"https:\/\/maler-tschepp.at\/wp-content\/uploads\/2015\/12\/Wasserschaden.jpg 1240w, https:\/\/maler-tschepp.at\/wp-content\/uploads\/2015\/12\/Wasserschaden-300x131.jpg 300w, https:\/\/maler-tschepp.at\/wp-content\/uploads\/2015\/12\/Wasserschaden-1024x448.jpg 1024w, https:\/\/maler-tschepp.at\/wp-content\/uploads\/2015\/12\/Wasserschaden-768x336.jpg 768w\" sizes=\"auto, (max-width: 794px) 100vw, 794px\" \/><\/a><span style=\"color: #000000;\">Wir arbeiten professionell, schnell und zuverl\u00e4ssig. Wir analysieren die Beschaffenheit des Bauwerkes und des Feuchtigkeitsgrades und kl\u00e4ren die Ursache der Durchfeuchtung bevor wir mit der Beseitigung der Durchfeuchtungsquellen beginnen. Wasser kann bspw. durch defekte Leitungen oder undichte D\u00e4cher eindringen.\u00a0 Erst nach vollst\u00e4ndiger Abdichtung, damit dem\u00a0 Wasser kein Zugang zum Mauerwerk mehr m\u00f6glich ist, folgt das Abtrocknen. Danach haben auch\u00a0 Mikroorganismen wie Schimmelpilze keine \u00dcberlebenschance. In Anschluss daran kann weiter saniert werden.<\/span><\/p>\n<p style=\"text-align: justify;\">[bscolumns class=&#8220;one_third&#8220;][\/bscolumns][bscolumns class=&#8220;one_third&#8220;][\/bscolumns][bscolumns class=&#8220;one_third_last&#8220;]<\/p>\n<div class=\"custom_attn_box\" style=\"border: 2px solid white; color: white; background-color: #777777; -webkit-border-radius: 1px; -moz-border-radius: 1px; border-radius: 1px; text-align: center;\"><span style=\"text-decoration: underline;\"><strong>EXPERTENTIP:<\/strong><\/span> Bei einem Wasserschaden sollten Sie unbedingt schnell handeln um Folgesch\u00e4den so gering wie m\u00f6glich zu halten. Hierbei ist gro\u00dfe Sorgfalt geboten. Kontaktieren Sie uns wir setzen erforderliche Ma\u00dfnahmen rasch um.<\/div>\n<p>&nbsp;<\/p>\n<div class=\"custom_attn_box\" style=\"border: 15px solid #fffff; color: white; text-align: justify; background-color: #fffff;\"><strong><span style=\"color: #bd0b03;\"><a title=\"Kontakt\" href=\"https:\/\/clever-varahamihira.194-56-190-71.plesk.page\/kontakt\/\"><span style=\"color: #bd0b03;\">&gt;Zum Kontaktformular<\/span><\/a><\/span><\/strong><\/div>\n<p style=\"text-align: justify;\">[\/bscolumns][bscolumns class=&#8220;clear&#8220;][\/bscolumns]<\/p>\n<p>&nbsp;<\/p>\n","protected":false},"excerpt":{"rendered":"<p>Erst trocknen, dann sanieren Feuchtigkeit sollte sich nicht zu lange in der Bausubstanz aufhalten, denn<\/p>\n<div class=\"continue-reading-blog\"><a href=\"https:\/\/maler-tschepp.at\/index.php\/wasserschaden\/\" class=\"more-link\">Continue Reading<i class=\"fa fa-long-arrow-right\"><\/i><span class=\"screen-reader-text\">Wasserschaden<\/span><\/a><\/div>\n","protected":false},"author":1,"featured_media":0,"parent":0,"menu_order":0,"comment_status":"closed","ping_status":"closed","template":"","meta":{"footnotes":""},"class_list":["post-4136","page","type-page","status-publish","hentry"],"yoast_head":"<!-- This site is optimized with the Yoast SEO plugin v27.1.1 - https:\/\/yoast.com\/product\/yoast-seo-wordpress\/ -->\n<title>Wasserschaden - Malermeister Tschepp<\/title>\n<meta name=\"robots\" content=\"index, follow, max-snippet:-1, max-image-preview:large, max-video-preview:-1\" \/>\n<link rel=\"canonical\" href=\"https:\/\/maler-tschepp.at\/index.php\/wasserschaden\/\" \/>\n<meta property=\"og:locale\" content=\"de_DE\" \/>\n<meta property=\"og:type\" content=\"article\" \/>\n<meta property=\"og:title\" content=\"Wasserschaden - Malermeister Tschepp\" \/>\n<meta property=\"og:description\" content=\"Erst trocknen, dann sanieren Feuchtigkeit sollte sich nicht zu lange in der Bausubstanz aufhalten, dennContinue ReadingWasserschaden\" \/>\n<meta property=\"og:url\" content=\"https:\/\/maler-tschepp.at\/index.php\/wasserschaden\/\" \/>\n<meta property=\"og:site_name\" content=\"Malermeister Tschepp\" \/>\n<meta property=\"og:image\" content=\"https:\/\/clever-varahamihira.194-56-190-71.plesk.page\/wp-content\/uploads\/2015\/12\/Wasserschaden.jpg\" \/>\n<meta name=\"twitter:card\" content=\"summary_large_image\" \/>\n<meta name=\"twitter:label1\" content=\"Gesch\u00e4tzte Lesezeit\" \/>\n\t<meta name=\"twitter:data1\" content=\"1\u00a0Minute\" \/>\n<script type=\"application\/ld+json\" class=\"yoast-schema-graph\">{\"@context\":\"https:\/\/schema.org\",\"@graph\":[{\"@type\":\"WebPage\",\"@id\":\"https:\/\/maler-tschepp.at\/index.php\/wasserschaden\/\",\"url\":\"https:\/\/maler-tschepp.at\/index.php\/wasserschaden\/\",\"name\":\"Wasserschaden - Malermeister Tschepp\",\"isPartOf\":{\"@id\":\"https:\/\/maler-tschepp.at\/#website\"},\"primaryImageOfPage\":{\"@id\":\"https:\/\/maler-tschepp.at\/index.php\/wasserschaden\/#primaryimage\"},\"image\":{\"@id\":\"https:\/\/maler-tschepp.at\/index.php\/wasserschaden\/#primaryimage\"},\"thumbnailUrl\":\"https:\/\/clever-varahamihira.194-56-190-71.plesk.page\/wp-content\/uploads\/2015\/12\/Wasserschaden.jpg\",\"datePublished\":\"2015-12-01T17:34:00+00:00\",\"breadcrumb\":{\"@id\":\"https:\/\/maler-tschepp.at\/index.php\/wasserschaden\/#breadcrumb\"},\"inLanguage\":\"de\",\"potentialAction\":[{\"@type\":\"ReadAction\",\"target\":[\"https:\/\/maler-tschepp.at\/index.php\/wasserschaden\/\"]}]},{\"@type\":\"ImageObject\",\"inLanguage\":\"de\",\"@id\":\"https:\/\/maler-tschepp.at\/index.php\/wasserschaden\/#primaryimage\",\"url\":\"https:\/\/clever-varahamihira.194-56-190-71.plesk.page\/wp-content\/uploads\/2015\/12\/Wasserschaden.jpg\",\"contentUrl\":\"https:\/\/clever-varahamihira.194-56-190-71.plesk.page\/wp-content\/uploads\/2015\/12\/Wasserschaden.jpg\"},{\"@type\":\"BreadcrumbList\",\"@id\":\"https:\/\/maler-tschepp.at\/index.php\/wasserschaden\/#breadcrumb\",\"itemListElement\":[{\"@type\":\"ListItem\",\"position\":1,\"name\":\"Start\",\"item\":\"https:\/\/maler-tschepp.at\/\"},{\"@type\":\"ListItem\",\"position\":2,\"name\":\"Wasserschaden\"}]},{\"@type\":\"WebSite\",\"@id\":\"https:\/\/maler-tschepp.at\/#website\",\"url\":\"https:\/\/maler-tschepp.at\/\",\"name\":\"Malermeister Tschepp\",\"description\":\"\",\"publisher\":{\"@id\":\"https:\/\/maler-tschepp.at\/#organization\"},\"potentialAction\":[{\"@type\":\"SearchAction\",\"target\":{\"@type\":\"EntryPoint\",\"urlTemplate\":\"https:\/\/maler-tschepp.at\/?s={search_term_string}\"},\"query-input\":{\"@type\":\"PropertyValueSpecification\",\"valueRequired\":true,\"valueName\":\"search_term_string\"}}],\"inLanguage\":\"de\"},{\"@type\":\"Organization\",\"@id\":\"https:\/\/maler-tschepp.at\/#organization\",\"name\":\"Malermeister Tschepp\",\"url\":\"https:\/\/maler-tschepp.at\/\",\"logo\":{\"@type\":\"ImageObject\",\"inLanguage\":\"de\",\"@id\":\"https:\/\/maler-tschepp.at\/#\/schema\/logo\/image\/\",\"url\":\"https:\/\/maler-tschepp.at\/wp-content\/uploads\/2026\/03\/LOGO_WT1.jpg\",\"contentUrl\":\"https:\/\/maler-tschepp.at\/wp-content\/uploads\/2026\/03\/LOGO_WT1.jpg\",\"width\":529,\"height\":317,\"caption\":\"Malermeister Tschepp\"},\"image\":{\"@id\":\"https:\/\/maler-tschepp.at\/#\/schema\/logo\/image\/\"}}]}<\/script>\n<!-- \/ Yoast SEO plugin. -->","yoast_head_json":{"title":"Wasserschaden - Malermeister Tschepp","robots":{"index":"index","follow":"follow","max-snippet":"max-snippet:-1","max-image-preview":"max-image-preview:large","max-video-preview":"max-video-preview:-1"},"canonical":"https:\/\/maler-tschepp.at\/index.php\/wasserschaden\/","og_locale":"de_DE","og_type":"article","og_title":"Wasserschaden - Malermeister Tschepp","og_description":"Erst trocknen, dann sanieren Feuchtigkeit sollte sich nicht zu lange in der Bausubstanz aufhalten, dennContinue ReadingWasserschaden","og_url":"https:\/\/maler-tschepp.at\/index.php\/wasserschaden\/","og_site_name":"Malermeister Tschepp","og_image":[{"url":"https:\/\/clever-varahamihira.194-56-190-71.plesk.page\/wp-content\/uploads\/2015\/12\/Wasserschaden.jpg","type":"","width":"","height":""}],"twitter_card":"summary_large_image","twitter_misc":{"Gesch\u00e4tzte Lesezeit":"1\u00a0Minute"},"schema":{"@context":"https:\/\/schema.org","@graph":[{"@type":"WebPage","@id":"https:\/\/maler-tschepp.at\/index.php\/wasserschaden\/","url":"https:\/\/maler-tschepp.at\/index.php\/wasserschaden\/","name":"Wasserschaden - Malermeister Tschepp","isPartOf":{"@id":"https:\/\/maler-tschepp.at\/#website"},"primaryImageOfPage":{"@id":"https:\/\/maler-tschepp.at\/index.php\/wasserschaden\/#primaryimage"},"image":{"@id":"https:\/\/maler-tschepp.at\/index.php\/wasserschaden\/#primaryimage"},"thumbnailUrl":"https:\/\/clever-varahamihira.194-56-190-71.plesk.page\/wp-content\/uploads\/2015\/12\/Wasserschaden.jpg","datePublished":"2015-12-01T17:34:00+00:00","breadcrumb":{"@id":"https:\/\/maler-tschepp.at\/index.php\/wasserschaden\/#breadcrumb"},"inLanguage":"de","potentialAction":[{"@type":"ReadAction","target":["https:\/\/maler-tschepp.at\/index.php\/wasserschaden\/"]}]},{"@type":"ImageObject","inLanguage":"de","@id":"https:\/\/maler-tschepp.at\/index.php\/wasserschaden\/#primaryimage","url":"https:\/\/clever-varahamihira.194-56-190-71.plesk.page\/wp-content\/uploads\/2015\/12\/Wasserschaden.jpg","contentUrl":"https:\/\/clever-varahamihira.194-56-190-71.plesk.page\/wp-content\/uploads\/2015\/12\/Wasserschaden.jpg"},{"@type":"BreadcrumbList","@id":"https:\/\/maler-tschepp.at\/index.php\/wasserschaden\/#breadcrumb","itemListElement":[{"@type":"ListItem","position":1,"name":"Start","item":"https:\/\/maler-tschepp.at\/"},{"@type":"ListItem","position":2,"name":"Wasserschaden"}]},{"@type":"WebSite","@id":"https:\/\/maler-tschepp.at\/#website","url":"https:\/\/maler-tschepp.at\/","name":"Malermeister Tschepp","description":"","publisher":{"@id":"https:\/\/maler-tschepp.at\/#organization"},"potentialAction":[{"@type":"SearchAction","target":{"@type":"EntryPoint","urlTemplate":"https:\/\/maler-tschepp.at\/?s={search_term_string}"},"query-input":{"@type":"PropertyValueSpecification","valueRequired":true,"valueName":"search_term_string"}}],"inLanguage":"de"},{"@type":"Organization","@id":"https:\/\/maler-tschepp.at\/#organization","name":"Malermeister Tschepp","url":"https:\/\/maler-tschepp.at\/","logo":{"@type":"ImageObject","inLanguage":"de","@id":"https:\/\/maler-tschepp.at\/#\/schema\/logo\/image\/","url":"https:\/\/maler-tschepp.at\/wp-content\/uploads\/2026\/03\/LOGO_WT1.jpg","contentUrl":"https:\/\/maler-tschepp.at\/wp-content\/uploads\/2026\/03\/LOGO_WT1.jpg","width":529,"height":317,"caption":"Malermeister Tschepp"},"image":{"@id":"https:\/\/maler-tschepp.at\/#\/schema\/logo\/image\/"}}]}},"_links":{"self":[{"href":"https:\/\/maler-tschepp.at\/index.php\/wp-json\/wp\/v2\/pages\/4136","targetHints":{"allow":["GET"]}}],"collection":[{"href":"https:\/\/maler-tschepp.at\/index.php\/wp-json\/wp\/v2\/pages"}],"about":[{"href":"https:\/\/maler-tschepp.at\/index.php\/wp-json\/wp\/v2\/types\/page"}],"author":[{"embeddable":true,"href":"https:\/\/maler-tschepp.at\/index.php\/wp-json\/wp\/v2\/users\/1"}],"replies":[{"embeddable":true,"href":"https:\/\/maler-tschepp.at\/index.php\/wp-json\/wp\/v2\/comments?post=4136"}],"version-history":[{"count":0,"href":"https:\/\/maler-tschepp.at\/index.php\/wp-json\/wp\/v2\/pages\/4136\/revisions"}],"wp:attachment":[{"href":"https:\/\/maler-tschepp.at\/index.php\/wp-json\/wp\/v2\/media?parent=4136"}],"curies":[{"name":"wp","href":"https:\/\/api.w.org\/{rel}","templated":true}]}}