{"id":3901,"date":"2014-02-01T00:13:33","date_gmt":"2014-01-31T22:13:33","guid":{"rendered":"http:\/\/www.maler-tschepp.at\/wordpress\/?page_id=5"},"modified":"2026-03-17T20:52:14","modified_gmt":"2026-03-17T20:52:14","slug":"home","status":"publish","type":"page","link":"https:\/\/maler-tschepp.at\/","title":{"rendered":"Home"},"content":{"rendered":"<div id=\"metaslider-id-7754\" style=\"width: 100%;\" class=\"ml-slider-3-106-0 metaslider metaslider-flex metaslider-7754 ml-slider has-dots-nav ms-theme-default-base nav-hidden\" role=\"region\" aria-label=\"New Slideshow\" data-height=\"300\" data-width=\"700\">\n    <div id=\"metaslider_container_7754\">\n        <div id=\"metaslider_7754\">\n            <ul aria-live='off' class='slides'>\n                <li style=\"display: block; width: 100%;\" class=\"slide-7755 ms-image \" aria-roledescription=\"slide\" data-date=\"2026-03-07 22:26:02\" data-filename=\"Wohlfuehlen2021-700x300.jpg\" data-slide-type=\"image\"><img loading=\"lazy\" decoding=\"async\" width=\"1240\" height=\"550\" src=\"https:\/\/maler-tschepp.at\/wp-content\/uploads\/2026\/03\/Wohlfuehlen2021.jpg\" class=\"slider-7754 slide-7755 msDefaultImage\" alt=\"\" rel=\"\" title=\"Wohlf\u00fchlen2021\" style=\"margin: 0 auto; width: 96.623376623377%\" srcset=\"https:\/\/maler-tschepp.at\/wp-content\/uploads\/2026\/03\/Wohlfuehlen2021.jpg 1240w, https:\/\/maler-tschepp.at\/wp-content\/uploads\/2026\/03\/Wohlfuehlen2021-300x133.jpg 300w, https:\/\/maler-tschepp.at\/wp-content\/uploads\/2026\/03\/Wohlfuehlen2021-1024x454.jpg 1024w, https:\/\/maler-tschepp.at\/wp-content\/uploads\/2026\/03\/Wohlfuehlen2021-768x341.jpg 768w\" sizes=\"auto, (max-width: 1240px) 100vw, 1240px\" \/><\/li>\n                <li style=\"display: none; width: 100%;\" class=\"slide-7756 ms-image \" aria-roledescription=\"slide\" data-date=\"2026-03-07 22:26:03\" data-filename=\"Deckendesign-700x300.jpg\" data-slide-type=\"image\"><img loading=\"lazy\" decoding=\"async\" width=\"1240\" height=\"554\" src=\"https:\/\/maler-tschepp.at\/wp-content\/uploads\/2026\/03\/Deckendesign.jpg\" class=\"slider-7754 slide-7756 msDefaultImage\" alt=\"\" rel=\"\" title=\"Deckendesign\" style=\"margin: 0 auto; width: 95.925734914905%\" srcset=\"https:\/\/maler-tschepp.at\/wp-content\/uploads\/2026\/03\/Deckendesign.jpg 1240w, https:\/\/maler-tschepp.at\/wp-content\/uploads\/2026\/03\/Deckendesign-300x134.jpg 300w, https:\/\/maler-tschepp.at\/wp-content\/uploads\/2026\/03\/Deckendesign-1024x457.jpg 1024w, https:\/\/maler-tschepp.at\/wp-content\/uploads\/2026\/03\/Deckendesign-768x343.jpg 768w\" sizes=\"auto, (max-width: 1240px) 100vw, 1240px\" \/><\/li>\n                <li style=\"display: none; width: 100%;\" class=\"slide-7757 ms-image \" aria-roledescription=\"slide\" data-date=\"2026-03-07 22:26:03\" data-filename=\"Grossbauten-700x300.jpg\" data-slide-type=\"image\"><img loading=\"lazy\" decoding=\"async\" width=\"1240\" height=\"554\" src=\"https:\/\/maler-tschepp.at\/wp-content\/uploads\/2026\/03\/Grossbauten.jpg\" class=\"slider-7754 slide-7757 msDefaultImage\" alt=\"\" rel=\"\" title=\"Gro\u00dfbauten\" style=\"margin: 0 auto; width: 95.925734914905%\" srcset=\"https:\/\/maler-tschepp.at\/wp-content\/uploads\/2026\/03\/Grossbauten.jpg 1240w, https:\/\/maler-tschepp.at\/wp-content\/uploads\/2026\/03\/Grossbauten-300x134.jpg 300w, https:\/\/maler-tschepp.at\/wp-content\/uploads\/2026\/03\/Grossbauten-1024x457.jpg 1024w, https:\/\/maler-tschepp.at\/wp-content\/uploads\/2026\/03\/Grossbauten-768x343.jpg 768w\" sizes=\"auto, (max-width: 1240px) 100vw, 1240px\" \/><\/li>\n            <\/ul>\n        <\/div>\n        \n    <\/div>\n<\/div>\n<h5 style=\"text-align: right;\">\u00a0<\/h5>\n<h5 style=\"text-align: right;\"><span style=\"font-weight: bold; color: #ffffff;\">ERFAHRUNG MACHT DEN UNTERSCHIED &#8230; seit 40 Jahren\u00a0<\/span><\/h5>\n<h5><span style=\"color: #ffffff;\">\u00a0<\/span><\/h5>\n<h3 style=\"text-align: center;\"><span style=\"color: #ffffff;\">Frische Optik f\u00fcr Ihr Geb\u00e4ude und R\u00e4ume\u00a0<\/span><\/h3>\n<h5><span style=\"color: #000000;\">Als fachkundige Experten in den Bereichen Gestaltung und Instandhaltung von Objekten f\u00fcr den Innen- als auch Au\u00dfenbereich sind wir Profis. Unser langj\u00e4hrig erworbenes Fachwissen in s\u00e4mtlichen Bereichen der <\/span><span style=\"text-decoration: underline;\"><span style=\"color: #ffffff;\"><strong><a title=\"Leistungen\" href=\"https:\/\/clever-varahamihira.194-56-190-71.plesk.page\/leistungen\/\"><span style=\"color: #ffffff; text-decoration: underline;\">M A L E R E I<\/span><\/a><\/strong><\/span><\/span><span style=\"color: #000000;\"> und kontinuierliche Weiterbildung garantiert die professionelle Durchf\u00fchrung Ihrer gew\u00fcnschten Arbeiten. Mit historischen Maltechniken haben wir uns einen Schwerpunkt gesetzt und gestalten kunstvolle Wandmalerei mit traditionellen Arbeitstechniken.\u00a0<\/span><\/h5>\n<h4 style=\"text-align: center;\"><span style=\"color: #000000; font-size: 19px;\">\u00a0<\/span><span style=\"color: #ffffff;\"><a title=\"Wischtechnik\" href=\"https:\/\/clever-varahamihira.194-56-190-71.plesk.page\/wischtechnik\/\"><span style=\"color: #ffffff;\">Wandgestaltung<\/span><\/a>\u00a0\u00bb <a title=\"Fassade\" href=\"https:\/\/clever-varahamihira.194-56-190-71.plesk.page\/fassade\/\"><span style=\"color: #ffffff;\">Fassadensanierung<\/span><\/a> \u00bb <a title=\"Stuccolustro\" href=\"https:\/\/clever-varahamihira.194-56-190-71.plesk.page\/stuccolustro\/\"><span style=\"color: #ffffff;\">Maltechniken <\/span><\/a>\u00bb <a title=\"Au\u00dfengestaltung \u2013 Naturdesign\" href=\"https:\/\/clever-varahamihira.194-56-190-71.plesk.page\/malerei-naturstein\/\"><span style=\"color: #ffffff;\">Au\u00dfendesign\u00a0<\/span><\/a><\/span><\/h4>\n<h5 class=\"custom_attn_box\" style=\"border: outset; text-align: center;\">Wohnanlagen<br \/>\u00d6ffentliche Bauten<br \/>Privatobjekte<br \/>Gewerbeobjekte<br \/>Ordinationen<br \/>Hotels<br \/>Gastronomiebetriebe<\/h5>\n<h5 style=\"text-align: center;\">\u00a0<\/h5>\n<h5>Nachhaltigkeit ist uns besonders wichtig. Durch Verwendung von \u00f6kologischen Wandfarben und Lacke gehen wir verantwortungsvoll mit unserer Umwelt um. Wir arbeiten mit wohngesunden Farben und sorgen damit f\u00fcr ein gesundes, behagliches Wohnklima als auch langlebige Best\u00e4ndigkeit Ihrer Objekte.<\/h5>\n<h5 style=\"text-align: left;\"><span style=\"color: #000000;\">Viele Baufirmen sch\u00e4tzen unsere Zuverl\u00e4ssigkeit und unseren hohen Qualit\u00e4tsstandard,\u00a0<a href=\"https:\/\/clever-varahamihira.194-56-190-71.plesk.page\/wp-content\/uploads\/2018\/10\/Panorama1.png\"><span style=\"color: #000000;\">was unsere<\/span><\/a><a title=\"Referenzen\" href=\"https:\/\/clever-varahamihira.194-56-190-71.plesk.page\/malerei\/\"><span style=\"color: #000000;\">\u00a0<span style=\"text-decoration: underline;\"><strong>Referenzen<\/strong><\/span><\/span><\/a>\u00a0f\u00fcr verantwortungsvolle Arbeiten im \u00f6ffentlichen Bereich best\u00e4tigen.<\/span><\/h5>\n<h5 class=\"custom_attn_box\" style=\"border: outset; text-align: center;\"><span style=\"color: #000000;\">Gleich anrufen und unverbindliches Angebot einholen unter +43 (0)664 25 22021<\/span> <strong><span style=\"color: #bd0b03;\">\u00a0<\/span><span style=\"color: #bd0b03;\"><span style=\"color: #8a0808;\">\u00a0<\/span><\/span><\/strong><\/h5>\n\n","protected":false},"excerpt":{"rendered":"<p>\u00a0 ERFAHRUNG MACHT DEN UNTERSCHIED &#8230; seit 40 Jahren\u00a0 \u00a0 Frische Optik f\u00fcr Ihr Geb\u00e4ude<\/p>\n<div class=\"continue-reading-blog\"><a href=\"https:\/\/maler-tschepp.at\/\" class=\"more-link\">Continue Reading<i class=\"fa fa-long-arrow-right\"><\/i><span class=\"screen-reader-text\">Home<\/span><\/a><\/div>\n","protected":false},"author":1,"featured_media":0,"parent":0,"menu_order":0,"comment_status":"closed","ping_status":"closed","template":"","meta":{"footnotes":""},"class_list":["post-3901","page","type-page","status-publish","hentry"],"yoast_head":"<!-- This site is optimized with the Yoast SEO plugin v27.1.1 - https:\/\/yoast.com\/product\/yoast-seo-wordpress\/ -->\n<title>Home - Malermeister Tschepp<\/title>\n<meta name=\"robots\" content=\"index, follow, max-snippet:-1, max-image-preview:large, max-video-preview:-1\" \/>\n<link rel=\"canonical\" href=\"https:\/\/maler-tschepp.at\/\" \/>\n<meta property=\"og:locale\" content=\"de_DE\" \/>\n<meta property=\"og:type\" content=\"article\" \/>\n<meta property=\"og:title\" content=\"Home - Malermeister Tschepp\" \/>\n<meta property=\"og:description\" content=\"\u00a0 ERFAHRUNG MACHT DEN UNTERSCHIED &#8230; seit 40 Jahren\u00a0 \u00a0 Frische Optik f\u00fcr Ihr Geb\u00e4udeContinue ReadingHome\" \/>\n<meta property=\"og:url\" content=\"https:\/\/maler-tschepp.at\/\" \/>\n<meta property=\"og:site_name\" content=\"Malermeister Tschepp\" \/>\n<meta property=\"article:modified_time\" content=\"2026-03-17T20:52:14+00:00\" \/>\n<meta name=\"twitter:card\" content=\"summary_large_image\" \/>\n<meta name=\"twitter:label1\" content=\"Gesch\u00e4tzte Lesezeit\" \/>\n\t<meta name=\"twitter:data1\" content=\"2\u00a0Minuten\" \/>\n<script type=\"application\/ld+json\" class=\"yoast-schema-graph\">{\"@context\":\"https:\/\/schema.org\",\"@graph\":[{\"@type\":\"WebPage\",\"@id\":\"https:\/\/maler-tschepp.at\/\",\"url\":\"https:\/\/maler-tschepp.at\/\",\"name\":\"Home - Malermeister Tschepp\",\"isPartOf\":{\"@id\":\"https:\/\/maler-tschepp.at\/#website\"},\"datePublished\":\"2014-01-31T22:13:33+00:00\",\"dateModified\":\"2026-03-17T20:52:14+00:00\",\"breadcrumb\":{\"@id\":\"https:\/\/maler-tschepp.at\/#breadcrumb\"},\"inLanguage\":\"de\",\"potentialAction\":[{\"@type\":\"ReadAction\",\"target\":[\"https:\/\/maler-tschepp.at\/\"]}]},{\"@type\":\"BreadcrumbList\",\"@id\":\"https:\/\/maler-tschepp.at\/#breadcrumb\",\"itemListElement\":[{\"@type\":\"ListItem\",\"position\":1,\"name\":\"Start\",\"item\":\"https:\/\/maler-tschepp.at\/\"},{\"@type\":\"ListItem\",\"position\":2,\"name\":\"Home\"}]},{\"@type\":\"WebSite\",\"@id\":\"https:\/\/maler-tschepp.at\/#website\",\"url\":\"https:\/\/maler-tschepp.at\/\",\"name\":\"Malermeister Tschepp\",\"description\":\"\",\"publisher\":{\"@id\":\"https:\/\/maler-tschepp.at\/#organization\"},\"potentialAction\":[{\"@type\":\"SearchAction\",\"target\":{\"@type\":\"EntryPoint\",\"urlTemplate\":\"https:\/\/maler-tschepp.at\/?s={search_term_string}\"},\"query-input\":{\"@type\":\"PropertyValueSpecification\",\"valueRequired\":true,\"valueName\":\"search_term_string\"}}],\"inLanguage\":\"de\"},{\"@type\":\"Organization\",\"@id\":\"https:\/\/maler-tschepp.at\/#organization\",\"name\":\"Malermeister Tschepp\",\"url\":\"https:\/\/maler-tschepp.at\/\",\"logo\":{\"@type\":\"ImageObject\",\"inLanguage\":\"de\",\"@id\":\"https:\/\/maler-tschepp.at\/#\/schema\/logo\/image\/\",\"url\":\"https:\/\/maler-tschepp.at\/wp-content\/uploads\/2026\/03\/LOGO_WT1.jpg\",\"contentUrl\":\"https:\/\/maler-tschepp.at\/wp-content\/uploads\/2026\/03\/LOGO_WT1.jpg\",\"width\":529,\"height\":317,\"caption\":\"Malermeister Tschepp\"},\"image\":{\"@id\":\"https:\/\/maler-tschepp.at\/#\/schema\/logo\/image\/\"}}]}<\/script>\n<!-- \/ Yoast SEO plugin. -->","yoast_head_json":{"title":"Home - Malermeister Tschepp","robots":{"index":"index","follow":"follow","max-snippet":"max-snippet:-1","max-image-preview":"max-image-preview:large","max-video-preview":"max-video-preview:-1"},"canonical":"https:\/\/maler-tschepp.at\/","og_locale":"de_DE","og_type":"article","og_title":"Home - Malermeister Tschepp","og_description":"\u00a0 ERFAHRUNG MACHT DEN UNTERSCHIED &#8230; seit 40 Jahren\u00a0 \u00a0 Frische Optik f\u00fcr Ihr Geb\u00e4udeContinue ReadingHome","og_url":"https:\/\/maler-tschepp.at\/","og_site_name":"Malermeister Tschepp","article_modified_time":"2026-03-17T20:52:14+00:00","twitter_card":"summary_large_image","twitter_misc":{"Gesch\u00e4tzte Lesezeit":"2\u00a0Minuten"},"schema":{"@context":"https:\/\/schema.org","@graph":[{"@type":"WebPage","@id":"https:\/\/maler-tschepp.at\/","url":"https:\/\/maler-tschepp.at\/","name":"Home - Malermeister Tschepp","isPartOf":{"@id":"https:\/\/maler-tschepp.at\/#website"},"datePublished":"2014-01-31T22:13:33+00:00","dateModified":"2026-03-17T20:52:14+00:00","breadcrumb":{"@id":"https:\/\/maler-tschepp.at\/#breadcrumb"},"inLanguage":"de","potentialAction":[{"@type":"ReadAction","target":["https:\/\/maler-tschepp.at\/"]}]},{"@type":"BreadcrumbList","@id":"https:\/\/maler-tschepp.at\/#breadcrumb","itemListElement":[{"@type":"ListItem","position":1,"name":"Start","item":"https:\/\/maler-tschepp.at\/"},{"@type":"ListItem","position":2,"name":"Home"}]},{"@type":"WebSite","@id":"https:\/\/maler-tschepp.at\/#website","url":"https:\/\/maler-tschepp.at\/","name":"Malermeister Tschepp","description":"","publisher":{"@id":"https:\/\/maler-tschepp.at\/#organization"},"potentialAction":[{"@type":"SearchAction","target":{"@type":"EntryPoint","urlTemplate":"https:\/\/maler-tschepp.at\/?s={search_term_string}"},"query-input":{"@type":"PropertyValueSpecification","valueRequired":true,"valueName":"search_term_string"}}],"inLanguage":"de"},{"@type":"Organization","@id":"https:\/\/maler-tschepp.at\/#organization","name":"Malermeister Tschepp","url":"https:\/\/maler-tschepp.at\/","logo":{"@type":"ImageObject","inLanguage":"de","@id":"https:\/\/maler-tschepp.at\/#\/schema\/logo\/image\/","url":"https:\/\/maler-tschepp.at\/wp-content\/uploads\/2026\/03\/LOGO_WT1.jpg","contentUrl":"https:\/\/maler-tschepp.at\/wp-content\/uploads\/2026\/03\/LOGO_WT1.jpg","width":529,"height":317,"caption":"Malermeister Tschepp"},"image":{"@id":"https:\/\/maler-tschepp.at\/#\/schema\/logo\/image\/"}}]}},"_links":{"self":[{"href":"https:\/\/maler-tschepp.at\/index.php\/wp-json\/wp\/v2\/pages\/3901","targetHints":{"allow":["GET"]}}],"collection":[{"href":"https:\/\/maler-tschepp.at\/index.php\/wp-json\/wp\/v2\/pages"}],"about":[{"href":"https:\/\/maler-tschepp.at\/index.php\/wp-json\/wp\/v2\/types\/page"}],"author":[{"embeddable":true,"href":"https:\/\/maler-tschepp.at\/index.php\/wp-json\/wp\/v2\/users\/1"}],"replies":[{"embeddable":true,"href":"https:\/\/maler-tschepp.at\/index.php\/wp-json\/wp\/v2\/comments?post=3901"}],"version-history":[{"count":1,"href":"https:\/\/maler-tschepp.at\/index.php\/wp-json\/wp\/v2\/pages\/3901\/revisions"}],"predecessor-version":[{"id":7758,"href":"https:\/\/maler-tschepp.at\/index.php\/wp-json\/wp\/v2\/pages\/3901\/revisions\/7758"}],"wp:attachment":[{"href":"https:\/\/maler-tschepp.at\/index.php\/wp-json\/wp\/v2\/media?parent=3901"}],"curies":[{"name":"wp","href":"https:\/\/api.w.org\/{rel}","templated":true}]}}