{"id":364,"date":"2015-04-17T12:18:37","date_gmt":"2015-04-17T10:18:37","guid":{"rendered":"http:\/\/www.maler-tschepp.at\/?page_id=364"},"modified":"2015-04-17T12:18:37","modified_gmt":"2015-04-17T10:18:37","slug":"historische-wandmalerei","status":"publish","type":"page","link":"https:\/\/maler-tschepp.at\/index.php\/historische-wandmalerei\/","title":{"rendered":"Historische Wandmalerei"},"content":{"rendered":"<blockquote>\n<figure id=\"attachment_215\" aria-describedby=\"caption-attachment-215\" style=\"width: 362px\" class=\"wp-caption alignleft\"><img loading=\"lazy\" decoding=\"async\" class=\" wp-image-215   \" alt=\"HISTORISCHE DECKENMALEREI\" src=\"https:\/\/clever-varahamihira.194-56-190-71.plesk.page\/wordpress\/wp-content\/uploads\/Hist.-Deckenmalerei-914x1024.jpg\" width=\"362\" height=\"405\" \/><figcaption id=\"caption-attachment-215\" class=\"wp-caption-text\"><\/span><\/a><\/span> <span style=\"color: #000000;\">HISTORISCHE DECKENMALEREI<\/span><\/figcaption><\/figure>\n<p><span style=\"color: #000000;\"><strong>Wand- und Deckengestaltung<\/strong><\/span><\/p><\/blockquote>\n<p style=\"text-align: justify;\"><span style=\"color: #000000;\">Wir sind Spezialist f\u00fcr besondere Maltechniken, welche eine gro\u00dfe Sorgfalt und h\u00f6chstes Know-how erforderlich machen.<\/span><\/p>\n<p style=\"text-align: justify;\"><span style=\"color: #000000;\">Stil hat bei uns einen hohen Stellenwert und Moderne Techniken haben wir laufend weiterentwickelt.\u00a0Mit unterschiedlichen Arbeitstechniken, wie mit Schablone in Kalk, Leim und Kaseintechnik, bieten wir Ihnen pr\u00e4zise Ausf\u00fchrung dekorativer Wandmalerei auf h\u00f6chsten Niveau und schaffen damit eine luxuri\u00f6ses Ambiente.<\/span><\/p>\n<p style=\"text-align: justify;\"><span style=\"color: #000000;\">Lassen Sie sich von unserer Malerkunst inspirieren, wir verwirklichen gerne Ihre individuellen W\u00fcnsche und Vorgaben.<\/span><\/p>\n<p style=\"text-align: justify;\"><span style=\"color: #000000;\">Erfahren Sie dazu mehr unter &gt;<span style=\"text-decoration: underline;\"><strong><a title=\"Spezialisierung\" href=\"https:\/\/clever-varahamihira.194-56-190-71.plesk.page\/spezialisierung\/\"><span style=\"color: #000000; text-decoration: underline;\">Spezialisierung<\/span><\/a><\/strong><\/span><\/span><\/p>\n","protected":false},"excerpt":{"rendered":"<p>Wand- und Deckengestaltung Wir sind Spezialist f\u00fcr besondere Maltechniken, welche eine gro\u00dfe Sorgfalt und h\u00f6chstes<\/p>\n<div class=\"continue-reading-blog\"><a href=\"https:\/\/maler-tschepp.at\/index.php\/historische-wandmalerei\/\" class=\"more-link\">Continue Reading<i class=\"fa fa-long-arrow-right\"><\/i><span class=\"screen-reader-text\">Historische Wandmalerei<\/span><\/a><\/div>\n","protected":false},"author":1,"featured_media":0,"parent":0,"menu_order":0,"comment_status":"closed","ping_status":"closed","template":"","meta":{"footnotes":""},"class_list":["post-364","page","type-page","status-publish","hentry"],"yoast_head":"<!-- This site is optimized with the Yoast SEO plugin v27.1.1 - https:\/\/yoast.com\/product\/yoast-seo-wordpress\/ -->\n<title>Historische Wandmalerei - Malermeister Tschepp<\/title>\n<meta name=\"robots\" content=\"index, follow, max-snippet:-1, max-image-preview:large, max-video-preview:-1\" \/>\n<link rel=\"canonical\" href=\"https:\/\/maler-tschepp.at\/index.php\/historische-wandmalerei\/\" \/>\n<meta property=\"og:locale\" content=\"de_DE\" \/>\n<meta property=\"og:type\" content=\"article\" \/>\n<meta property=\"og:title\" content=\"Historische Wandmalerei - Malermeister Tschepp\" \/>\n<meta property=\"og:description\" content=\"Wand- und Deckengestaltung Wir sind Spezialist f\u00fcr besondere Maltechniken, welche eine gro\u00dfe Sorgfalt und h\u00f6chstesContinue ReadingHistorische Wandmalerei\" \/>\n<meta property=\"og:url\" content=\"https:\/\/maler-tschepp.at\/index.php\/historische-wandmalerei\/\" \/>\n<meta property=\"og:site_name\" content=\"Malermeister Tschepp\" \/>\n<meta property=\"og:image\" content=\"https:\/\/clever-varahamihira.194-56-190-71.plesk.page\/wordpress\/wp-content\/uploads\/Hist.-Deckenmalerei-914x1024.jpg\" \/>\n<meta name=\"twitter:card\" content=\"summary_large_image\" \/>\n<script type=\"application\/ld+json\" class=\"yoast-schema-graph\">{\"@context\":\"https:\/\/schema.org\",\"@graph\":[{\"@type\":\"WebPage\",\"@id\":\"https:\/\/maler-tschepp.at\/index.php\/historische-wandmalerei\/\",\"url\":\"https:\/\/maler-tschepp.at\/index.php\/historische-wandmalerei\/\",\"name\":\"Historische Wandmalerei - Malermeister Tschepp\",\"isPartOf\":{\"@id\":\"https:\/\/maler-tschepp.at\/#website\"},\"primaryImageOfPage\":{\"@id\":\"https:\/\/maler-tschepp.at\/index.php\/historische-wandmalerei\/#primaryimage\"},\"image\":{\"@id\":\"https:\/\/maler-tschepp.at\/index.php\/historische-wandmalerei\/#primaryimage\"},\"thumbnailUrl\":\"https:\/\/clever-varahamihira.194-56-190-71.plesk.page\/wordpress\/wp-content\/uploads\/Hist.-Deckenmalerei-914x1024.jpg\",\"datePublished\":\"2015-04-17T10:18:37+00:00\",\"breadcrumb\":{\"@id\":\"https:\/\/maler-tschepp.at\/index.php\/historische-wandmalerei\/#breadcrumb\"},\"inLanguage\":\"de\",\"potentialAction\":[{\"@type\":\"ReadAction\",\"target\":[\"https:\/\/maler-tschepp.at\/index.php\/historische-wandmalerei\/\"]}]},{\"@type\":\"ImageObject\",\"inLanguage\":\"de\",\"@id\":\"https:\/\/maler-tschepp.at\/index.php\/historische-wandmalerei\/#primaryimage\",\"url\":\"https:\/\/clever-varahamihira.194-56-190-71.plesk.page\/wordpress\/wp-content\/uploads\/Hist.-Deckenmalerei-914x1024.jpg\",\"contentUrl\":\"https:\/\/clever-varahamihira.194-56-190-71.plesk.page\/wordpress\/wp-content\/uploads\/Hist.-Deckenmalerei-914x1024.jpg\"},{\"@type\":\"BreadcrumbList\",\"@id\":\"https:\/\/maler-tschepp.at\/index.php\/historische-wandmalerei\/#breadcrumb\",\"itemListElement\":[{\"@type\":\"ListItem\",\"position\":1,\"name\":\"Start\",\"item\":\"https:\/\/maler-tschepp.at\/\"},{\"@type\":\"ListItem\",\"position\":2,\"name\":\"Historische Wandmalerei\"}]},{\"@type\":\"WebSite\",\"@id\":\"https:\/\/maler-tschepp.at\/#website\",\"url\":\"https:\/\/maler-tschepp.at\/\",\"name\":\"Malermeister Tschepp\",\"description\":\"\",\"publisher\":{\"@id\":\"https:\/\/maler-tschepp.at\/#organization\"},\"potentialAction\":[{\"@type\":\"SearchAction\",\"target\":{\"@type\":\"EntryPoint\",\"urlTemplate\":\"https:\/\/maler-tschepp.at\/?s={search_term_string}\"},\"query-input\":{\"@type\":\"PropertyValueSpecification\",\"valueRequired\":true,\"valueName\":\"search_term_string\"}}],\"inLanguage\":\"de\"},{\"@type\":\"Organization\",\"@id\":\"https:\/\/maler-tschepp.at\/#organization\",\"name\":\"Malermeister Tschepp\",\"url\":\"https:\/\/maler-tschepp.at\/\",\"logo\":{\"@type\":\"ImageObject\",\"inLanguage\":\"de\",\"@id\":\"https:\/\/maler-tschepp.at\/#\/schema\/logo\/image\/\",\"url\":\"https:\/\/maler-tschepp.at\/wp-content\/uploads\/2026\/03\/LOGO_WT1.jpg\",\"contentUrl\":\"https:\/\/maler-tschepp.at\/wp-content\/uploads\/2026\/03\/LOGO_WT1.jpg\",\"width\":529,\"height\":317,\"caption\":\"Malermeister Tschepp\"},\"image\":{\"@id\":\"https:\/\/maler-tschepp.at\/#\/schema\/logo\/image\/\"}}]}<\/script>\n<!-- \/ Yoast SEO plugin. -->","yoast_head_json":{"title":"Historische Wandmalerei - Malermeister Tschepp","robots":{"index":"index","follow":"follow","max-snippet":"max-snippet:-1","max-image-preview":"max-image-preview:large","max-video-preview":"max-video-preview:-1"},"canonical":"https:\/\/maler-tschepp.at\/index.php\/historische-wandmalerei\/","og_locale":"de_DE","og_type":"article","og_title":"Historische Wandmalerei - Malermeister Tschepp","og_description":"Wand- und Deckengestaltung Wir sind Spezialist f\u00fcr besondere Maltechniken, welche eine gro\u00dfe Sorgfalt und h\u00f6chstesContinue ReadingHistorische Wandmalerei","og_url":"https:\/\/maler-tschepp.at\/index.php\/historische-wandmalerei\/","og_site_name":"Malermeister Tschepp","og_image":[{"url":"https:\/\/clever-varahamihira.194-56-190-71.plesk.page\/wordpress\/wp-content\/uploads\/Hist.-Deckenmalerei-914x1024.jpg","type":"","width":"","height":""}],"twitter_card":"summary_large_image","schema":{"@context":"https:\/\/schema.org","@graph":[{"@type":"WebPage","@id":"https:\/\/maler-tschepp.at\/index.php\/historische-wandmalerei\/","url":"https:\/\/maler-tschepp.at\/index.php\/historische-wandmalerei\/","name":"Historische Wandmalerei - Malermeister Tschepp","isPartOf":{"@id":"https:\/\/maler-tschepp.at\/#website"},"primaryImageOfPage":{"@id":"https:\/\/maler-tschepp.at\/index.php\/historische-wandmalerei\/#primaryimage"},"image":{"@id":"https:\/\/maler-tschepp.at\/index.php\/historische-wandmalerei\/#primaryimage"},"thumbnailUrl":"https:\/\/clever-varahamihira.194-56-190-71.plesk.page\/wordpress\/wp-content\/uploads\/Hist.-Deckenmalerei-914x1024.jpg","datePublished":"2015-04-17T10:18:37+00:00","breadcrumb":{"@id":"https:\/\/maler-tschepp.at\/index.php\/historische-wandmalerei\/#breadcrumb"},"inLanguage":"de","potentialAction":[{"@type":"ReadAction","target":["https:\/\/maler-tschepp.at\/index.php\/historische-wandmalerei\/"]}]},{"@type":"ImageObject","inLanguage":"de","@id":"https:\/\/maler-tschepp.at\/index.php\/historische-wandmalerei\/#primaryimage","url":"https:\/\/clever-varahamihira.194-56-190-71.plesk.page\/wordpress\/wp-content\/uploads\/Hist.-Deckenmalerei-914x1024.jpg","contentUrl":"https:\/\/clever-varahamihira.194-56-190-71.plesk.page\/wordpress\/wp-content\/uploads\/Hist.-Deckenmalerei-914x1024.jpg"},{"@type":"BreadcrumbList","@id":"https:\/\/maler-tschepp.at\/index.php\/historische-wandmalerei\/#breadcrumb","itemListElement":[{"@type":"ListItem","position":1,"name":"Start","item":"https:\/\/maler-tschepp.at\/"},{"@type":"ListItem","position":2,"name":"Historische Wandmalerei"}]},{"@type":"WebSite","@id":"https:\/\/maler-tschepp.at\/#website","url":"https:\/\/maler-tschepp.at\/","name":"Malermeister Tschepp","description":"","publisher":{"@id":"https:\/\/maler-tschepp.at\/#organization"},"potentialAction":[{"@type":"SearchAction","target":{"@type":"EntryPoint","urlTemplate":"https:\/\/maler-tschepp.at\/?s={search_term_string}"},"query-input":{"@type":"PropertyValueSpecification","valueRequired":true,"valueName":"search_term_string"}}],"inLanguage":"de"},{"@type":"Organization","@id":"https:\/\/maler-tschepp.at\/#organization","name":"Malermeister Tschepp","url":"https:\/\/maler-tschepp.at\/","logo":{"@type":"ImageObject","inLanguage":"de","@id":"https:\/\/maler-tschepp.at\/#\/schema\/logo\/image\/","url":"https:\/\/maler-tschepp.at\/wp-content\/uploads\/2026\/03\/LOGO_WT1.jpg","contentUrl":"https:\/\/maler-tschepp.at\/wp-content\/uploads\/2026\/03\/LOGO_WT1.jpg","width":529,"height":317,"caption":"Malermeister Tschepp"},"image":{"@id":"https:\/\/maler-tschepp.at\/#\/schema\/logo\/image\/"}}]}},"_links":{"self":[{"href":"https:\/\/maler-tschepp.at\/index.php\/wp-json\/wp\/v2\/pages\/364","targetHints":{"allow":["GET"]}}],"collection":[{"href":"https:\/\/maler-tschepp.at\/index.php\/wp-json\/wp\/v2\/pages"}],"about":[{"href":"https:\/\/maler-tschepp.at\/index.php\/wp-json\/wp\/v2\/types\/page"}],"author":[{"embeddable":true,"href":"https:\/\/maler-tschepp.at\/index.php\/wp-json\/wp\/v2\/users\/1"}],"replies":[{"embeddable":true,"href":"https:\/\/maler-tschepp.at\/index.php\/wp-json\/wp\/v2\/comments?post=364"}],"version-history":[{"count":0,"href":"https:\/\/maler-tschepp.at\/index.php\/wp-json\/wp\/v2\/pages\/364\/revisions"}],"wp:attachment":[{"href":"https:\/\/maler-tschepp.at\/index.php\/wp-json\/wp\/v2\/media?parent=364"}],"curies":[{"name":"wp","href":"https:\/\/api.w.org\/{rel}","templated":true}]}}