{"id":353,"date":"2015-04-17T12:06:14","date_gmt":"2015-04-17T10:06:14","guid":{"rendered":"http:\/\/www.maler-tschepp.at\/?page_id=353"},"modified":"2015-04-17T12:06:14","modified_gmt":"2015-04-17T10:06:14","slug":"stuccolustro","status":"publish","type":"page","link":"https:\/\/maler-tschepp.at\/index.php\/stuccolustro\/","title":{"rendered":"Stuccolustro"},"content":{"rendered":"<blockquote><p><strong><a href=\"https:\/\/clever-varahamihira.194-56-190-71.plesk.page\/wordpress\/wp-content\/uploads\/Stuccolustro-Bad-Design.jpg\"><img loading=\"lazy\" decoding=\"async\" class=\"wp-image-4038 alignleft\" alt=\"Stuccolustro Bad Design\" src=\"https:\/\/clever-varahamihira.194-56-190-71.plesk.page\/wordpress\/wp-content\/uploads\/Stuccolustro-Bad-Design.jpg\" width=\"472\" height=\"393\" \/><\/a><span style=\"color: #000000;\">Gl\u00e4ttetechnik<\/span><\/strong><\/p><\/blockquote>\n<p style=\"text-align: justify;\"><span style=\"color: #000000;\">Besonderes Augenmerk liegt bei dieser Maltechnik an der glanzvollen Oberfl\u00e4che. Mit einer zwei Komponenten Gl\u00e4ttetechnik schaffen wir eine besondere Brillanz durch einer glatten, gl\u00e4nzenden Oberfl\u00e4che, welche einer fein polierten Marmorstruktur \u00e4hnelt und\u00a0 durch die unterschiedlichen Lichteinfl\u00fcsse lebendig wirkt.<\/span><\/p>\n<p style=\"text-align: justify;\"><span style=\"color: #000000;\">Ob in einer Bar oder in Empfangsr\u00e4umen, mit Stuccolustro\u00a0 schaffen wir ganz nach Ihren Vorstellungen ein exquisites Design welches seine Wirkung auf G\u00e4ste nicht verfehlt.<\/span><\/p>\n<p style=\"text-align: justify;\"><span style=\"color: #000000;\">Diese Wandgestaltung eignet sich auch ideal im Nassbereich in K\u00fcche oder Bad, da eine Wachspolitur die Oberfl\u00e4che wasserundurchl\u00e4ssig macht.<\/span><br \/>\n<span style=\"color: #000000;\"> Wir stehen Ihnen gerne beratend zur Seite und setzen Ihre Visionen fachm\u00e4nnisch um.<\/span><\/p>\n<p style=\"text-align: justify;\">\n","protected":false},"excerpt":{"rendered":"<p>Gl\u00e4ttetechnik Besonderes Augenmerk liegt bei dieser Maltechnik an der glanzvollen Oberfl\u00e4che. Mit einer zwei Komponenten<\/p>\n<div class=\"continue-reading-blog\"><a href=\"https:\/\/maler-tschepp.at\/index.php\/stuccolustro\/\" class=\"more-link\">Continue Reading<i class=\"fa fa-long-arrow-right\"><\/i><span class=\"screen-reader-text\">Stuccolustro<\/span><\/a><\/div>\n","protected":false},"author":1,"featured_media":0,"parent":0,"menu_order":0,"comment_status":"closed","ping_status":"closed","template":"","meta":{"footnotes":""},"class_list":["post-353","page","type-page","status-publish","hentry"],"yoast_head":"<!-- This site is optimized with the Yoast SEO plugin v27.1.1 - https:\/\/yoast.com\/product\/yoast-seo-wordpress\/ -->\n<title>Stuccolustro - Malermeister Tschepp<\/title>\n<meta name=\"robots\" content=\"index, follow, max-snippet:-1, max-image-preview:large, max-video-preview:-1\" \/>\n<link rel=\"canonical\" href=\"https:\/\/maler-tschepp.at\/index.php\/stuccolustro\/\" \/>\n<meta property=\"og:locale\" content=\"de_DE\" \/>\n<meta property=\"og:type\" content=\"article\" \/>\n<meta property=\"og:title\" content=\"Stuccolustro - Malermeister Tschepp\" \/>\n<meta property=\"og:description\" content=\"Gl\u00e4ttetechnik Besonderes Augenmerk liegt bei dieser Maltechnik an der glanzvollen Oberfl\u00e4che. Mit einer zwei KomponentenContinue ReadingStuccolustro\" \/>\n<meta property=\"og:url\" content=\"https:\/\/maler-tschepp.at\/index.php\/stuccolustro\/\" \/>\n<meta property=\"og:site_name\" content=\"Malermeister Tschepp\" \/>\n<meta property=\"og:image\" content=\"https:\/\/clever-varahamihira.194-56-190-71.plesk.page\/wordpress\/wp-content\/uploads\/Stuccolustro-Bad-Design.jpg\" \/>\n<meta name=\"twitter:card\" content=\"summary_large_image\" \/>\n<meta name=\"twitter:label1\" content=\"Gesch\u00e4tzte Lesezeit\" \/>\n\t<meta name=\"twitter:data1\" content=\"1\u00a0Minute\" \/>\n<script type=\"application\/ld+json\" class=\"yoast-schema-graph\">{\"@context\":\"https:\/\/schema.org\",\"@graph\":[{\"@type\":\"WebPage\",\"@id\":\"https:\/\/maler-tschepp.at\/index.php\/stuccolustro\/\",\"url\":\"https:\/\/maler-tschepp.at\/index.php\/stuccolustro\/\",\"name\":\"Stuccolustro - Malermeister Tschepp\",\"isPartOf\":{\"@id\":\"https:\/\/maler-tschepp.at\/#website\"},\"primaryImageOfPage\":{\"@id\":\"https:\/\/maler-tschepp.at\/index.php\/stuccolustro\/#primaryimage\"},\"image\":{\"@id\":\"https:\/\/maler-tschepp.at\/index.php\/stuccolustro\/#primaryimage\"},\"thumbnailUrl\":\"https:\/\/clever-varahamihira.194-56-190-71.plesk.page\/wordpress\/wp-content\/uploads\/Stuccolustro-Bad-Design.jpg\",\"datePublished\":\"2015-04-17T10:06:14+00:00\",\"breadcrumb\":{\"@id\":\"https:\/\/maler-tschepp.at\/index.php\/stuccolustro\/#breadcrumb\"},\"inLanguage\":\"de\",\"potentialAction\":[{\"@type\":\"ReadAction\",\"target\":[\"https:\/\/maler-tschepp.at\/index.php\/stuccolustro\/\"]}]},{\"@type\":\"ImageObject\",\"inLanguage\":\"de\",\"@id\":\"https:\/\/maler-tschepp.at\/index.php\/stuccolustro\/#primaryimage\",\"url\":\"https:\/\/clever-varahamihira.194-56-190-71.plesk.page\/wordpress\/wp-content\/uploads\/Stuccolustro-Bad-Design.jpg\",\"contentUrl\":\"https:\/\/clever-varahamihira.194-56-190-71.plesk.page\/wordpress\/wp-content\/uploads\/Stuccolustro-Bad-Design.jpg\"},{\"@type\":\"BreadcrumbList\",\"@id\":\"https:\/\/maler-tschepp.at\/index.php\/stuccolustro\/#breadcrumb\",\"itemListElement\":[{\"@type\":\"ListItem\",\"position\":1,\"name\":\"Start\",\"item\":\"https:\/\/maler-tschepp.at\/\"},{\"@type\":\"ListItem\",\"position\":2,\"name\":\"Stuccolustro\"}]},{\"@type\":\"WebSite\",\"@id\":\"https:\/\/maler-tschepp.at\/#website\",\"url\":\"https:\/\/maler-tschepp.at\/\",\"name\":\"Malermeister Tschepp\",\"description\":\"\",\"publisher\":{\"@id\":\"https:\/\/maler-tschepp.at\/#organization\"},\"potentialAction\":[{\"@type\":\"SearchAction\",\"target\":{\"@type\":\"EntryPoint\",\"urlTemplate\":\"https:\/\/maler-tschepp.at\/?s={search_term_string}\"},\"query-input\":{\"@type\":\"PropertyValueSpecification\",\"valueRequired\":true,\"valueName\":\"search_term_string\"}}],\"inLanguage\":\"de\"},{\"@type\":\"Organization\",\"@id\":\"https:\/\/maler-tschepp.at\/#organization\",\"name\":\"Malermeister Tschepp\",\"url\":\"https:\/\/maler-tschepp.at\/\",\"logo\":{\"@type\":\"ImageObject\",\"inLanguage\":\"de\",\"@id\":\"https:\/\/maler-tschepp.at\/#\/schema\/logo\/image\/\",\"url\":\"https:\/\/maler-tschepp.at\/wp-content\/uploads\/2026\/03\/LOGO_WT1.jpg\",\"contentUrl\":\"https:\/\/maler-tschepp.at\/wp-content\/uploads\/2026\/03\/LOGO_WT1.jpg\",\"width\":529,\"height\":317,\"caption\":\"Malermeister Tschepp\"},\"image\":{\"@id\":\"https:\/\/maler-tschepp.at\/#\/schema\/logo\/image\/\"}}]}<\/script>\n<!-- \/ Yoast SEO plugin. -->","yoast_head_json":{"title":"Stuccolustro - Malermeister Tschepp","robots":{"index":"index","follow":"follow","max-snippet":"max-snippet:-1","max-image-preview":"max-image-preview:large","max-video-preview":"max-video-preview:-1"},"canonical":"https:\/\/maler-tschepp.at\/index.php\/stuccolustro\/","og_locale":"de_DE","og_type":"article","og_title":"Stuccolustro - Malermeister Tschepp","og_description":"Gl\u00e4ttetechnik Besonderes Augenmerk liegt bei dieser Maltechnik an der glanzvollen Oberfl\u00e4che. Mit einer zwei KomponentenContinue ReadingStuccolustro","og_url":"https:\/\/maler-tschepp.at\/index.php\/stuccolustro\/","og_site_name":"Malermeister Tschepp","og_image":[{"url":"https:\/\/clever-varahamihira.194-56-190-71.plesk.page\/wordpress\/wp-content\/uploads\/Stuccolustro-Bad-Design.jpg","type":"","width":"","height":""}],"twitter_card":"summary_large_image","twitter_misc":{"Gesch\u00e4tzte Lesezeit":"1\u00a0Minute"},"schema":{"@context":"https:\/\/schema.org","@graph":[{"@type":"WebPage","@id":"https:\/\/maler-tschepp.at\/index.php\/stuccolustro\/","url":"https:\/\/maler-tschepp.at\/index.php\/stuccolustro\/","name":"Stuccolustro - Malermeister Tschepp","isPartOf":{"@id":"https:\/\/maler-tschepp.at\/#website"},"primaryImageOfPage":{"@id":"https:\/\/maler-tschepp.at\/index.php\/stuccolustro\/#primaryimage"},"image":{"@id":"https:\/\/maler-tschepp.at\/index.php\/stuccolustro\/#primaryimage"},"thumbnailUrl":"https:\/\/clever-varahamihira.194-56-190-71.plesk.page\/wordpress\/wp-content\/uploads\/Stuccolustro-Bad-Design.jpg","datePublished":"2015-04-17T10:06:14+00:00","breadcrumb":{"@id":"https:\/\/maler-tschepp.at\/index.php\/stuccolustro\/#breadcrumb"},"inLanguage":"de","potentialAction":[{"@type":"ReadAction","target":["https:\/\/maler-tschepp.at\/index.php\/stuccolustro\/"]}]},{"@type":"ImageObject","inLanguage":"de","@id":"https:\/\/maler-tschepp.at\/index.php\/stuccolustro\/#primaryimage","url":"https:\/\/clever-varahamihira.194-56-190-71.plesk.page\/wordpress\/wp-content\/uploads\/Stuccolustro-Bad-Design.jpg","contentUrl":"https:\/\/clever-varahamihira.194-56-190-71.plesk.page\/wordpress\/wp-content\/uploads\/Stuccolustro-Bad-Design.jpg"},{"@type":"BreadcrumbList","@id":"https:\/\/maler-tschepp.at\/index.php\/stuccolustro\/#breadcrumb","itemListElement":[{"@type":"ListItem","position":1,"name":"Start","item":"https:\/\/maler-tschepp.at\/"},{"@type":"ListItem","position":2,"name":"Stuccolustro"}]},{"@type":"WebSite","@id":"https:\/\/maler-tschepp.at\/#website","url":"https:\/\/maler-tschepp.at\/","name":"Malermeister Tschepp","description":"","publisher":{"@id":"https:\/\/maler-tschepp.at\/#organization"},"potentialAction":[{"@type":"SearchAction","target":{"@type":"EntryPoint","urlTemplate":"https:\/\/maler-tschepp.at\/?s={search_term_string}"},"query-input":{"@type":"PropertyValueSpecification","valueRequired":true,"valueName":"search_term_string"}}],"inLanguage":"de"},{"@type":"Organization","@id":"https:\/\/maler-tschepp.at\/#organization","name":"Malermeister Tschepp","url":"https:\/\/maler-tschepp.at\/","logo":{"@type":"ImageObject","inLanguage":"de","@id":"https:\/\/maler-tschepp.at\/#\/schema\/logo\/image\/","url":"https:\/\/maler-tschepp.at\/wp-content\/uploads\/2026\/03\/LOGO_WT1.jpg","contentUrl":"https:\/\/maler-tschepp.at\/wp-content\/uploads\/2026\/03\/LOGO_WT1.jpg","width":529,"height":317,"caption":"Malermeister Tschepp"},"image":{"@id":"https:\/\/maler-tschepp.at\/#\/schema\/logo\/image\/"}}]}},"_links":{"self":[{"href":"https:\/\/maler-tschepp.at\/index.php\/wp-json\/wp\/v2\/pages\/353","targetHints":{"allow":["GET"]}}],"collection":[{"href":"https:\/\/maler-tschepp.at\/index.php\/wp-json\/wp\/v2\/pages"}],"about":[{"href":"https:\/\/maler-tschepp.at\/index.php\/wp-json\/wp\/v2\/types\/page"}],"author":[{"embeddable":true,"href":"https:\/\/maler-tschepp.at\/index.php\/wp-json\/wp\/v2\/users\/1"}],"replies":[{"embeddable":true,"href":"https:\/\/maler-tschepp.at\/index.php\/wp-json\/wp\/v2\/comments?post=353"}],"version-history":[{"count":0,"href":"https:\/\/maler-tschepp.at\/index.php\/wp-json\/wp\/v2\/pages\/353\/revisions"}],"wp:attachment":[{"href":"https:\/\/maler-tschepp.at\/index.php\/wp-json\/wp\/v2\/media?parent=353"}],"curies":[{"name":"wp","href":"https:\/\/api.w.org\/{rel}","templated":true}]}}