{"id":3450,"date":"2015-06-04T19:17:37","date_gmt":"2015-06-04T17:17:37","guid":{"rendered":"http:\/\/www.maler-tschepp.at\/?page_id=3450"},"modified":"2015-06-04T19:17:37","modified_gmt":"2015-06-04T17:17:37","slug":"graffiti-entfernung-3","status":"publish","type":"page","link":"https:\/\/maler-tschepp.at\/index.php\/graffiti-entfernung-3\/","title":{"rendered":"Graffiti Entfernung"},"content":{"rendered":"<script type=\"text\/javascript\">\r\ndocument.addEventListener(\"DOMContentLoaded\", function(event) { \r\n\tjQuery( '#slider-pro-3-3452' ).sliderPro({\r\n\t\t\/\/width\r\n\t\t\t\twidth: 1000,\r\n\t\t\t\t\r\n\t\t\/\/height\r\n\t\t\t\theight: 500,\r\n\t\t\t\t\r\n\t\t\/\/auto play\r\n\t\t\t\tautoplay:  true,\r\n\t\tautoplayOnHover: 'none',\r\n\t\t\t\t\t\t\t\tautoplayDelay: 5000,\r\n\t\t\r\n\t\t\r\n\t\tarrows: true,\r\n\t\tbuttons: true,\r\n\t\tsmallSize: 500,\r\n\t\tmediumSize: 1000,\r\n\t\tlargeSize: 3000,\r\n\t\tfade: true,\r\n\t\t\r\n\t\t\/\/thumbnail\r\n\t\tthumbnailArrows: true,\r\n\t\tthumbnailWidth: 120,\r\n\t\tthumbnailHeight: 120,\r\n\t\t\t\t\t\tthumbnailsPosition: 'bottom',\r\n\t\t\t\t\t\tcenterImage: true,\r\n\t\timageScaleMode: 'cover',\r\n\t\tallowScaleUp: true,\r\n\t\t\t\tstartSlide: 0,\r\n\t\tloop: true,\r\n\t\tslideDistance: 5,\r\n\t\tautoplayDirection: 'normal',\r\n\t\ttouchSwipe: true,\r\n\t\tfullScreen: true,\r\n\t});\r\n});\r\n<\/script>\r\n\r\n<div id=\"uris-slider-title\">\r\n\t<h3 class=\"uris-slider-post-title\">Ihr Ansprechpartner f\u00fcr Graffiti-Beseitigung<\/h3>\r\n<\/div>\r\n <div class=\"slides-not-found\"><i class=\"fa fa-times-circle\"><\/i> No Slide Found In Slider.<\/div> \n<p style=\"text-align: right;\"><span style=\"color: #ffffff;\"><strong>GRAFFITI BESEITIGUNG<\/strong><\/span><\/p>\n<p style=\"text-align: right;\"><span style=\"color: #ffffff;\"><strong>&#8230; OHNE KOMBROMISS!<\/strong><\/span><\/p>\n<blockquote>\n<h3><span style=\"color: #ffffff;\">Graffiti &#8211; ein teures \u00c4rgernis<\/span><\/h3>\n<\/blockquote>\n<p style=\"text-align: justify;\"><span style=\"color: #000000;\">Das Ph\u00e4nomen Graffiti findet seinen Ursprung in New York und erreichte in den 80er Jahren Europa. Graffiti ist zum einen eine Kunstform am Rande der Legalit\u00e4t, zum anderen stellt Graffiti aber auch eine enorme Sachbesch\u00e4digung dar und wird zur Anzeige gebracht. Sprayer begehen neben der Sachbesch\u00e4digung durch das Betreten von Privatgrundst\u00fccken auch Hausfriedensbruch. Vermehrt kommt es immer wieder zu Graffiti-Delikten und frisch renovierte Fassaden werden Ziel von Graffiti-Sprayern, wo sie ihre illegalen Bemalungen anbringen. Die Motivation hierbei ist der Reiz und die Gefahr dabei entdeckt zu werden.<\/span><\/p>\n<p style=\"text-align: justify;\"><span style=\"color: #000000;\">Wir empfehlen das Auftragen einer graffitiabweisenden Schutzschicht und stehen Ihnen gerne mit unseren langj\u00e4hrigen Erfahrungswerten zur Verf\u00fcgung um die betroffene Hauswand, Garage oder Mauer professionell von Graffiti zu reinigen oder gegebenenfalls zu sanieren.<\/span><\/p>\n<p style=\"text-align: justify;\"><span style=\"color: #000000;\">[bscolumns class=&#8220;one_half&#8220;]<\/span><\/p>\n<blockquote><p><span style=\"color: #ffffff;\"><strong>Graffitischutz<\/strong><\/span><\/p><\/blockquote>\n<p style=\"text-align: justify;\"><span style=\"color: #000000;\">Dieser Schutzanstrich dient in erster Linie als Schutz vor Sch\u00e4digung der Materialoberfl\u00e4che, denn Graffiti schadet jeden Untergrund.<\/span><\/p>\n<p style=\"text-align: justify;\"><span style=\"color: #000000;\">Durch geeignete Beschichtung sowie Impr\u00e4gnierung k\u00f6nnen Objekte von \u201eGraffitikunst\u201c gesch\u00fctzt werden. Durch derartig behandelte Fl\u00e4chen wird das Eindringen von Graffiti in die Poren der Fassadenoberfl\u00e4che verringert und die Reinigung wesentlich erleichtert. Dieser Schutzfilm erm\u00f6glicht ein Reinigen bzw. Entfernen von Graffiti und Farbschmierereien ohne Besch\u00e4digung des Untergrundes. Einen 100%igen Schutz gibt es dennoch nicht. Gewisse Spr\u00fchlacke oder Farbstifte k\u00f6nnen graffitiabweisende Schutzschichten durchdringen. Sprayer benutzen \u00fcblicherweise Autolacke, welche einen hohen Anteil an L\u00f6sungsmittel auf Nitro-Basis enthalten. Dies birgt die Gefahr, dass Farbpigmente aus den L\u00f6sungsmitteln in die Tiefe des Baustoffes eindringen. Eine besonders dicht schlie\u00dfende Lackschicht bilden intensive Graffiti.<\/span><\/p>\n<p style=\"text-align: justify;\"><span style=\"color: #000000;\">[\/bscolumns][bscolumns class=&#8220;one_half_last_clear&#8220;]<\/span><\/p>\n<p>&nbsp;<\/p>\n<blockquote><p><span style=\"color: #ffffff;\"><strong>Entfernung von Graffitischmierereien<\/strong><\/span><\/p><\/blockquote>\n<p>&nbsp;<\/p>\n<p><span style=\"color: #000000;\">Bei Graffiti Entferung konzentrieren wir uns auf das Wesentliche: Graffiti m\u00fcssen r\u00fcckstandsfrei entfernt werden ohne die Bausubstanz zu besch\u00e4digen.<\/span><\/p>\n<p style=\"text-align: justify;\"><span style=\"color: #000000;\">Die restlose Beseitigung von h\u00e4sslichen Graffitis an W\u00e4nde und Fassaden h\u00e4ngt jedoch von der Art des Fassadenbaustoffes ab. Wir legen hierbei gro\u00dfen Wert auf substanzschonende Durchf\u00fchrung und wenden je nach Baumaterial unterschiedliche Verfahren zur Entfernung von Schmierereien an.\u00a0 Wir testen vorerst den Baustoff auf Vertr\u00e4glichkeit und entscheiden demnach die Reinigungsmethode. Wenn Sie von Graffitis betroffen sind, sollten Sie diese Schmierereien sofort entfernen lassen. Je l\u00e4nger eine Spr\u00fchfarbe auf der Fassade bleibt, desto mehr h\u00e4rtet diese aus und muss mit Spezialmittel entfernt werden. Kommen chemische Reinigungsmittel zum Einsatz, so legen wir gro\u00dfen Wert darauf, dass die eingesetzten Mittel biologisch Abbaubar sind.<\/span><\/p>\n<p style=\"text-align: justify;\"><span style=\"line-height: 1.5em; color: #000000;\">[\/bscolumns][bscolumns class=&#8220;clear&#8220;][\/bscolumns]<\/span><\/p>\n<p style=\"text-align: justify;\"><span style=\"color: #000000;\">Wenn Sie von Graffitis betroffen sind, sollten Sie die Farbschmierereien sofort beseitigen!\u00a0Das Reinigungsergebnis soll jedoch nicht nur einen Kompromiss darstellen.<\/span><\/p>\n<p style=\"text-align: justify;\"><span style=\"color: #000000;\">[bscolumns class=&#8220;one_fourth&#8220;]<\/span><\/p>\n<p style=\"text-align: justify;\"><span style=\"color: #000000;\">Bei unliebsamen Verzierungen Ihrer Fassade ist es jedenfalls ratsam, Hilfe vom Experten anzufordern.<\/span><\/p>\n<p style=\"text-align: justify;\"><span style=\"color: #000000;\">[\/bscolumns][bscolumns class=&#8220;one_fourth&#8220;]<\/span><\/p>\n<p style=\"text-align: justify;\"><span style=\"color: #000000;\">Wir garantieren Ihnen optimale und schnelle Graffiti-Entfernung und verf\u00fcgen \u00fcber ein umfassendes Know-how.<\/span><\/p>\n<p style=\"text-align: justify;\"><span style=\"color: #000000;\">[\/bscolumns][bscolumns class=&#8220;one_fourth&#8220;]<\/span><\/p>\n<p style=\"text-align: justify;\"><strong><span style=\"color: #000000;\">Z\u00f6gern Sie nicht, nehmen Sie kontakt zu uns auf.<\/span><\/strong><\/p>\n<p style=\"text-align: justify;\">[\/bscolumns][bscolumns class=&#8220;one_fourth_last&#8220;]<\/p>\n<h6><span style=\"color: #ffffff;\">Mobil: +43 (0)664 25 22 021<\/span><\/h6>\n<p style=\"text-align: justify;\">[\/bscolumns][bscolumns class=&#8220;clear&#8220;][\/bscolumns]<\/p>\n","protected":false},"excerpt":{"rendered":"<p>GRAFFITI BESEITIGUNG &#8230; OHNE KOMBROMISS! Graffiti &#8211; ein teures \u00c4rgernis Das Ph\u00e4nomen Graffiti findet seinen<\/p>\n<div class=\"continue-reading-blog\"><a href=\"https:\/\/maler-tschepp.at\/?p=3452\" class=\"more-link\">Continue Reading<i class=\"fa fa-long-arrow-right\"><\/i><span class=\"screen-reader-text\">Ihr Ansprechpartner f\u00fcr Graffiti-Beseitigung<\/span><\/a><\/div>\n","protected":false},"author":1,"featured_media":0,"parent":0,"menu_order":0,"comment_status":"closed","ping_status":"closed","template":"","meta":{"footnotes":""},"class_list":["post-3450","page","type-page","status-publish","hentry"],"yoast_head":"<!-- This site is optimized with the Yoast SEO plugin v27.1.1 - https:\/\/yoast.com\/product\/yoast-seo-wordpress\/ -->\n<title>Graffiti Entfernung - Malermeister Tschepp<\/title>\n<meta name=\"robots\" content=\"index, follow, max-snippet:-1, max-image-preview:large, max-video-preview:-1\" \/>\n<link rel=\"canonical\" href=\"https:\/\/maler-tschepp.at\/index.php\/graffiti-entfernung-3\/\" \/>\n<meta property=\"og:locale\" content=\"de_DE\" \/>\n<meta property=\"og:type\" content=\"article\" \/>\n<meta property=\"og:title\" content=\"Graffiti Entfernung - Malermeister Tschepp\" \/>\n<meta property=\"og:description\" content=\"GRAFFITI BESEITIGUNG &#8230; OHNE KOMBROMISS! Graffiti &#8211; ein teures \u00c4rgernis Das Ph\u00e4nomen Graffiti findet seinenContinue ReadingIhr Ansprechpartner f\u00fcr Graffiti-Beseitigung\" \/>\n<meta property=\"og:url\" content=\"https:\/\/maler-tschepp.at\/index.php\/graffiti-entfernung-3\/\" \/>\n<meta property=\"og:site_name\" content=\"Malermeister Tschepp\" \/>\n<meta name=\"twitter:card\" content=\"summary_large_image\" \/>\n<meta name=\"twitter:label1\" content=\"Gesch\u00e4tzte Lesezeit\" \/>\n\t<meta name=\"twitter:data1\" content=\"3\u00a0Minuten\" \/>\n<script type=\"application\/ld+json\" class=\"yoast-schema-graph\">{\"@context\":\"https:\/\/schema.org\",\"@graph\":[{\"@type\":\"WebPage\",\"@id\":\"https:\/\/maler-tschepp.at\/index.php\/graffiti-entfernung-3\/\",\"url\":\"https:\/\/maler-tschepp.at\/index.php\/graffiti-entfernung-3\/\",\"name\":\"Graffiti Entfernung - Malermeister Tschepp\",\"isPartOf\":{\"@id\":\"https:\/\/maler-tschepp.at\/#website\"},\"datePublished\":\"2015-06-04T17:17:37+00:00\",\"breadcrumb\":{\"@id\":\"https:\/\/maler-tschepp.at\/index.php\/graffiti-entfernung-3\/#breadcrumb\"},\"inLanguage\":\"de\",\"potentialAction\":[{\"@type\":\"ReadAction\",\"target\":[\"https:\/\/maler-tschepp.at\/index.php\/graffiti-entfernung-3\/\"]}]},{\"@type\":\"BreadcrumbList\",\"@id\":\"https:\/\/maler-tschepp.at\/index.php\/graffiti-entfernung-3\/#breadcrumb\",\"itemListElement\":[{\"@type\":\"ListItem\",\"position\":1,\"name\":\"Start\",\"item\":\"https:\/\/maler-tschepp.at\/\"},{\"@type\":\"ListItem\",\"position\":2,\"name\":\"Graffiti Entfernung\"}]},{\"@type\":\"WebSite\",\"@id\":\"https:\/\/maler-tschepp.at\/#website\",\"url\":\"https:\/\/maler-tschepp.at\/\",\"name\":\"Malermeister Tschepp\",\"description\":\"\",\"publisher\":{\"@id\":\"https:\/\/maler-tschepp.at\/#organization\"},\"potentialAction\":[{\"@type\":\"SearchAction\",\"target\":{\"@type\":\"EntryPoint\",\"urlTemplate\":\"https:\/\/maler-tschepp.at\/?s={search_term_string}\"},\"query-input\":{\"@type\":\"PropertyValueSpecification\",\"valueRequired\":true,\"valueName\":\"search_term_string\"}}],\"inLanguage\":\"de\"},{\"@type\":\"Organization\",\"@id\":\"https:\/\/maler-tschepp.at\/#organization\",\"name\":\"Malermeister Tschepp\",\"url\":\"https:\/\/maler-tschepp.at\/\",\"logo\":{\"@type\":\"ImageObject\",\"inLanguage\":\"de\",\"@id\":\"https:\/\/maler-tschepp.at\/#\/schema\/logo\/image\/\",\"url\":\"https:\/\/maler-tschepp.at\/wp-content\/uploads\/2026\/03\/LOGO_WT1.jpg\",\"contentUrl\":\"https:\/\/maler-tschepp.at\/wp-content\/uploads\/2026\/03\/LOGO_WT1.jpg\",\"width\":529,\"height\":317,\"caption\":\"Malermeister Tschepp\"},\"image\":{\"@id\":\"https:\/\/maler-tschepp.at\/#\/schema\/logo\/image\/\"}}]}<\/script>\n<!-- \/ Yoast SEO plugin. -->","yoast_head_json":{"title":"Graffiti Entfernung - Malermeister Tschepp","robots":{"index":"index","follow":"follow","max-snippet":"max-snippet:-1","max-image-preview":"max-image-preview:large","max-video-preview":"max-video-preview:-1"},"canonical":"https:\/\/maler-tschepp.at\/index.php\/graffiti-entfernung-3\/","og_locale":"de_DE","og_type":"article","og_title":"Graffiti Entfernung - Malermeister Tschepp","og_description":"GRAFFITI BESEITIGUNG &#8230; OHNE KOMBROMISS! Graffiti &#8211; ein teures \u00c4rgernis Das Ph\u00e4nomen Graffiti findet seinenContinue ReadingIhr Ansprechpartner f\u00fcr Graffiti-Beseitigung","og_url":"https:\/\/maler-tschepp.at\/index.php\/graffiti-entfernung-3\/","og_site_name":"Malermeister Tschepp","twitter_card":"summary_large_image","twitter_misc":{"Gesch\u00e4tzte Lesezeit":"3\u00a0Minuten"},"schema":{"@context":"https:\/\/schema.org","@graph":[{"@type":"WebPage","@id":"https:\/\/maler-tschepp.at\/index.php\/graffiti-entfernung-3\/","url":"https:\/\/maler-tschepp.at\/index.php\/graffiti-entfernung-3\/","name":"Graffiti Entfernung - Malermeister Tschepp","isPartOf":{"@id":"https:\/\/maler-tschepp.at\/#website"},"datePublished":"2015-06-04T17:17:37+00:00","breadcrumb":{"@id":"https:\/\/maler-tschepp.at\/index.php\/graffiti-entfernung-3\/#breadcrumb"},"inLanguage":"de","potentialAction":[{"@type":"ReadAction","target":["https:\/\/maler-tschepp.at\/index.php\/graffiti-entfernung-3\/"]}]},{"@type":"BreadcrumbList","@id":"https:\/\/maler-tschepp.at\/index.php\/graffiti-entfernung-3\/#breadcrumb","itemListElement":[{"@type":"ListItem","position":1,"name":"Start","item":"https:\/\/maler-tschepp.at\/"},{"@type":"ListItem","position":2,"name":"Graffiti Entfernung"}]},{"@type":"WebSite","@id":"https:\/\/maler-tschepp.at\/#website","url":"https:\/\/maler-tschepp.at\/","name":"Malermeister Tschepp","description":"","publisher":{"@id":"https:\/\/maler-tschepp.at\/#organization"},"potentialAction":[{"@type":"SearchAction","target":{"@type":"EntryPoint","urlTemplate":"https:\/\/maler-tschepp.at\/?s={search_term_string}"},"query-input":{"@type":"PropertyValueSpecification","valueRequired":true,"valueName":"search_term_string"}}],"inLanguage":"de"},{"@type":"Organization","@id":"https:\/\/maler-tschepp.at\/#organization","name":"Malermeister Tschepp","url":"https:\/\/maler-tschepp.at\/","logo":{"@type":"ImageObject","inLanguage":"de","@id":"https:\/\/maler-tschepp.at\/#\/schema\/logo\/image\/","url":"https:\/\/maler-tschepp.at\/wp-content\/uploads\/2026\/03\/LOGO_WT1.jpg","contentUrl":"https:\/\/maler-tschepp.at\/wp-content\/uploads\/2026\/03\/LOGO_WT1.jpg","width":529,"height":317,"caption":"Malermeister Tschepp"},"image":{"@id":"https:\/\/maler-tschepp.at\/#\/schema\/logo\/image\/"}}]}},"_links":{"self":[{"href":"https:\/\/maler-tschepp.at\/index.php\/wp-json\/wp\/v2\/pages\/3450","targetHints":{"allow":["GET"]}}],"collection":[{"href":"https:\/\/maler-tschepp.at\/index.php\/wp-json\/wp\/v2\/pages"}],"about":[{"href":"https:\/\/maler-tschepp.at\/index.php\/wp-json\/wp\/v2\/types\/page"}],"author":[{"embeddable":true,"href":"https:\/\/maler-tschepp.at\/index.php\/wp-json\/wp\/v2\/users\/1"}],"replies":[{"embeddable":true,"href":"https:\/\/maler-tschepp.at\/index.php\/wp-json\/wp\/v2\/comments?post=3450"}],"version-history":[{"count":0,"href":"https:\/\/maler-tschepp.at\/index.php\/wp-json\/wp\/v2\/pages\/3450\/revisions"}],"wp:attachment":[{"href":"https:\/\/maler-tschepp.at\/index.php\/wp-json\/wp\/v2\/media?parent=3450"}],"curies":[{"name":"wp","href":"https:\/\/api.w.org\/{rel}","templated":true}]}}