{"id":337,"date":"2015-04-17T11:43:41","date_gmt":"2015-04-17T09:43:41","guid":{"rendered":"http:\/\/www.maler-tschepp.at\/?page_id=337"},"modified":"2015-04-17T11:43:41","modified_gmt":"2015-04-17T09:43:41","slug":"oberflaechengestaltung","status":"publish","type":"page","link":"https:\/\/maler-tschepp.at\/index.php\/oberflaechengestaltung\/","title":{"rendered":"Oberfl\u00e4chengestaltung"},"content":{"rendered":"<figure id=\"attachment_600\" aria-describedby=\"caption-attachment-600\" style=\"width: 768px\" class=\"wp-caption alignleft\"><img loading=\"lazy\" decoding=\"async\" class=\" wp-image-600 \" alt=\"Oberfl\u00e4chengestaltung\" src=\"https:\/\/clever-varahamihira.194-56-190-71.plesk.page\/wordpress\/wp-content\/uploads\/Schachbrett1-1024x749.jpg\" width=\"768\" height=\"562\" \/><figcaption id=\"caption-attachment-600\" class=\"wp-caption-text\"><\/span><\/a><\/span> <span style=\"color: #000000;\">Oberfl\u00e4chengestaltung<\/span><\/figcaption><\/figure>\n<blockquote><p><span style=\"color: #000000;\"><strong>Oberfl\u00e4chendesign<\/strong><\/span><\/p><\/blockquote>\n<p style=\"text-align: justify;\"><span style=\"color: #000000;\">Wir gestalten Oberfl\u00e4chendesigns ganz nach Ihren individuellen W\u00fcnschen und realisieren Ihre Vorstellungen. Hierbei erstellen wir neue Oberfl\u00e4chen durch farbige Beschichtungen.<\/span><\/p>\n<p style=\"text-align: justify;\"><span style=\"color: #000000;\">Wir verwenden umweltfreundliche Materialien auf Wasserbasis und lassen auch alte St\u00fccke wieder neu aufleben.<\/span><\/p>\n<p style=\"text-align: justify;\"><span style=\"color: #000000;\">Wir liefern Ihnen gerne ein besonderes Design und kreative Ideen f\u00fcr au\u00dfergew\u00f6hnliche Tischgestaltung.<\/span><\/p>\n","protected":false},"excerpt":{"rendered":"<p>Oberfl\u00e4chendesign Wir gestalten Oberfl\u00e4chendesigns ganz nach Ihren individuellen W\u00fcnschen und realisieren Ihre Vorstellungen. Hierbei erstellen<\/p>\n<div class=\"continue-reading-blog\"><a href=\"https:\/\/maler-tschepp.at\/index.php\/oberflaechengestaltung\/\" class=\"more-link\">Continue Reading<i class=\"fa fa-long-arrow-right\"><\/i><span class=\"screen-reader-text\">Oberfl\u00e4chengestaltung<\/span><\/a><\/div>\n","protected":false},"author":1,"featured_media":0,"parent":0,"menu_order":0,"comment_status":"closed","ping_status":"closed","template":"","meta":{"footnotes":""},"class_list":["post-337","page","type-page","status-publish","hentry"],"yoast_head":"<!-- This site is optimized with the Yoast SEO plugin v27.1.1 - https:\/\/yoast.com\/product\/yoast-seo-wordpress\/ -->\n<title>Oberfl\u00e4chengestaltung - Malermeister Tschepp<\/title>\n<meta name=\"robots\" content=\"index, follow, max-snippet:-1, max-image-preview:large, max-video-preview:-1\" \/>\n<link rel=\"canonical\" href=\"https:\/\/maler-tschepp.at\/index.php\/oberflaechengestaltung\/\" \/>\n<meta property=\"og:locale\" content=\"de_DE\" \/>\n<meta property=\"og:type\" content=\"article\" \/>\n<meta property=\"og:title\" content=\"Oberfl\u00e4chengestaltung - Malermeister Tschepp\" \/>\n<meta property=\"og:description\" content=\"Oberfl\u00e4chendesign Wir gestalten Oberfl\u00e4chendesigns ganz nach Ihren individuellen W\u00fcnschen und realisieren Ihre Vorstellungen. Hierbei erstellenContinue ReadingOberfl\u00e4chengestaltung\" \/>\n<meta property=\"og:url\" content=\"https:\/\/maler-tschepp.at\/index.php\/oberflaechengestaltung\/\" \/>\n<meta property=\"og:site_name\" content=\"Malermeister Tschepp\" \/>\n<meta property=\"og:image\" content=\"https:\/\/clever-varahamihira.194-56-190-71.plesk.page\/wordpress\/wp-content\/uploads\/Schachbrett1-1024x749.jpg\" \/>\n<meta name=\"twitter:card\" content=\"summary_large_image\" \/>\n<script type=\"application\/ld+json\" class=\"yoast-schema-graph\">{\"@context\":\"https:\/\/schema.org\",\"@graph\":[{\"@type\":\"WebPage\",\"@id\":\"https:\/\/maler-tschepp.at\/index.php\/oberflaechengestaltung\/\",\"url\":\"https:\/\/maler-tschepp.at\/index.php\/oberflaechengestaltung\/\",\"name\":\"Oberfl\u00e4chengestaltung - Malermeister Tschepp\",\"isPartOf\":{\"@id\":\"https:\/\/maler-tschepp.at\/#website\"},\"primaryImageOfPage\":{\"@id\":\"https:\/\/maler-tschepp.at\/index.php\/oberflaechengestaltung\/#primaryimage\"},\"image\":{\"@id\":\"https:\/\/maler-tschepp.at\/index.php\/oberflaechengestaltung\/#primaryimage\"},\"thumbnailUrl\":\"https:\/\/clever-varahamihira.194-56-190-71.plesk.page\/wordpress\/wp-content\/uploads\/Schachbrett1-1024x749.jpg\",\"datePublished\":\"2015-04-17T09:43:41+00:00\",\"breadcrumb\":{\"@id\":\"https:\/\/maler-tschepp.at\/index.php\/oberflaechengestaltung\/#breadcrumb\"},\"inLanguage\":\"de\",\"potentialAction\":[{\"@type\":\"ReadAction\",\"target\":[\"https:\/\/maler-tschepp.at\/index.php\/oberflaechengestaltung\/\"]}]},{\"@type\":\"ImageObject\",\"inLanguage\":\"de\",\"@id\":\"https:\/\/maler-tschepp.at\/index.php\/oberflaechengestaltung\/#primaryimage\",\"url\":\"https:\/\/clever-varahamihira.194-56-190-71.plesk.page\/wordpress\/wp-content\/uploads\/Schachbrett1-1024x749.jpg\",\"contentUrl\":\"https:\/\/clever-varahamihira.194-56-190-71.plesk.page\/wordpress\/wp-content\/uploads\/Schachbrett1-1024x749.jpg\"},{\"@type\":\"BreadcrumbList\",\"@id\":\"https:\/\/maler-tschepp.at\/index.php\/oberflaechengestaltung\/#breadcrumb\",\"itemListElement\":[{\"@type\":\"ListItem\",\"position\":1,\"name\":\"Start\",\"item\":\"https:\/\/maler-tschepp.at\/\"},{\"@type\":\"ListItem\",\"position\":2,\"name\":\"Oberfl\u00e4chengestaltung\"}]},{\"@type\":\"WebSite\",\"@id\":\"https:\/\/maler-tschepp.at\/#website\",\"url\":\"https:\/\/maler-tschepp.at\/\",\"name\":\"Malermeister Tschepp\",\"description\":\"\",\"publisher\":{\"@id\":\"https:\/\/maler-tschepp.at\/#organization\"},\"potentialAction\":[{\"@type\":\"SearchAction\",\"target\":{\"@type\":\"EntryPoint\",\"urlTemplate\":\"https:\/\/maler-tschepp.at\/?s={search_term_string}\"},\"query-input\":{\"@type\":\"PropertyValueSpecification\",\"valueRequired\":true,\"valueName\":\"search_term_string\"}}],\"inLanguage\":\"de\"},{\"@type\":\"Organization\",\"@id\":\"https:\/\/maler-tschepp.at\/#organization\",\"name\":\"Malermeister Tschepp\",\"url\":\"https:\/\/maler-tschepp.at\/\",\"logo\":{\"@type\":\"ImageObject\",\"inLanguage\":\"de\",\"@id\":\"https:\/\/maler-tschepp.at\/#\/schema\/logo\/image\/\",\"url\":\"https:\/\/maler-tschepp.at\/wp-content\/uploads\/2026\/03\/LOGO_WT1.jpg\",\"contentUrl\":\"https:\/\/maler-tschepp.at\/wp-content\/uploads\/2026\/03\/LOGO_WT1.jpg\",\"width\":529,\"height\":317,\"caption\":\"Malermeister Tschepp\"},\"image\":{\"@id\":\"https:\/\/maler-tschepp.at\/#\/schema\/logo\/image\/\"}}]}<\/script>\n<!-- \/ Yoast SEO plugin. -->","yoast_head_json":{"title":"Oberfl\u00e4chengestaltung - Malermeister Tschepp","robots":{"index":"index","follow":"follow","max-snippet":"max-snippet:-1","max-image-preview":"max-image-preview:large","max-video-preview":"max-video-preview:-1"},"canonical":"https:\/\/maler-tschepp.at\/index.php\/oberflaechengestaltung\/","og_locale":"de_DE","og_type":"article","og_title":"Oberfl\u00e4chengestaltung - Malermeister Tschepp","og_description":"Oberfl\u00e4chendesign Wir gestalten Oberfl\u00e4chendesigns ganz nach Ihren individuellen W\u00fcnschen und realisieren Ihre Vorstellungen. Hierbei erstellenContinue ReadingOberfl\u00e4chengestaltung","og_url":"https:\/\/maler-tschepp.at\/index.php\/oberflaechengestaltung\/","og_site_name":"Malermeister Tschepp","og_image":[{"url":"https:\/\/clever-varahamihira.194-56-190-71.plesk.page\/wordpress\/wp-content\/uploads\/Schachbrett1-1024x749.jpg","type":"","width":"","height":""}],"twitter_card":"summary_large_image","schema":{"@context":"https:\/\/schema.org","@graph":[{"@type":"WebPage","@id":"https:\/\/maler-tschepp.at\/index.php\/oberflaechengestaltung\/","url":"https:\/\/maler-tschepp.at\/index.php\/oberflaechengestaltung\/","name":"Oberfl\u00e4chengestaltung - Malermeister Tschepp","isPartOf":{"@id":"https:\/\/maler-tschepp.at\/#website"},"primaryImageOfPage":{"@id":"https:\/\/maler-tschepp.at\/index.php\/oberflaechengestaltung\/#primaryimage"},"image":{"@id":"https:\/\/maler-tschepp.at\/index.php\/oberflaechengestaltung\/#primaryimage"},"thumbnailUrl":"https:\/\/clever-varahamihira.194-56-190-71.plesk.page\/wordpress\/wp-content\/uploads\/Schachbrett1-1024x749.jpg","datePublished":"2015-04-17T09:43:41+00:00","breadcrumb":{"@id":"https:\/\/maler-tschepp.at\/index.php\/oberflaechengestaltung\/#breadcrumb"},"inLanguage":"de","potentialAction":[{"@type":"ReadAction","target":["https:\/\/maler-tschepp.at\/index.php\/oberflaechengestaltung\/"]}]},{"@type":"ImageObject","inLanguage":"de","@id":"https:\/\/maler-tschepp.at\/index.php\/oberflaechengestaltung\/#primaryimage","url":"https:\/\/clever-varahamihira.194-56-190-71.plesk.page\/wordpress\/wp-content\/uploads\/Schachbrett1-1024x749.jpg","contentUrl":"https:\/\/clever-varahamihira.194-56-190-71.plesk.page\/wordpress\/wp-content\/uploads\/Schachbrett1-1024x749.jpg"},{"@type":"BreadcrumbList","@id":"https:\/\/maler-tschepp.at\/index.php\/oberflaechengestaltung\/#breadcrumb","itemListElement":[{"@type":"ListItem","position":1,"name":"Start","item":"https:\/\/maler-tschepp.at\/"},{"@type":"ListItem","position":2,"name":"Oberfl\u00e4chengestaltung"}]},{"@type":"WebSite","@id":"https:\/\/maler-tschepp.at\/#website","url":"https:\/\/maler-tschepp.at\/","name":"Malermeister Tschepp","description":"","publisher":{"@id":"https:\/\/maler-tschepp.at\/#organization"},"potentialAction":[{"@type":"SearchAction","target":{"@type":"EntryPoint","urlTemplate":"https:\/\/maler-tschepp.at\/?s={search_term_string}"},"query-input":{"@type":"PropertyValueSpecification","valueRequired":true,"valueName":"search_term_string"}}],"inLanguage":"de"},{"@type":"Organization","@id":"https:\/\/maler-tschepp.at\/#organization","name":"Malermeister Tschepp","url":"https:\/\/maler-tschepp.at\/","logo":{"@type":"ImageObject","inLanguage":"de","@id":"https:\/\/maler-tschepp.at\/#\/schema\/logo\/image\/","url":"https:\/\/maler-tschepp.at\/wp-content\/uploads\/2026\/03\/LOGO_WT1.jpg","contentUrl":"https:\/\/maler-tschepp.at\/wp-content\/uploads\/2026\/03\/LOGO_WT1.jpg","width":529,"height":317,"caption":"Malermeister Tschepp"},"image":{"@id":"https:\/\/maler-tschepp.at\/#\/schema\/logo\/image\/"}}]}},"_links":{"self":[{"href":"https:\/\/maler-tschepp.at\/index.php\/wp-json\/wp\/v2\/pages\/337","targetHints":{"allow":["GET"]}}],"collection":[{"href":"https:\/\/maler-tschepp.at\/index.php\/wp-json\/wp\/v2\/pages"}],"about":[{"href":"https:\/\/maler-tschepp.at\/index.php\/wp-json\/wp\/v2\/types\/page"}],"author":[{"embeddable":true,"href":"https:\/\/maler-tschepp.at\/index.php\/wp-json\/wp\/v2\/users\/1"}],"replies":[{"embeddable":true,"href":"https:\/\/maler-tschepp.at\/index.php\/wp-json\/wp\/v2\/comments?post=337"}],"version-history":[{"count":0,"href":"https:\/\/maler-tschepp.at\/index.php\/wp-json\/wp\/v2\/pages\/337\/revisions"}],"wp:attachment":[{"href":"https:\/\/maler-tschepp.at\/index.php\/wp-json\/wp\/v2\/media?parent=337"}],"curies":[{"name":"wp","href":"https:\/\/api.w.org\/{rel}","templated":true}]}}