{"id":330,"date":"2015-04-17T11:34:05","date_gmt":"2015-04-17T09:34:05","guid":{"rendered":"http:\/\/www.maler-tschepp.at\/?page_id=330"},"modified":"2015-04-17T11:34:05","modified_gmt":"2015-04-17T09:34:05","slug":"dekorationsmalerei","status":"publish","type":"page","link":"https:\/\/maler-tschepp.at\/index.php\/dekorationsmalerei\/","title":{"rendered":"Dekorationsmalerei"},"content":{"rendered":"<p><a href=\"https:\/\/clever-varahamihira.194-56-190-71.plesk.page\/wp-content\/uploads\/2021\/05\/IMG_6578.jpg\"><img loading=\"lazy\" decoding=\"async\" class=\"alignleft size-full wp-image-7646\" alt=\"IMG_6578\" src=\"https:\/\/clever-varahamihira.194-56-190-71.plesk.page\/wp-content\/uploads\/2021\/05\/IMG_6578.jpg\" width=\"640\" height=\"360\" \/><\/a><\/p>\n<p style=\"text-align: justify;\"><span style=\"color: #000000;\">Wir versch\u00f6nern Ihr Zuhause und schaffen repr\u00e4sentative R\u00e4ume durch Inspirationen aus Farbe.<\/span><\/p>\n<p style=\"text-align: justify;\"><span style=\"color: #000000;\">Wir\u00a0 gestalten ein perfektes Ambiente mit naturgetreu dargestellten Landschaften, gemalte St\u00e4dte und bringen bezaubernde Welten und Motive an Decke und W\u00e4nde.\u00a0Es entsteht der Eindruck, dass die wiedergegebenen Objekte existieren. Scheinarchitektur wird durch Malerei vorget\u00e4uscht.<\/span><\/p>\n<p style=\"text-align: justify;\"><span style=\"color: #000000;\">Hierbei kommen verschiedene Techniken zum Einsatz und lassen damit ein v\u00f6llig neues Wohnambiente entstehen.<br \/>\nVerleihen auch Sie Ihren Privat- oder Gesch\u00e4ftsbereich eine einzigartige Atmosph\u00e4re.<\/span><\/p>\n<p style=\"text-align: justify;\"><span style=\"color: #000000;\"><a title=\"Illusionsmalerei\" href=\"https:\/\/clever-varahamihira.194-56-190-71.plesk.page\/illusionsmalerei\/\"><span style=\"color: #000000;\">&gt;Lesen Sie hierzu mehr<\/span><\/a><\/span><\/p>\n<p style=\"text-align: justify;\"><span style=\"text-decoration: underline; color: #ffffff;\"><a title=\"Bildergalerie\" href=\"https:\/\/clever-varahamihira.194-56-190-71.plesk.page\/galerie\/\"><span style=\"color: #ffffff; text-decoration: underline;\">&gt;Arbeitsbeispiele unter Galerie<\/span><\/a><\/span><\/p>\n<p>&nbsp;<\/p>\n<p>&nbsp;<\/p>\n","protected":false},"excerpt":{"rendered":"<p>Wir versch\u00f6nern Ihr Zuhause und schaffen repr\u00e4sentative R\u00e4ume durch Inspirationen aus Farbe. Wir\u00a0 gestalten ein<\/p>\n<div class=\"continue-reading-blog\"><a href=\"https:\/\/maler-tschepp.at\/index.php\/dekorationsmalerei\/\" class=\"more-link\">Continue Reading<i class=\"fa fa-long-arrow-right\"><\/i><span class=\"screen-reader-text\">Dekorationsmalerei<\/span><\/a><\/div>\n","protected":false},"author":1,"featured_media":0,"parent":0,"menu_order":0,"comment_status":"closed","ping_status":"closed","template":"","meta":{"footnotes":""},"class_list":["post-330","page","type-page","status-publish","hentry"],"yoast_head":"<!-- This site is optimized with the Yoast SEO plugin v27.1.1 - https:\/\/yoast.com\/product\/yoast-seo-wordpress\/ -->\n<title>Dekorationsmalerei - Malermeister Tschepp<\/title>\n<meta name=\"robots\" content=\"index, follow, max-snippet:-1, max-image-preview:large, max-video-preview:-1\" \/>\n<link rel=\"canonical\" href=\"https:\/\/maler-tschepp.at\/index.php\/dekorationsmalerei\/\" \/>\n<meta property=\"og:locale\" content=\"de_DE\" \/>\n<meta property=\"og:type\" content=\"article\" \/>\n<meta property=\"og:title\" content=\"Dekorationsmalerei - Malermeister Tschepp\" \/>\n<meta property=\"og:description\" content=\"Wir versch\u00f6nern Ihr Zuhause und schaffen repr\u00e4sentative R\u00e4ume durch Inspirationen aus Farbe. Wir\u00a0 gestalten einContinue ReadingDekorationsmalerei\" \/>\n<meta property=\"og:url\" content=\"https:\/\/maler-tschepp.at\/index.php\/dekorationsmalerei\/\" \/>\n<meta property=\"og:site_name\" content=\"Malermeister Tschepp\" \/>\n<meta property=\"og:image\" content=\"https:\/\/clever-varahamihira.194-56-190-71.plesk.page\/wp-content\/uploads\/2021\/05\/IMG_6578.jpg\" \/>\n<meta name=\"twitter:card\" content=\"summary_large_image\" \/>\n<script type=\"application\/ld+json\" class=\"yoast-schema-graph\">{\"@context\":\"https:\/\/schema.org\",\"@graph\":[{\"@type\":\"WebPage\",\"@id\":\"https:\/\/maler-tschepp.at\/index.php\/dekorationsmalerei\/\",\"url\":\"https:\/\/maler-tschepp.at\/index.php\/dekorationsmalerei\/\",\"name\":\"Dekorationsmalerei - Malermeister Tschepp\",\"isPartOf\":{\"@id\":\"https:\/\/maler-tschepp.at\/#website\"},\"primaryImageOfPage\":{\"@id\":\"https:\/\/maler-tschepp.at\/index.php\/dekorationsmalerei\/#primaryimage\"},\"image\":{\"@id\":\"https:\/\/maler-tschepp.at\/index.php\/dekorationsmalerei\/#primaryimage\"},\"thumbnailUrl\":\"https:\/\/clever-varahamihira.194-56-190-71.plesk.page\/wp-content\/uploads\/2021\/05\/IMG_6578.jpg\",\"datePublished\":\"2015-04-17T09:34:05+00:00\",\"breadcrumb\":{\"@id\":\"https:\/\/maler-tschepp.at\/index.php\/dekorationsmalerei\/#breadcrumb\"},\"inLanguage\":\"de\",\"potentialAction\":[{\"@type\":\"ReadAction\",\"target\":[\"https:\/\/maler-tschepp.at\/index.php\/dekorationsmalerei\/\"]}]},{\"@type\":\"ImageObject\",\"inLanguage\":\"de\",\"@id\":\"https:\/\/maler-tschepp.at\/index.php\/dekorationsmalerei\/#primaryimage\",\"url\":\"https:\/\/clever-varahamihira.194-56-190-71.plesk.page\/wp-content\/uploads\/2021\/05\/IMG_6578.jpg\",\"contentUrl\":\"https:\/\/clever-varahamihira.194-56-190-71.plesk.page\/wp-content\/uploads\/2021\/05\/IMG_6578.jpg\"},{\"@type\":\"BreadcrumbList\",\"@id\":\"https:\/\/maler-tschepp.at\/index.php\/dekorationsmalerei\/#breadcrumb\",\"itemListElement\":[{\"@type\":\"ListItem\",\"position\":1,\"name\":\"Start\",\"item\":\"https:\/\/maler-tschepp.at\/\"},{\"@type\":\"ListItem\",\"position\":2,\"name\":\"Dekorationsmalerei\"}]},{\"@type\":\"WebSite\",\"@id\":\"https:\/\/maler-tschepp.at\/#website\",\"url\":\"https:\/\/maler-tschepp.at\/\",\"name\":\"Malermeister Tschepp\",\"description\":\"\",\"publisher\":{\"@id\":\"https:\/\/maler-tschepp.at\/#organization\"},\"potentialAction\":[{\"@type\":\"SearchAction\",\"target\":{\"@type\":\"EntryPoint\",\"urlTemplate\":\"https:\/\/maler-tschepp.at\/?s={search_term_string}\"},\"query-input\":{\"@type\":\"PropertyValueSpecification\",\"valueRequired\":true,\"valueName\":\"search_term_string\"}}],\"inLanguage\":\"de\"},{\"@type\":\"Organization\",\"@id\":\"https:\/\/maler-tschepp.at\/#organization\",\"name\":\"Malermeister Tschepp\",\"url\":\"https:\/\/maler-tschepp.at\/\",\"logo\":{\"@type\":\"ImageObject\",\"inLanguage\":\"de\",\"@id\":\"https:\/\/maler-tschepp.at\/#\/schema\/logo\/image\/\",\"url\":\"https:\/\/maler-tschepp.at\/wp-content\/uploads\/2026\/03\/LOGO_WT1.jpg\",\"contentUrl\":\"https:\/\/maler-tschepp.at\/wp-content\/uploads\/2026\/03\/LOGO_WT1.jpg\",\"width\":529,\"height\":317,\"caption\":\"Malermeister Tschepp\"},\"image\":{\"@id\":\"https:\/\/maler-tschepp.at\/#\/schema\/logo\/image\/\"}}]}<\/script>\n<!-- \/ Yoast SEO plugin. -->","yoast_head_json":{"title":"Dekorationsmalerei - Malermeister Tschepp","robots":{"index":"index","follow":"follow","max-snippet":"max-snippet:-1","max-image-preview":"max-image-preview:large","max-video-preview":"max-video-preview:-1"},"canonical":"https:\/\/maler-tschepp.at\/index.php\/dekorationsmalerei\/","og_locale":"de_DE","og_type":"article","og_title":"Dekorationsmalerei - Malermeister Tschepp","og_description":"Wir versch\u00f6nern Ihr Zuhause und schaffen repr\u00e4sentative R\u00e4ume durch Inspirationen aus Farbe. Wir\u00a0 gestalten einContinue ReadingDekorationsmalerei","og_url":"https:\/\/maler-tschepp.at\/index.php\/dekorationsmalerei\/","og_site_name":"Malermeister Tschepp","og_image":[{"url":"https:\/\/clever-varahamihira.194-56-190-71.plesk.page\/wp-content\/uploads\/2021\/05\/IMG_6578.jpg","type":"","width":"","height":""}],"twitter_card":"summary_large_image","schema":{"@context":"https:\/\/schema.org","@graph":[{"@type":"WebPage","@id":"https:\/\/maler-tschepp.at\/index.php\/dekorationsmalerei\/","url":"https:\/\/maler-tschepp.at\/index.php\/dekorationsmalerei\/","name":"Dekorationsmalerei - Malermeister Tschepp","isPartOf":{"@id":"https:\/\/maler-tschepp.at\/#website"},"primaryImageOfPage":{"@id":"https:\/\/maler-tschepp.at\/index.php\/dekorationsmalerei\/#primaryimage"},"image":{"@id":"https:\/\/maler-tschepp.at\/index.php\/dekorationsmalerei\/#primaryimage"},"thumbnailUrl":"https:\/\/clever-varahamihira.194-56-190-71.plesk.page\/wp-content\/uploads\/2021\/05\/IMG_6578.jpg","datePublished":"2015-04-17T09:34:05+00:00","breadcrumb":{"@id":"https:\/\/maler-tschepp.at\/index.php\/dekorationsmalerei\/#breadcrumb"},"inLanguage":"de","potentialAction":[{"@type":"ReadAction","target":["https:\/\/maler-tschepp.at\/index.php\/dekorationsmalerei\/"]}]},{"@type":"ImageObject","inLanguage":"de","@id":"https:\/\/maler-tschepp.at\/index.php\/dekorationsmalerei\/#primaryimage","url":"https:\/\/clever-varahamihira.194-56-190-71.plesk.page\/wp-content\/uploads\/2021\/05\/IMG_6578.jpg","contentUrl":"https:\/\/clever-varahamihira.194-56-190-71.plesk.page\/wp-content\/uploads\/2021\/05\/IMG_6578.jpg"},{"@type":"BreadcrumbList","@id":"https:\/\/maler-tschepp.at\/index.php\/dekorationsmalerei\/#breadcrumb","itemListElement":[{"@type":"ListItem","position":1,"name":"Start","item":"https:\/\/maler-tschepp.at\/"},{"@type":"ListItem","position":2,"name":"Dekorationsmalerei"}]},{"@type":"WebSite","@id":"https:\/\/maler-tschepp.at\/#website","url":"https:\/\/maler-tschepp.at\/","name":"Malermeister Tschepp","description":"","publisher":{"@id":"https:\/\/maler-tschepp.at\/#organization"},"potentialAction":[{"@type":"SearchAction","target":{"@type":"EntryPoint","urlTemplate":"https:\/\/maler-tschepp.at\/?s={search_term_string}"},"query-input":{"@type":"PropertyValueSpecification","valueRequired":true,"valueName":"search_term_string"}}],"inLanguage":"de"},{"@type":"Organization","@id":"https:\/\/maler-tschepp.at\/#organization","name":"Malermeister Tschepp","url":"https:\/\/maler-tschepp.at\/","logo":{"@type":"ImageObject","inLanguage":"de","@id":"https:\/\/maler-tschepp.at\/#\/schema\/logo\/image\/","url":"https:\/\/maler-tschepp.at\/wp-content\/uploads\/2026\/03\/LOGO_WT1.jpg","contentUrl":"https:\/\/maler-tschepp.at\/wp-content\/uploads\/2026\/03\/LOGO_WT1.jpg","width":529,"height":317,"caption":"Malermeister Tschepp"},"image":{"@id":"https:\/\/maler-tschepp.at\/#\/schema\/logo\/image\/"}}]}},"_links":{"self":[{"href":"https:\/\/maler-tschepp.at\/index.php\/wp-json\/wp\/v2\/pages\/330","targetHints":{"allow":["GET"]}}],"collection":[{"href":"https:\/\/maler-tschepp.at\/index.php\/wp-json\/wp\/v2\/pages"}],"about":[{"href":"https:\/\/maler-tschepp.at\/index.php\/wp-json\/wp\/v2\/types\/page"}],"author":[{"embeddable":true,"href":"https:\/\/maler-tschepp.at\/index.php\/wp-json\/wp\/v2\/users\/1"}],"replies":[{"embeddable":true,"href":"https:\/\/maler-tschepp.at\/index.php\/wp-json\/wp\/v2\/comments?post=330"}],"version-history":[{"count":0,"href":"https:\/\/maler-tschepp.at\/index.php\/wp-json\/wp\/v2\/pages\/330\/revisions"}],"wp:attachment":[{"href":"https:\/\/maler-tschepp.at\/index.php\/wp-json\/wp\/v2\/media?parent=330"}],"curies":[{"name":"wp","href":"https:\/\/api.w.org\/{rel}","templated":true}]}}