{"id":3270,"date":"2015-05-30T23:01:58","date_gmt":"2015-05-30T21:01:58","guid":{"rendered":"http:\/\/www.maler-tschepp.at\/?page_id=3270"},"modified":"2026-03-17T21:23:07","modified_gmt":"2026-03-17T21:23:07","slug":"farbkontraste-wirkung","status":"publish","type":"page","link":"https:\/\/maler-tschepp.at\/index.php\/farbkontraste-wirkung\/","title":{"rendered":"Farbkontraste"},"content":{"rendered":"\n<script type=\"text\/javascript\">\r\ndocument.addEventListener(\"DOMContentLoaded\", function(event) { \r\n\tjQuery( '#slider-pro-3-3283' ).sliderPro({\r\n\t\t\/\/width\r\n\t\t\t\twidth: 1000,\r\n\t\t\t\t\r\n\t\t\/\/height\r\n\t\t\t\theight: 500,\r\n\t\t\t\t\r\n\t\t\/\/auto play\r\n\t\t\t\tautoplay:  true,\r\n\t\tautoplayOnHover: 'none',\r\n\t\t\t\t\t\t\t\tautoplayDelay: 5000,\r\n\t\t\r\n\t\t\r\n\t\tarrows: true,\r\n\t\tbuttons: true,\r\n\t\tsmallSize: 500,\r\n\t\tmediumSize: 1000,\r\n\t\tlargeSize: 3000,\r\n\t\tfade: true,\r\n\t\t\r\n\t\t\/\/thumbnail\r\n\t\tthumbnailArrows: true,\r\n\t\tthumbnailWidth: 120,\r\n\t\tthumbnailHeight: 120,\r\n\t\t\t\t\t\tthumbnailsPosition: 'bottom',\r\n\t\t\t\t\t\tcenterImage: true,\r\n\t\timageScaleMode: 'cover',\r\n\t\tallowScaleUp: true,\r\n\t\t\t\tstartSlide: 0,\r\n\t\tloop: true,\r\n\t\tslideDistance: 5,\r\n\t\tautoplayDirection: 'normal',\r\n\t\ttouchSwipe: true,\r\n\t\tfullScreen: true,\r\n\t});\r\n});\r\n<\/script>\r\n\r\n<div id=\"uris-slider-title\">\r\n\t<h3 class=\"uris-slider-post-title\">Farbkontraste &#038; Wirkung<\/h3>\r\n<\/div>\r\n\t\t<div id=\"slider-pro-3-3283\" class=\"slider-pro\">\r\n\t\t\t<!---- slides div start ---->\r\n\t\t\t<div class=\"sp-slides\">\r\n\t\t\t\t\t\t\t\t\t\t<div class=\"sp-slide\">\r\n\t\t\t\t\t\t\t<img decoding=\"async\" class=\"sp-image\" loading=\"lazy\" alt=\"Farben und Kontraste\" src=\"https:\/\/maler-tschepp.at\/wp-content\/plugins\/ultimate-responsive-image-slider\/assets\/css\/images\/blank.gif\" data-src=\"https:\/\/maler-tschepp.at\/wp-content\/uploads\/2015\/05\/Farben-und-Kontraste.jpg\" \/>\r\n\r\n\t\t\t\t\t\t\t\r\n\t\t\t\t\t\t\t\t\t\t\t\t\t<\/div>\r\n\t\t\t\t\t\t\t\t\t\t\t\t<div class=\"sp-slide\">\r\n\t\t\t\t\t\t\t<img decoding=\"async\" class=\"sp-image\" loading=\"lazy\" alt=\"more-than-colourii\" src=\"https:\/\/maler-tschepp.at\/wp-content\/plugins\/ultimate-responsive-image-slider\/assets\/css\/images\/blank.gif\" data-src=\"https:\/\/maler-tschepp.at\/wp-content\/uploads\/2016\/11\/More-than-colourII.jpg\" \/>\r\n\r\n\t\t\t\t\t\t\t\r\n\t\t\t\t\t\t\t\t\t\t\t\t\t<\/div>\r\n\t\t\t\t\t\t\t\t\t<\/div>\r\n\t\t\t\r\n\t\t\t<!---- slides div end ---->\r\n\t\t\t\t\t\t<!-- slides thumbnails div start -->\r\n\t\t\t<div class=\"sp-thumbnails\">\r\n\t\t\t\t\t\t\t\t\t\t<img decoding=\"async\" class=\"sp-thumbnail\" loading=\"lazy\" src=\"https:\/\/maler-tschepp.at\/wp-content\/plugins\/ultimate-responsive-image-slider\/assets\/img\/loading.gif\" data-src=\"https:\/\/maler-tschepp.at\/wp-content\/uploads\/2015\/05\/Farben-und-Kontraste-300x130.jpg\" alt=\"Farben und Kontraste\"\/>\r\n\t\t\t\t\t\t\t\t\t\t\t<img decoding=\"async\" class=\"sp-thumbnail\" loading=\"lazy\" src=\"https:\/\/maler-tschepp.at\/wp-content\/plugins\/ultimate-responsive-image-slider\/assets\/img\/loading.gif\" data-src=\"https:\/\/maler-tschepp.at\/wp-content\/uploads\/2016\/11\/More-than-colourII-300x181.jpg\" alt=\"more-than-colourii\"\/>\r\n\t\t\t\t\t\t\t\t<\/div>\r\n\t\t\t\t\t\t<!-- slides thumbnails div end -->\r\n\t\t<\/div>\r\n\t\t<style>\r\n\/* Layout 3 *\/\r\n\/* border *\/\r\n#slider-pro-3-3283 .sp-selected-thumbnail {\r\n\tborder: 4px solid #000000;\r\n}\r\n\r\n\/* font + color *\/\r\n.title-in  {\r\n\tfont-family: Arial !important;\r\n\tcolor: #FFFFFF !important;\r\n\tbackground-color: #000000 !important;\r\n\topacity: 0.7 !important;\r\n}\r\n.desc-in  {\r\n\tfont-family: Arial !important;\r\n\tcolor: #FFFFFF !important;\r\n\tbackground-color: #00000 !important;\r\n\topacity: 0.7 !important;\r\n}\r\n\r\n\/* bullets color *\/\r\n.sp-button  {\r\n\tborder: 2px solid #000000 !important;\r\n}\r\n.sp-selected-button  {\r\n\tbackground-color: #000000 !important;\r\n}\r\n\r\n\/* pointer color - bottom *\/\r\n.sp-selected-thumbnail::before {\r\n\tborder-bottom: 5px solid #000000 !important;\r\n}\r\n.sp-selected-thumbnail::after {\r\n\tborder-bottom: 13px solid #000000 !important;\r\n}\r\n\r\n\/* pointer color - top *\/\r\n\r\n\/* full screen icon *\/\r\n.sp-full-screen-button::before {\r\n    color: #FFFFFF !important;\r\n}\r\n\r\n\/* hover navigation icon color *\/\r\n.sp-next-arrow::after, .sp-next-arrow::before {\r\n\tbackground-color: #FFFFFF !important;\r\n}\r\n.sp-previous-arrow::after, .sp-previous-arrow::before {\r\n\tbackground-color: #FFFFFF !important;\r\n}\r\n\r\n#slider-pro-3-3283 .title-in {\r\n\tcolor: #FFFFFF !important;\r\n\tfont-weight: bolder;\r\n\ttext-align: center;\r\n}\r\n\r\n#slider-pro-3-3283 .title-in-bg {\r\n\tbackground: rgba(255, 255, 255, 0.7); !important;\r\n\twhite-space: unset !important;\r\n\ttransform: initial !important;\r\n\t-webkit-transform: initial !important;\r\n\tfont-size: 14px !important;\r\n}\r\n\r\n#slider-pro-3-3283 .desc-in {\r\n\tcolor: #FFFFFF !important;\r\n\ttext-align: center;\r\n}\r\n#slider-pro-3-3283 .desc-in-bg {\r\n\tbackground: rgba(#00000, 0.7) !important;\r\n\twhite-space: unset !important;\r\n\ttransform: initial !important;\r\n\t-webkit-transform: initial !important;\r\n\tfont-size: 13px !important;\r\n}\r\n\r\n@media (max-width: 640px) {\r\n\t#slider-pro-3-3283 .hide-small-screen {\r\n\t\tdisplay: none;\r\n\t}\r\n}\r\n\r\n@media (max-width: 860px) {\r\n\t#slider-pro-3-3283 .sp-layer {\r\n\t\tfont-size: 18px;\r\n\t}\r\n\t\r\n\t#slider-pro-3-3283 .hide-medium-screen {\r\n\t\tdisplay: none;\r\n\t}\r\n}\r\n.slides-not-found {\r\n\tbackground-color: #a92929;\r\n\tborder-radius: 5px;\r\n\tcolor: #fff;\r\n\tfont-family: initial;\r\n\ttext-align: center;\r\n\tpadding:12px;\r\n}\r\n\/* Custom CSS *\/\r\n<\/style>\r\n\n\n\n\n<p class=\"has-text-align-right\"><span style=\"color: #ffffff;\"><strong>WIR GESTALTEN IHRE IDEEN<\/strong><\/span><\/p>\n\n\n\n<p class=\"has-text-align-right\"><span style=\"color: #ffffff;\"><strong>&#8230; OB GEWAGT, MODERN oder EDEL<\/strong><\/span><\/p>\n\n\n\n<blockquote class=\"wp-block-quote is-layout-flow wp-block-quote-is-layout-flow\">\n<p class=\"has-green-color has-text-color has-link-color wp-elements-a69968e7d26b1d57cd075eb7c60f28b3\"><strong>WIR GESTALTEN IHRE IDEEN<\/strong><\/p>\n\n\n\n<p class=\"has-green-color has-text-color has-link-color wp-elements-0671f4517326e244b2735546ae50dc6b\"><strong>\u2026 OB GEWAGT, MODERN oder EDEL<\/strong><\/p>\n<\/blockquote>\n\n\n\n<p><span style=\"color: #000000;\">Die Farbgebung in R\u00e4umen schafft einen bestimmten Eindruck und hat eine spezielle Wirkung, welche auch von der Farbzusammenstellung abh\u00e4ngt. Damit hat sich bereits Goethe vor 200 Jahren ausf\u00fchrlich besch\u00e4ftigt und seine vorangegangenen Studien zur Wirkung von Farben in seinem Werk \u201eZur Farbenlehre\u201c verfasst. Er setzte sich unter anderem auch damit auseinander, wie Menschen auf Farben reagieren.&nbsp; Vieles seiner Erkenntnisse hat auch heute noch G\u00fcltigkeit.<\/span><\/p>\n\n\n\n<div class=\"wp-block-columns is-layout-flex wp-container-core-columns-is-layout-9d6595d7 wp-block-columns-is-layout-flex\">\n<div class=\"wp-block-column is-layout-flow wp-block-column-is-layout-flow\" style=\"flex-basis:25%\">\n<p><span style=\"color: #000000;\">\u00a0<\/span><strong>GELB<\/strong><\/p>\n\n\n\n<p class=\"has-black-color has-text-color has-background has-link-color has-small-font-size wp-elements-210280826f9bea7916dada551153a0e0\" style=\"background-color:#e6c75a\">schafft eine behagliche Atmosph\u00e4re wirkt strahlend und anregend. Diese Farbe symbolisiert Licht. Sie steht aber auch f\u00fcr Neid und Eifersucht. Mischt man den Gr\u00fcnanteil h\u00f6her entsteht Zitronengelb. Dieser Farbton vermittelt Frische und Lebenskraft. R\u00e4ume in gelber Farbgestaltung wirken gem\u00fctlich und w\u00e4rmend.<\/p>\n\n\n\n<p class=\"has-text-align-center has-text-color has-link-color has-regular-font-size wp-elements-54d2a8c3950c9423447c0091f75ff119\" style=\"color:#e6c75a\"><strong>BEHAGLICHKEIT<\/strong><\/p>\n<\/div>\n\n\n\n<div class=\"wp-block-column is-layout-flow wp-block-column-is-layout-flow\" style=\"flex-basis:25%\">\n<p><strong>GR\u00dcN<\/strong><\/p>\n\n\n\n<p class=\"has-black-color has-text-color has-background has-link-color has-small-font-size wp-elements-dc369f226b5b3ba94ccf83d23bfebb51\" style=\"background-color:#6fa67a\">ist die klassische Symbolfarbe f\u00fcr Natur und steht f\u00fcr Umwelt und Hoffnung. Zart gr\u00fcn ausgemalte W\u00e4nde haben heilende Wirkung. Giftgr\u00fcn hingegen stellt ein optisches Signal dar. Erh\u00f6ht man den Blauanteil so werden Gr\u00fcnt\u00f6ne k\u00e4lter. Damit kann man das Temperaturempfinden in Raum beeinflussen.<\/p>\n\n\n\n<p class=\"has-text-align-center has-text-color has-link-color wp-elements-50aadbad98f289dbb1b4e271845c7031\" style=\"color:#6fa67a\"><strong>LEBENSFREUDE<\/strong><\/p>\n<\/div>\n\n\n\n<div class=\"wp-block-column is-layout-flow wp-block-column-is-layout-flow\" style=\"flex-basis:25%\">\n<p><strong>ROT<\/strong><\/p>\n\n\n\n<p class=\"has-black-color has-text-color has-background has-link-color has-small-font-size wp-elements-47cacba87ee94804ac5881eae82f724d\" style=\"background-color:#c65a5a\">steht f\u00fcr Feuer, Liebe aber auch f\u00fcr Macht und W\u00fcrde, dann wird die Farbe Purpur genannt. R\u00e4ume in rot wirken edel, je nach Farbintensit\u00e4t auffordernd und schwer. Rot gilt auch als Signalfarbe und Orientierungs- reflex.\u00a0Rote Farbakzente sind immer aufmunternd und lebendig und schaffen jedenfalls einen Blickfang.<\/p>\n\n\n\n<p class=\"has-text-align-center has-text-color has-link-color wp-elements-a8b97fe7e296da4bb5e0cd926bf5f0ca\" style=\"color:#c65a5a\"><strong>ROT<\/strong><\/p>\n<\/div>\n\n\n\n<div class=\"wp-block-column is-layout-flow wp-block-column-is-layout-flow\" style=\"flex-basis:25%\">\n<p><strong>BLAU<\/strong><\/p>\n\n\n\n<p class=\"has-black-color has-text-color has-background has-link-color has-small-font-size wp-elements-3c250918031d127fa08f11ec6a2aaba8\" style=\"background-color:#5a7fa6\">steht f\u00fcr Behaglichkeit und Entspannung, vermittelt jedoch ein Gef\u00fchl von K\u00e4lte. Mit der Farbe Blau verbindet man Himmel und Wasser, sie zeigt Entfernung. Blaue Zimmer wirken beruhigend, weit und leer, sie bewirken einen Entspannungseffekt.\u00a0 Diese Farbe eignet sich ideal f\u00fcr den Schlafzimmer Bereich.<\/p>\n\n\n\n<p class=\"has-text-align-center has-text-color has-link-color wp-elements-9300738e6da23b1a7fddd60ec211305c\" style=\"color:#5a7fa6\"><strong>ENTSPANNUNG<\/strong><\/p>\n<\/div>\n<\/div>\n\n\n\n<p><span style=\"color: #000000;\"><\/span><\/p>\n\n\n\n<p><\/p>\n","protected":false},"excerpt":{"rendered":"<p>WIR GESTALTEN IHRE IDEEN &#8230; OB GEWAGT, MODERN oder EDEL WIR GESTALTEN IHRE IDEEN \u2026<\/p>\n<div class=\"continue-reading-blog\"><a href=\"https:\/\/maler-tschepp.at\/?p=3283\" class=\"more-link\">Continue Reading<i class=\"fa fa-long-arrow-right\"><\/i><span class=\"screen-reader-text\">Farbkontraste &#038; Wirkung<\/span><\/a><\/div>\n","protected":false},"author":1,"featured_media":0,"parent":0,"menu_order":0,"comment_status":"closed","ping_status":"closed","template":"","meta":{"footnotes":""},"class_list":["post-3270","page","type-page","status-publish","hentry"],"yoast_head":"<!-- This site is optimized with the Yoast SEO plugin v27.1.1 - https:\/\/yoast.com\/product\/yoast-seo-wordpress\/ -->\n<title>Farbkontraste - Malermeister Tschepp<\/title>\n<meta name=\"robots\" content=\"index, follow, max-snippet:-1, max-image-preview:large, max-video-preview:-1\" \/>\n<link rel=\"canonical\" href=\"https:\/\/maler-tschepp.at\/index.php\/farbkontraste-wirkung\/\" \/>\n<meta property=\"og:locale\" content=\"de_DE\" \/>\n<meta property=\"og:type\" content=\"article\" \/>\n<meta property=\"og:title\" content=\"Farbkontraste - Malermeister Tschepp\" \/>\n<meta property=\"og:description\" content=\"WIR GESTALTEN IHRE IDEEN &#8230; OB GEWAGT, MODERN oder EDEL WIR GESTALTEN IHRE IDEEN \u2026Continue ReadingFarbkontraste &#038; Wirkung\" \/>\n<meta property=\"og:url\" content=\"https:\/\/maler-tschepp.at\/index.php\/farbkontraste-wirkung\/\" \/>\n<meta property=\"og:site_name\" content=\"Malermeister Tschepp\" \/>\n<meta property=\"article:modified_time\" content=\"2026-03-17T21:23:07+00:00\" \/>\n<meta name=\"twitter:card\" content=\"summary_large_image\" \/>\n<meta name=\"twitter:label1\" content=\"Gesch\u00e4tzte Lesezeit\" \/>\n\t<meta name=\"twitter:data1\" content=\"2\u00a0Minuten\" \/>\n<script type=\"application\/ld+json\" class=\"yoast-schema-graph\">{\"@context\":\"https:\/\/schema.org\",\"@graph\":[{\"@type\":\"WebPage\",\"@id\":\"https:\/\/maler-tschepp.at\/index.php\/farbkontraste-wirkung\/\",\"url\":\"https:\/\/maler-tschepp.at\/index.php\/farbkontraste-wirkung\/\",\"name\":\"Farbkontraste - Malermeister Tschepp\",\"isPartOf\":{\"@id\":\"https:\/\/maler-tschepp.at\/#website\"},\"datePublished\":\"2015-05-30T21:01:58+00:00\",\"dateModified\":\"2026-03-17T21:23:07+00:00\",\"breadcrumb\":{\"@id\":\"https:\/\/maler-tschepp.at\/index.php\/farbkontraste-wirkung\/#breadcrumb\"},\"inLanguage\":\"de\",\"potentialAction\":[{\"@type\":\"ReadAction\",\"target\":[\"https:\/\/maler-tschepp.at\/index.php\/farbkontraste-wirkung\/\"]}]},{\"@type\":\"BreadcrumbList\",\"@id\":\"https:\/\/maler-tschepp.at\/index.php\/farbkontraste-wirkung\/#breadcrumb\",\"itemListElement\":[{\"@type\":\"ListItem\",\"position\":1,\"name\":\"Start\",\"item\":\"https:\/\/maler-tschepp.at\/\"},{\"@type\":\"ListItem\",\"position\":2,\"name\":\"Farbkontraste\"}]},{\"@type\":\"WebSite\",\"@id\":\"https:\/\/maler-tschepp.at\/#website\",\"url\":\"https:\/\/maler-tschepp.at\/\",\"name\":\"Malermeister Tschepp\",\"description\":\"\",\"publisher\":{\"@id\":\"https:\/\/maler-tschepp.at\/#organization\"},\"potentialAction\":[{\"@type\":\"SearchAction\",\"target\":{\"@type\":\"EntryPoint\",\"urlTemplate\":\"https:\/\/maler-tschepp.at\/?s={search_term_string}\"},\"query-input\":{\"@type\":\"PropertyValueSpecification\",\"valueRequired\":true,\"valueName\":\"search_term_string\"}}],\"inLanguage\":\"de\"},{\"@type\":\"Organization\",\"@id\":\"https:\/\/maler-tschepp.at\/#organization\",\"name\":\"Malermeister Tschepp\",\"url\":\"https:\/\/maler-tschepp.at\/\",\"logo\":{\"@type\":\"ImageObject\",\"inLanguage\":\"de\",\"@id\":\"https:\/\/maler-tschepp.at\/#\/schema\/logo\/image\/\",\"url\":\"https:\/\/maler-tschepp.at\/wp-content\/uploads\/2026\/03\/LOGO_WT1.jpg\",\"contentUrl\":\"https:\/\/maler-tschepp.at\/wp-content\/uploads\/2026\/03\/LOGO_WT1.jpg\",\"width\":529,\"height\":317,\"caption\":\"Malermeister Tschepp\"},\"image\":{\"@id\":\"https:\/\/maler-tschepp.at\/#\/schema\/logo\/image\/\"}}]}<\/script>\n<!-- \/ Yoast SEO plugin. -->","yoast_head_json":{"title":"Farbkontraste - Malermeister Tschepp","robots":{"index":"index","follow":"follow","max-snippet":"max-snippet:-1","max-image-preview":"max-image-preview:large","max-video-preview":"max-video-preview:-1"},"canonical":"https:\/\/maler-tschepp.at\/index.php\/farbkontraste-wirkung\/","og_locale":"de_DE","og_type":"article","og_title":"Farbkontraste - Malermeister Tschepp","og_description":"WIR GESTALTEN IHRE IDEEN &#8230; OB GEWAGT, MODERN oder EDEL WIR GESTALTEN IHRE IDEEN \u2026Continue ReadingFarbkontraste &#038; Wirkung","og_url":"https:\/\/maler-tschepp.at\/index.php\/farbkontraste-wirkung\/","og_site_name":"Malermeister Tschepp","article_modified_time":"2026-03-17T21:23:07+00:00","twitter_card":"summary_large_image","twitter_misc":{"Gesch\u00e4tzte Lesezeit":"2\u00a0Minuten"},"schema":{"@context":"https:\/\/schema.org","@graph":[{"@type":"WebPage","@id":"https:\/\/maler-tschepp.at\/index.php\/farbkontraste-wirkung\/","url":"https:\/\/maler-tschepp.at\/index.php\/farbkontraste-wirkung\/","name":"Farbkontraste - Malermeister Tschepp","isPartOf":{"@id":"https:\/\/maler-tschepp.at\/#website"},"datePublished":"2015-05-30T21:01:58+00:00","dateModified":"2026-03-17T21:23:07+00:00","breadcrumb":{"@id":"https:\/\/maler-tschepp.at\/index.php\/farbkontraste-wirkung\/#breadcrumb"},"inLanguage":"de","potentialAction":[{"@type":"ReadAction","target":["https:\/\/maler-tschepp.at\/index.php\/farbkontraste-wirkung\/"]}]},{"@type":"BreadcrumbList","@id":"https:\/\/maler-tschepp.at\/index.php\/farbkontraste-wirkung\/#breadcrumb","itemListElement":[{"@type":"ListItem","position":1,"name":"Start","item":"https:\/\/maler-tschepp.at\/"},{"@type":"ListItem","position":2,"name":"Farbkontraste"}]},{"@type":"WebSite","@id":"https:\/\/maler-tschepp.at\/#website","url":"https:\/\/maler-tschepp.at\/","name":"Malermeister Tschepp","description":"","publisher":{"@id":"https:\/\/maler-tschepp.at\/#organization"},"potentialAction":[{"@type":"SearchAction","target":{"@type":"EntryPoint","urlTemplate":"https:\/\/maler-tschepp.at\/?s={search_term_string}"},"query-input":{"@type":"PropertyValueSpecification","valueRequired":true,"valueName":"search_term_string"}}],"inLanguage":"de"},{"@type":"Organization","@id":"https:\/\/maler-tschepp.at\/#organization","name":"Malermeister Tschepp","url":"https:\/\/maler-tschepp.at\/","logo":{"@type":"ImageObject","inLanguage":"de","@id":"https:\/\/maler-tschepp.at\/#\/schema\/logo\/image\/","url":"https:\/\/maler-tschepp.at\/wp-content\/uploads\/2026\/03\/LOGO_WT1.jpg","contentUrl":"https:\/\/maler-tschepp.at\/wp-content\/uploads\/2026\/03\/LOGO_WT1.jpg","width":529,"height":317,"caption":"Malermeister Tschepp"},"image":{"@id":"https:\/\/maler-tschepp.at\/#\/schema\/logo\/image\/"}}]}},"_links":{"self":[{"href":"https:\/\/maler-tschepp.at\/index.php\/wp-json\/wp\/v2\/pages\/3270","targetHints":{"allow":["GET"]}}],"collection":[{"href":"https:\/\/maler-tschepp.at\/index.php\/wp-json\/wp\/v2\/pages"}],"about":[{"href":"https:\/\/maler-tschepp.at\/index.php\/wp-json\/wp\/v2\/types\/page"}],"author":[{"embeddable":true,"href":"https:\/\/maler-tschepp.at\/index.php\/wp-json\/wp\/v2\/users\/1"}],"replies":[{"embeddable":true,"href":"https:\/\/maler-tschepp.at\/index.php\/wp-json\/wp\/v2\/comments?post=3270"}],"version-history":[{"count":7,"href":"https:\/\/maler-tschepp.at\/index.php\/wp-json\/wp\/v2\/pages\/3270\/revisions"}],"predecessor-version":[{"id":7808,"href":"https:\/\/maler-tschepp.at\/index.php\/wp-json\/wp\/v2\/pages\/3270\/revisions\/7808"}],"wp:attachment":[{"href":"https:\/\/maler-tschepp.at\/index.php\/wp-json\/wp\/v2\/media?parent=3270"}],"curies":[{"name":"wp","href":"https:\/\/api.w.org\/{rel}","templated":true}]}}