{"id":323,"date":"2015-04-17T11:17:46","date_gmt":"2015-04-17T09:17:46","guid":{"rendered":"http:\/\/www.maler-tschepp.at\/?page_id=323"},"modified":"2015-04-17T11:17:46","modified_gmt":"2015-04-17T09:17:46","slug":"stuckrestauration","status":"publish","type":"page","link":"https:\/\/maler-tschepp.at\/index.php\/stuckrestauration\/","title":{"rendered":"Stuckrestauration"},"content":{"rendered":"<figure id=\"attachment_2388\" aria-describedby=\"caption-attachment-2388\" style=\"width: 576px\" class=\"wp-caption alignleft\"><img loading=\"lazy\" decoding=\"async\" class=\" wp-image-2388 \" alt=\"Stuck-Design\" src=\"https:\/\/clever-varahamihira.194-56-190-71.plesk.page\/wordpress\/wp-content\/uploads\/IMG_1332-1024x768.jpg\" width=\"576\" height=\"432\" \/><figcaption id=\"caption-attachment-2388\" class=\"wp-caption-text\"><\/span><\/a><\/span> <span style=\"color: #000000;\">Stuck-Design<\/span><\/figcaption><\/figure>\n<blockquote><p><span style=\"color: #000000;\"><strong>Stil<\/strong><\/span><\/p><\/blockquote>\n<p style=\"text-align: justify;\"><span style=\"color: #000000;\">Moderner Stuck ist wieder stark im Trend. Wir geben Ihrem Raum durch bemalte Decken- und Wandstuckaturen ein neues Lebensgef\u00fchl und schaffen damit einen besonderen Blickfang. Entdecken auch Sie die Eleganz von Stuckarbeiten und gestalten mit Stil.<\/span><\/p>\n<p style=\"text-align: justify;\"><span style=\"color: #000000;\">Stuckprofile lassen eine Vielfalt an Gestaltungsm\u00f6glichkeiten zu. Diese reicht von Rosetten, Konsolen \u00fcber Wandleisten bis hin zu T\u00fcrprofile und S\u00e4ulen.<\/span><\/p>\n<p style=\"text-align: justify;\"><span style=\"color: #000000;\">Geben Sie Ihren R\u00e4umen mit Zierprofilen eine ganz besondere Note. Wir bieten eine umfassende Fachberatung f\u00fcr Designvarianten mit edlen Stuckteilen, welche Ihr Ambiente im B\u00fcro oder Wohnbereich steigert.<\/span><\/p>\n","protected":false},"excerpt":{"rendered":"<p>Stil Moderner Stuck ist wieder stark im Trend. Wir geben Ihrem Raum durch bemalte Decken-<\/p>\n<div class=\"continue-reading-blog\"><a href=\"https:\/\/maler-tschepp.at\/index.php\/stuckrestauration\/\" class=\"more-link\">Continue Reading<i class=\"fa fa-long-arrow-right\"><\/i><span class=\"screen-reader-text\">Stuckrestauration<\/span><\/a><\/div>\n","protected":false},"author":1,"featured_media":0,"parent":0,"menu_order":0,"comment_status":"closed","ping_status":"closed","template":"","meta":{"footnotes":""},"class_list":["post-323","page","type-page","status-publish","hentry"],"yoast_head":"<!-- This site is optimized with the Yoast SEO plugin v27.1.1 - https:\/\/yoast.com\/product\/yoast-seo-wordpress\/ -->\n<title>Stuckrestauration - Malermeister Tschepp<\/title>\n<meta name=\"robots\" content=\"index, follow, max-snippet:-1, max-image-preview:large, max-video-preview:-1\" \/>\n<link rel=\"canonical\" href=\"https:\/\/maler-tschepp.at\/index.php\/stuckrestauration\/\" \/>\n<meta property=\"og:locale\" content=\"de_DE\" \/>\n<meta property=\"og:type\" content=\"article\" \/>\n<meta property=\"og:title\" content=\"Stuckrestauration - Malermeister Tschepp\" \/>\n<meta property=\"og:description\" content=\"Stil Moderner Stuck ist wieder stark im Trend. Wir geben Ihrem Raum durch bemalte Decken-Continue ReadingStuckrestauration\" \/>\n<meta property=\"og:url\" content=\"https:\/\/maler-tschepp.at\/index.php\/stuckrestauration\/\" \/>\n<meta property=\"og:site_name\" content=\"Malermeister Tschepp\" \/>\n<meta property=\"og:image\" content=\"https:\/\/clever-varahamihira.194-56-190-71.plesk.page\/wordpress\/wp-content\/uploads\/IMG_1332-1024x768.jpg\" \/>\n<meta name=\"twitter:card\" content=\"summary_large_image\" \/>\n<meta name=\"twitter:label1\" content=\"Gesch\u00e4tzte Lesezeit\" \/>\n\t<meta name=\"twitter:data1\" content=\"1\u00a0Minute\" \/>\n<script type=\"application\/ld+json\" class=\"yoast-schema-graph\">{\"@context\":\"https:\/\/schema.org\",\"@graph\":[{\"@type\":\"WebPage\",\"@id\":\"https:\/\/maler-tschepp.at\/index.php\/stuckrestauration\/\",\"url\":\"https:\/\/maler-tschepp.at\/index.php\/stuckrestauration\/\",\"name\":\"Stuckrestauration - Malermeister Tschepp\",\"isPartOf\":{\"@id\":\"https:\/\/maler-tschepp.at\/#website\"},\"primaryImageOfPage\":{\"@id\":\"https:\/\/maler-tschepp.at\/index.php\/stuckrestauration\/#primaryimage\"},\"image\":{\"@id\":\"https:\/\/maler-tschepp.at\/index.php\/stuckrestauration\/#primaryimage\"},\"thumbnailUrl\":\"https:\/\/clever-varahamihira.194-56-190-71.plesk.page\/wordpress\/wp-content\/uploads\/IMG_1332-1024x768.jpg\",\"datePublished\":\"2015-04-17T09:17:46+00:00\",\"breadcrumb\":{\"@id\":\"https:\/\/maler-tschepp.at\/index.php\/stuckrestauration\/#breadcrumb\"},\"inLanguage\":\"de\",\"potentialAction\":[{\"@type\":\"ReadAction\",\"target\":[\"https:\/\/maler-tschepp.at\/index.php\/stuckrestauration\/\"]}]},{\"@type\":\"ImageObject\",\"inLanguage\":\"de\",\"@id\":\"https:\/\/maler-tschepp.at\/index.php\/stuckrestauration\/#primaryimage\",\"url\":\"https:\/\/clever-varahamihira.194-56-190-71.plesk.page\/wordpress\/wp-content\/uploads\/IMG_1332-1024x768.jpg\",\"contentUrl\":\"https:\/\/clever-varahamihira.194-56-190-71.plesk.page\/wordpress\/wp-content\/uploads\/IMG_1332-1024x768.jpg\"},{\"@type\":\"BreadcrumbList\",\"@id\":\"https:\/\/maler-tschepp.at\/index.php\/stuckrestauration\/#breadcrumb\",\"itemListElement\":[{\"@type\":\"ListItem\",\"position\":1,\"name\":\"Start\",\"item\":\"https:\/\/maler-tschepp.at\/\"},{\"@type\":\"ListItem\",\"position\":2,\"name\":\"Stuckrestauration\"}]},{\"@type\":\"WebSite\",\"@id\":\"https:\/\/maler-tschepp.at\/#website\",\"url\":\"https:\/\/maler-tschepp.at\/\",\"name\":\"Malermeister Tschepp\",\"description\":\"\",\"publisher\":{\"@id\":\"https:\/\/maler-tschepp.at\/#organization\"},\"potentialAction\":[{\"@type\":\"SearchAction\",\"target\":{\"@type\":\"EntryPoint\",\"urlTemplate\":\"https:\/\/maler-tschepp.at\/?s={search_term_string}\"},\"query-input\":{\"@type\":\"PropertyValueSpecification\",\"valueRequired\":true,\"valueName\":\"search_term_string\"}}],\"inLanguage\":\"de\"},{\"@type\":\"Organization\",\"@id\":\"https:\/\/maler-tschepp.at\/#organization\",\"name\":\"Malermeister Tschepp\",\"url\":\"https:\/\/maler-tschepp.at\/\",\"logo\":{\"@type\":\"ImageObject\",\"inLanguage\":\"de\",\"@id\":\"https:\/\/maler-tschepp.at\/#\/schema\/logo\/image\/\",\"url\":\"https:\/\/maler-tschepp.at\/wp-content\/uploads\/2026\/03\/LOGO_WT1.jpg\",\"contentUrl\":\"https:\/\/maler-tschepp.at\/wp-content\/uploads\/2026\/03\/LOGO_WT1.jpg\",\"width\":529,\"height\":317,\"caption\":\"Malermeister Tschepp\"},\"image\":{\"@id\":\"https:\/\/maler-tschepp.at\/#\/schema\/logo\/image\/\"}}]}<\/script>\n<!-- \/ Yoast SEO plugin. -->","yoast_head_json":{"title":"Stuckrestauration - Malermeister Tschepp","robots":{"index":"index","follow":"follow","max-snippet":"max-snippet:-1","max-image-preview":"max-image-preview:large","max-video-preview":"max-video-preview:-1"},"canonical":"https:\/\/maler-tschepp.at\/index.php\/stuckrestauration\/","og_locale":"de_DE","og_type":"article","og_title":"Stuckrestauration - Malermeister Tschepp","og_description":"Stil Moderner Stuck ist wieder stark im Trend. Wir geben Ihrem Raum durch bemalte Decken-Continue ReadingStuckrestauration","og_url":"https:\/\/maler-tschepp.at\/index.php\/stuckrestauration\/","og_site_name":"Malermeister Tschepp","og_image":[{"url":"https:\/\/clever-varahamihira.194-56-190-71.plesk.page\/wordpress\/wp-content\/uploads\/IMG_1332-1024x768.jpg","type":"","width":"","height":""}],"twitter_card":"summary_large_image","twitter_misc":{"Gesch\u00e4tzte Lesezeit":"1\u00a0Minute"},"schema":{"@context":"https:\/\/schema.org","@graph":[{"@type":"WebPage","@id":"https:\/\/maler-tschepp.at\/index.php\/stuckrestauration\/","url":"https:\/\/maler-tschepp.at\/index.php\/stuckrestauration\/","name":"Stuckrestauration - Malermeister Tschepp","isPartOf":{"@id":"https:\/\/maler-tschepp.at\/#website"},"primaryImageOfPage":{"@id":"https:\/\/maler-tschepp.at\/index.php\/stuckrestauration\/#primaryimage"},"image":{"@id":"https:\/\/maler-tschepp.at\/index.php\/stuckrestauration\/#primaryimage"},"thumbnailUrl":"https:\/\/clever-varahamihira.194-56-190-71.plesk.page\/wordpress\/wp-content\/uploads\/IMG_1332-1024x768.jpg","datePublished":"2015-04-17T09:17:46+00:00","breadcrumb":{"@id":"https:\/\/maler-tschepp.at\/index.php\/stuckrestauration\/#breadcrumb"},"inLanguage":"de","potentialAction":[{"@type":"ReadAction","target":["https:\/\/maler-tschepp.at\/index.php\/stuckrestauration\/"]}]},{"@type":"ImageObject","inLanguage":"de","@id":"https:\/\/maler-tschepp.at\/index.php\/stuckrestauration\/#primaryimage","url":"https:\/\/clever-varahamihira.194-56-190-71.plesk.page\/wordpress\/wp-content\/uploads\/IMG_1332-1024x768.jpg","contentUrl":"https:\/\/clever-varahamihira.194-56-190-71.plesk.page\/wordpress\/wp-content\/uploads\/IMG_1332-1024x768.jpg"},{"@type":"BreadcrumbList","@id":"https:\/\/maler-tschepp.at\/index.php\/stuckrestauration\/#breadcrumb","itemListElement":[{"@type":"ListItem","position":1,"name":"Start","item":"https:\/\/maler-tschepp.at\/"},{"@type":"ListItem","position":2,"name":"Stuckrestauration"}]},{"@type":"WebSite","@id":"https:\/\/maler-tschepp.at\/#website","url":"https:\/\/maler-tschepp.at\/","name":"Malermeister Tschepp","description":"","publisher":{"@id":"https:\/\/maler-tschepp.at\/#organization"},"potentialAction":[{"@type":"SearchAction","target":{"@type":"EntryPoint","urlTemplate":"https:\/\/maler-tschepp.at\/?s={search_term_string}"},"query-input":{"@type":"PropertyValueSpecification","valueRequired":true,"valueName":"search_term_string"}}],"inLanguage":"de"},{"@type":"Organization","@id":"https:\/\/maler-tschepp.at\/#organization","name":"Malermeister Tschepp","url":"https:\/\/maler-tschepp.at\/","logo":{"@type":"ImageObject","inLanguage":"de","@id":"https:\/\/maler-tschepp.at\/#\/schema\/logo\/image\/","url":"https:\/\/maler-tschepp.at\/wp-content\/uploads\/2026\/03\/LOGO_WT1.jpg","contentUrl":"https:\/\/maler-tschepp.at\/wp-content\/uploads\/2026\/03\/LOGO_WT1.jpg","width":529,"height":317,"caption":"Malermeister Tschepp"},"image":{"@id":"https:\/\/maler-tschepp.at\/#\/schema\/logo\/image\/"}}]}},"_links":{"self":[{"href":"https:\/\/maler-tschepp.at\/index.php\/wp-json\/wp\/v2\/pages\/323","targetHints":{"allow":["GET"]}}],"collection":[{"href":"https:\/\/maler-tschepp.at\/index.php\/wp-json\/wp\/v2\/pages"}],"about":[{"href":"https:\/\/maler-tschepp.at\/index.php\/wp-json\/wp\/v2\/types\/page"}],"author":[{"embeddable":true,"href":"https:\/\/maler-tschepp.at\/index.php\/wp-json\/wp\/v2\/users\/1"}],"replies":[{"embeddable":true,"href":"https:\/\/maler-tschepp.at\/index.php\/wp-json\/wp\/v2\/comments?post=323"}],"version-history":[{"count":0,"href":"https:\/\/maler-tschepp.at\/index.php\/wp-json\/wp\/v2\/pages\/323\/revisions"}],"wp:attachment":[{"href":"https:\/\/maler-tschepp.at\/index.php\/wp-json\/wp\/v2\/media?parent=323"}],"curies":[{"name":"wp","href":"https:\/\/api.w.org\/{rel}","templated":true}]}}