{"id":300,"date":"2015-04-17T10:58:01","date_gmt":"2015-04-17T08:58:01","guid":{"rendered":"http:\/\/www.maler-tschepp.at\/?page_id=300"},"modified":"2015-04-17T10:58:01","modified_gmt":"2015-04-17T08:58:01","slug":"fassade-3","status":"publish","type":"page","link":"https:\/\/maler-tschepp.at\/index.php\/fassade-3\/","title":{"rendered":"Fassade"},"content":{"rendered":"<blockquote><p>&nbsp;<\/p>\n<p><a href=\"https:\/\/clever-varahamihira.194-56-190-71.plesk.page\/wordpress\/wp-content\/uploads\/collage1.jpg\"><img loading=\"lazy\" decoding=\"async\" class=\"aligncenter size-full wp-image-6859\" alt=\"collage\" src=\"https:\/\/clever-varahamihira.194-56-190-71.plesk.page\/wordpress\/wp-content\/uploads\/collage1.jpg\" width=\"1200\" height=\"360\" \/><\/a><\/p>\n<p>&nbsp;<\/p>\n<p><span style=\"color: #000000;\"><strong>\u00bbFassadengestaltung<\/strong><\/span><\/p><\/blockquote>\n<p style=\"text-align: justify;\"><span style=\"color: #000000;\">Wir haben das perfekte Renoviersystem. Unsere jahrzehntelange Erfahrung bei Fassadenbeschichtungen garantiert professionelle Abwicklung. Diese reicht von Bereitstellung der Arbeitsb\u00fchnen und Ger\u00fcste \u00fcber fachgerechte Untergrundvorbereitung\u00a0 bis hin zur optimalen Beschichtung.\u00a0Den gestalterischen M\u00f6glichkeiten sind fast keine Grenzen gesetzt, wobei nat\u00fcrlich der Langzeitschutz im Vordergrund steht. Einen besonderen Blickfang an Fassaden schaffen wir mit Schablonentechnik und Linierungen. Auch stilvolle Fenstereinfassungen machen die Fassade zum Unikat.<\/span><\/p>\n<p style=\"text-align: justify;\"><span style=\"color: #000000;\"> Alleiniger Beweggrund einer\u00a0 Fassadensanierung ist jedoch nicht nur die Optik. Die Fassade beeinflusst die Energieeffizienz des Geb\u00e4udes.\u00a0Eine qualit\u00e4tsvolle Fassade hilft jedenfalls Kosten zu sparen und wertet das Objekt entsprechend auf. \u00a0<\/span><\/p>\n<p style=\"text-align: justify;\"><span style=\"color: #000000;\">Wir sind auch Ihr Ansprechpartner, wenn Sie von unsch\u00f6nen\u00a0GRAFFITIS betroffen sind, welche Ihre Fassade verunstalten.<\/span> <strong><span style=\"color: #bd0b03;\"><a title=\"Graffiti Entfernung\" href=\"https:\/\/clever-varahamihira.194-56-190-71.plesk.page\/graffiti-entfernung\/\"><span style=\"color: #bd0b03;\"><span style=\"color: #8a0808;\">&gt;mehr\u00a0lesen<\/span><\/span><\/a><\/span><\/strong><\/p>\n<p style=\"text-align: justify;\"><span style=\"color: #000000;\">Auch <strong><em>kleinfl\u00e4chige Ausbesserungsarbeiten<\/em><\/strong> an Fassaden werden von uns ausgef\u00fchrt und bringen gro\u00dfe Wirkung, denn lose Stellen und Risse an der Fassade zerst\u00f6ren das Schutzschild Ihres Hauses.<\/span><\/p>\n<p><span style=\"color: #000000;\">Wir f\u00fchren <strong>FASSADENAUSBESSERUNGEN<\/strong> an <strong>Bundesdenkmalgesch\u00fctzen Geb\u00e4uden<\/strong> durch.\u00a0<\/span><span style=\"color: #000000;\">Bei Arbeiten am Grazer DOM wurden pr\u00e4zise Ausbesserungen im Sockelbereich mit Kalkfarben umgesetzt, welche mit exakter Farbtonanpassung an den gesamten Altbestand erfoltgen.\u00a0<strong><span style=\"color: #bd0b03;\">\u00a0<\/span><\/strong><\/span><\/p>\n<p><strong><span style=\"color: #000000;\">Strahlender Teint f\u00fcr HOLZOBERFL\u00c4CHEN &#8211; Multicolor &amp; \u00d6kologisch\u00a0<span style=\"color: #ff0000;\"><a title=\"Aktuelles\" href=\"https:\/\/clever-varahamihira.194-56-190-71.plesk.page\/aktuelles\/\"><span style=\"color: #8a0808;\">&gt;mehr\u00a0lesen<\/span><\/a><\/span><\/span><\/strong><\/p>\n<blockquote>\n<h5 style=\"text-align: right;\"><strong><span style=\"color: #000000;\">\u00a0<\/span><\/strong><\/h5>\n<\/blockquote>\n<p><a href=\"https:\/\/clever-varahamihira.194-56-190-71.plesk.page\/wordpress\/wp-content\/uploads\/Panorama.png\"><img loading=\"lazy\" decoding=\"async\" class=\"aligncenter size-large wp-image-7107\" alt=\"Panorama\" src=\"https:\/\/clever-varahamihira.194-56-190-71.plesk.page\/wordpress\/wp-content\/uploads\/Panorama-1024x455.png\" width=\"640\" height=\"284\" \/><\/a><\/p>\n<blockquote>\n<h3 style=\"text-align: center;\"><span style=\"color: #ffffff;\">KIRCHENRENOVIERUNG<\/span><\/h3>\n<\/blockquote>\n<h4 style=\"text-align: center;\"><span style=\"color: #ffffff; text-align: right; line-height: 1.5em;\">________________________________________________________________________________________________<\/span><\/h4>\n<p style=\"text-align: center;\"><a href=\"https:\/\/clever-varahamihira.194-56-190-71.plesk.page\/wp-content\/uploads\/2018\/10\/Panorama1.png\"><img loading=\"lazy\" decoding=\"async\" class=\"aligncenter size-large wp-image-7116\" alt=\"Panorama\" src=\"https:\/\/clever-varahamihira.194-56-190-71.plesk.page\/wordpress\/wp-content\/uploads\/Panorama1-1024x256.png\" width=\"640\" height=\"160\" \/><\/a><\/p>\n","protected":false},"excerpt":{"rendered":"<p>&nbsp; &nbsp; \u00bbFassadengestaltung Wir haben das perfekte Renoviersystem. Unsere jahrzehntelange Erfahrung bei Fassadenbeschichtungen garantiert professionelle<\/p>\n<div class=\"continue-reading-blog\"><a href=\"https:\/\/maler-tschepp.at\/index.php\/fassade-3\/\" class=\"more-link\">Continue Reading<i class=\"fa fa-long-arrow-right\"><\/i><span class=\"screen-reader-text\">Fassade<\/span><\/a><\/div>\n","protected":false},"author":1,"featured_media":0,"parent":0,"menu_order":0,"comment_status":"closed","ping_status":"closed","template":"","meta":{"footnotes":""},"class_list":["post-300","page","type-page","status-publish","hentry"],"yoast_head":"<!-- This site is optimized with the Yoast SEO plugin v27.1.1 - https:\/\/yoast.com\/product\/yoast-seo-wordpress\/ -->\n<title>Fassade - Malermeister Tschepp<\/title>\n<meta name=\"robots\" content=\"index, follow, max-snippet:-1, max-image-preview:large, max-video-preview:-1\" \/>\n<link rel=\"canonical\" href=\"https:\/\/maler-tschepp.at\/index.php\/fassade-3\/\" \/>\n<meta property=\"og:locale\" content=\"de_DE\" \/>\n<meta property=\"og:type\" content=\"article\" \/>\n<meta property=\"og:title\" content=\"Fassade - Malermeister Tschepp\" \/>\n<meta property=\"og:description\" content=\"&nbsp; &nbsp; \u00bbFassadengestaltung Wir haben das perfekte Renoviersystem. Unsere jahrzehntelange Erfahrung bei Fassadenbeschichtungen garantiert professionelleContinue ReadingFassade\" \/>\n<meta property=\"og:url\" content=\"https:\/\/maler-tschepp.at\/index.php\/fassade-3\/\" \/>\n<meta property=\"og:site_name\" content=\"Malermeister Tschepp\" \/>\n<meta property=\"og:image\" content=\"https:\/\/clever-varahamihira.194-56-190-71.plesk.page\/wordpress\/wp-content\/uploads\/collage1.jpg\" \/>\n<meta name=\"twitter:card\" content=\"summary_large_image\" \/>\n<meta name=\"twitter:label1\" content=\"Gesch\u00e4tzte Lesezeit\" \/>\n\t<meta name=\"twitter:data1\" content=\"1\u00a0Minute\" \/>\n<script type=\"application\/ld+json\" class=\"yoast-schema-graph\">{\"@context\":\"https:\/\/schema.org\",\"@graph\":[{\"@type\":\"WebPage\",\"@id\":\"https:\/\/maler-tschepp.at\/index.php\/fassade-3\/\",\"url\":\"https:\/\/maler-tschepp.at\/index.php\/fassade-3\/\",\"name\":\"Fassade - Malermeister Tschepp\",\"isPartOf\":{\"@id\":\"https:\/\/maler-tschepp.at\/#website\"},\"primaryImageOfPage\":{\"@id\":\"https:\/\/maler-tschepp.at\/index.php\/fassade-3\/#primaryimage\"},\"image\":{\"@id\":\"https:\/\/maler-tschepp.at\/index.php\/fassade-3\/#primaryimage\"},\"thumbnailUrl\":\"https:\/\/clever-varahamihira.194-56-190-71.plesk.page\/wordpress\/wp-content\/uploads\/collage1.jpg\",\"datePublished\":\"2015-04-17T08:58:01+00:00\",\"breadcrumb\":{\"@id\":\"https:\/\/maler-tschepp.at\/index.php\/fassade-3\/#breadcrumb\"},\"inLanguage\":\"de\",\"potentialAction\":[{\"@type\":\"ReadAction\",\"target\":[\"https:\/\/maler-tschepp.at\/index.php\/fassade-3\/\"]}]},{\"@type\":\"ImageObject\",\"inLanguage\":\"de\",\"@id\":\"https:\/\/maler-tschepp.at\/index.php\/fassade-3\/#primaryimage\",\"url\":\"https:\/\/clever-varahamihira.194-56-190-71.plesk.page\/wordpress\/wp-content\/uploads\/collage1.jpg\",\"contentUrl\":\"https:\/\/clever-varahamihira.194-56-190-71.plesk.page\/wordpress\/wp-content\/uploads\/collage1.jpg\"},{\"@type\":\"BreadcrumbList\",\"@id\":\"https:\/\/maler-tschepp.at\/index.php\/fassade-3\/#breadcrumb\",\"itemListElement\":[{\"@type\":\"ListItem\",\"position\":1,\"name\":\"Start\",\"item\":\"https:\/\/maler-tschepp.at\/\"},{\"@type\":\"ListItem\",\"position\":2,\"name\":\"Fassade\"}]},{\"@type\":\"WebSite\",\"@id\":\"https:\/\/maler-tschepp.at\/#website\",\"url\":\"https:\/\/maler-tschepp.at\/\",\"name\":\"Malermeister Tschepp\",\"description\":\"\",\"publisher\":{\"@id\":\"https:\/\/maler-tschepp.at\/#organization\"},\"potentialAction\":[{\"@type\":\"SearchAction\",\"target\":{\"@type\":\"EntryPoint\",\"urlTemplate\":\"https:\/\/maler-tschepp.at\/?s={search_term_string}\"},\"query-input\":{\"@type\":\"PropertyValueSpecification\",\"valueRequired\":true,\"valueName\":\"search_term_string\"}}],\"inLanguage\":\"de\"},{\"@type\":\"Organization\",\"@id\":\"https:\/\/maler-tschepp.at\/#organization\",\"name\":\"Malermeister Tschepp\",\"url\":\"https:\/\/maler-tschepp.at\/\",\"logo\":{\"@type\":\"ImageObject\",\"inLanguage\":\"de\",\"@id\":\"https:\/\/maler-tschepp.at\/#\/schema\/logo\/image\/\",\"url\":\"https:\/\/maler-tschepp.at\/wp-content\/uploads\/2026\/03\/LOGO_WT1.jpg\",\"contentUrl\":\"https:\/\/maler-tschepp.at\/wp-content\/uploads\/2026\/03\/LOGO_WT1.jpg\",\"width\":529,\"height\":317,\"caption\":\"Malermeister Tschepp\"},\"image\":{\"@id\":\"https:\/\/maler-tschepp.at\/#\/schema\/logo\/image\/\"}}]}<\/script>\n<!-- \/ Yoast SEO plugin. -->","yoast_head_json":{"title":"Fassade - Malermeister Tschepp","robots":{"index":"index","follow":"follow","max-snippet":"max-snippet:-1","max-image-preview":"max-image-preview:large","max-video-preview":"max-video-preview:-1"},"canonical":"https:\/\/maler-tschepp.at\/index.php\/fassade-3\/","og_locale":"de_DE","og_type":"article","og_title":"Fassade - Malermeister Tschepp","og_description":"&nbsp; &nbsp; \u00bbFassadengestaltung Wir haben das perfekte Renoviersystem. Unsere jahrzehntelange Erfahrung bei Fassadenbeschichtungen garantiert professionelleContinue ReadingFassade","og_url":"https:\/\/maler-tschepp.at\/index.php\/fassade-3\/","og_site_name":"Malermeister Tschepp","og_image":[{"url":"https:\/\/clever-varahamihira.194-56-190-71.plesk.page\/wordpress\/wp-content\/uploads\/collage1.jpg","type":"","width":"","height":""}],"twitter_card":"summary_large_image","twitter_misc":{"Gesch\u00e4tzte Lesezeit":"1\u00a0Minute"},"schema":{"@context":"https:\/\/schema.org","@graph":[{"@type":"WebPage","@id":"https:\/\/maler-tschepp.at\/index.php\/fassade-3\/","url":"https:\/\/maler-tschepp.at\/index.php\/fassade-3\/","name":"Fassade - Malermeister Tschepp","isPartOf":{"@id":"https:\/\/maler-tschepp.at\/#website"},"primaryImageOfPage":{"@id":"https:\/\/maler-tschepp.at\/index.php\/fassade-3\/#primaryimage"},"image":{"@id":"https:\/\/maler-tschepp.at\/index.php\/fassade-3\/#primaryimage"},"thumbnailUrl":"https:\/\/clever-varahamihira.194-56-190-71.plesk.page\/wordpress\/wp-content\/uploads\/collage1.jpg","datePublished":"2015-04-17T08:58:01+00:00","breadcrumb":{"@id":"https:\/\/maler-tschepp.at\/index.php\/fassade-3\/#breadcrumb"},"inLanguage":"de","potentialAction":[{"@type":"ReadAction","target":["https:\/\/maler-tschepp.at\/index.php\/fassade-3\/"]}]},{"@type":"ImageObject","inLanguage":"de","@id":"https:\/\/maler-tschepp.at\/index.php\/fassade-3\/#primaryimage","url":"https:\/\/clever-varahamihira.194-56-190-71.plesk.page\/wordpress\/wp-content\/uploads\/collage1.jpg","contentUrl":"https:\/\/clever-varahamihira.194-56-190-71.plesk.page\/wordpress\/wp-content\/uploads\/collage1.jpg"},{"@type":"BreadcrumbList","@id":"https:\/\/maler-tschepp.at\/index.php\/fassade-3\/#breadcrumb","itemListElement":[{"@type":"ListItem","position":1,"name":"Start","item":"https:\/\/maler-tschepp.at\/"},{"@type":"ListItem","position":2,"name":"Fassade"}]},{"@type":"WebSite","@id":"https:\/\/maler-tschepp.at\/#website","url":"https:\/\/maler-tschepp.at\/","name":"Malermeister Tschepp","description":"","publisher":{"@id":"https:\/\/maler-tschepp.at\/#organization"},"potentialAction":[{"@type":"SearchAction","target":{"@type":"EntryPoint","urlTemplate":"https:\/\/maler-tschepp.at\/?s={search_term_string}"},"query-input":{"@type":"PropertyValueSpecification","valueRequired":true,"valueName":"search_term_string"}}],"inLanguage":"de"},{"@type":"Organization","@id":"https:\/\/maler-tschepp.at\/#organization","name":"Malermeister Tschepp","url":"https:\/\/maler-tschepp.at\/","logo":{"@type":"ImageObject","inLanguage":"de","@id":"https:\/\/maler-tschepp.at\/#\/schema\/logo\/image\/","url":"https:\/\/maler-tschepp.at\/wp-content\/uploads\/2026\/03\/LOGO_WT1.jpg","contentUrl":"https:\/\/maler-tschepp.at\/wp-content\/uploads\/2026\/03\/LOGO_WT1.jpg","width":529,"height":317,"caption":"Malermeister Tschepp"},"image":{"@id":"https:\/\/maler-tschepp.at\/#\/schema\/logo\/image\/"}}]}},"_links":{"self":[{"href":"https:\/\/maler-tschepp.at\/index.php\/wp-json\/wp\/v2\/pages\/300","targetHints":{"allow":["GET"]}}],"collection":[{"href":"https:\/\/maler-tschepp.at\/index.php\/wp-json\/wp\/v2\/pages"}],"about":[{"href":"https:\/\/maler-tschepp.at\/index.php\/wp-json\/wp\/v2\/types\/page"}],"author":[{"embeddable":true,"href":"https:\/\/maler-tschepp.at\/index.php\/wp-json\/wp\/v2\/users\/1"}],"replies":[{"embeddable":true,"href":"https:\/\/maler-tschepp.at\/index.php\/wp-json\/wp\/v2\/comments?post=300"}],"version-history":[{"count":0,"href":"https:\/\/maler-tschepp.at\/index.php\/wp-json\/wp\/v2\/pages\/300\/revisions"}],"wp:attachment":[{"href":"https:\/\/maler-tschepp.at\/index.php\/wp-json\/wp\/v2\/media?parent=300"}],"curies":[{"name":"wp","href":"https:\/\/api.w.org\/{rel}","templated":true}]}}