{"id":293,"date":"2015-04-17T10:51:00","date_gmt":"2015-04-17T08:51:00","guid":{"rendered":"http:\/\/www.maler-tschepp.at\/?page_id=293"},"modified":"2015-04-17T10:51:00","modified_gmt":"2015-04-17T08:51:00","slug":"beschichtung-in-oel-und-lack","status":"publish","type":"page","link":"https:\/\/maler-tschepp.at\/index.php\/beschichtung-in-oel-und-lack\/","title":{"rendered":"Beschichtung"},"content":{"rendered":"<figure id=\"attachment_466\" aria-describedby=\"caption-attachment-466\" style=\"width: 691px\" class=\"wp-caption alignleft\"><a href=\"https:\/\/clever-varahamihira.194-56-190-71.plesk.page\/wordpress\/wp-content\/uploads\/Beschichtung-Gartenm%C3%B6bel.jpg\"><img loading=\"lazy\" decoding=\"async\" class=\" wp-image-466  \" alt=\"Beschichtung Gartenm\u00f6bel\" src=\"https:\/\/clever-varahamihira.194-56-190-71.plesk.page\/wordpress\/wp-content\/uploads\/Beschichtung-Gartenm%C3%B6bel-1024x856.jpg\" width=\"691\" height=\"578\" \/><\/a><figcaption id=\"caption-attachment-466\" class=\"wp-caption-text\"><span style=\"color: #000000;\">Beschichtung Gartenm\u00f6bel<\/span><\/figcaption><\/figure>\n<blockquote><p><span style=\"color: #000000;\"><strong>Beschichtung in \u00d6l und Lack<\/strong><\/span><\/p><\/blockquote>\n<p style=\"text-align: justify;\"><span style=\"color: #000000;\">Wir sind Spezialist f\u00fcr Au\u00dfen- und Innenanstrich und liefern Ihnen professionelle Lackierarbeiten f\u00fcr T\u00fcren und Fenster im Spritzverfahren, streichen oder lasieren Holz, Kunststoffe sowie Metall.\u00a0Wir lackieren Fl\u00fcgelt\u00fcren mit entsprechender Sorgfalt und lassen diese im neuen Glanz erstrahlen.<\/span><\/p>\n<p style=\"text-align: justify;\"><span style=\"color: #000000;\">Anstriche haben in erster Linie eine sch\u00fctzende Funktion, jedoch k\u00f6nnen Beschichtungen auch eine besonders schm\u00fcckende Wirkung zeigen. Gerade im Garten ist Holzschutz ein wichtiges Thema.<\/span><\/p>\n<p style=\"text-align: justify;\"><span style=\"line-height: 1.5em; color: #000000;\">Ein qualitativ hochwertiger Oberfl\u00e4chenanstrich gew\u00e4hrt Schutz vor Abn\u00fctzung und Witterung, was besonders auch f\u00fcr Balkon, Laube und Holzfassade wesentlich ist.<br \/>\nWir geben Ihnen gerne weiterf\u00fchrende Informationen zum Thema Beschichtung.\u00a0<\/span><\/p>\n","protected":false},"excerpt":{"rendered":"<p>Beschichtung in \u00d6l und Lack Wir sind Spezialist f\u00fcr Au\u00dfen- und Innenanstrich und liefern Ihnen<\/p>\n<div class=\"continue-reading-blog\"><a href=\"https:\/\/maler-tschepp.at\/index.php\/beschichtung-in-oel-und-lack\/\" class=\"more-link\">Continue Reading<i class=\"fa fa-long-arrow-right\"><\/i><span class=\"screen-reader-text\">Beschichtung<\/span><\/a><\/div>\n","protected":false},"author":1,"featured_media":0,"parent":0,"menu_order":0,"comment_status":"closed","ping_status":"closed","template":"","meta":{"footnotes":""},"class_list":["post-293","page","type-page","status-publish","hentry"],"yoast_head":"<!-- This site is optimized with the Yoast SEO plugin v27.1.1 - https:\/\/yoast.com\/product\/yoast-seo-wordpress\/ -->\n<title>Beschichtung - Malermeister Tschepp<\/title>\n<meta name=\"robots\" content=\"index, follow, max-snippet:-1, max-image-preview:large, max-video-preview:-1\" \/>\n<link rel=\"canonical\" href=\"https:\/\/maler-tschepp.at\/index.php\/beschichtung-in-oel-und-lack\/\" \/>\n<meta property=\"og:locale\" content=\"de_DE\" \/>\n<meta property=\"og:type\" content=\"article\" \/>\n<meta property=\"og:title\" content=\"Beschichtung - Malermeister Tschepp\" \/>\n<meta property=\"og:description\" content=\"Beschichtung in \u00d6l und Lack Wir sind Spezialist f\u00fcr Au\u00dfen- und Innenanstrich und liefern IhnenContinue ReadingBeschichtung\" \/>\n<meta property=\"og:url\" content=\"https:\/\/maler-tschepp.at\/index.php\/beschichtung-in-oel-und-lack\/\" \/>\n<meta property=\"og:site_name\" content=\"Malermeister Tschepp\" \/>\n<meta property=\"og:image\" content=\"https:\/\/clever-varahamihira.194-56-190-71.plesk.page\/wordpress\/wp-content\/uploads\/Beschichtung-Gartenm%C3%B6bel-1024x856.jpg\" \/>\n<meta name=\"twitter:card\" content=\"summary_large_image\" \/>\n<meta name=\"twitter:label1\" content=\"Gesch\u00e4tzte Lesezeit\" \/>\n\t<meta name=\"twitter:data1\" content=\"1\u00a0Minute\" \/>\n<script type=\"application\/ld+json\" class=\"yoast-schema-graph\">{\"@context\":\"https:\/\/schema.org\",\"@graph\":[{\"@type\":\"WebPage\",\"@id\":\"https:\/\/maler-tschepp.at\/index.php\/beschichtung-in-oel-und-lack\/\",\"url\":\"https:\/\/maler-tschepp.at\/index.php\/beschichtung-in-oel-und-lack\/\",\"name\":\"Beschichtung - Malermeister Tschepp\",\"isPartOf\":{\"@id\":\"https:\/\/maler-tschepp.at\/#website\"},\"primaryImageOfPage\":{\"@id\":\"https:\/\/maler-tschepp.at\/index.php\/beschichtung-in-oel-und-lack\/#primaryimage\"},\"image\":{\"@id\":\"https:\/\/maler-tschepp.at\/index.php\/beschichtung-in-oel-und-lack\/#primaryimage\"},\"thumbnailUrl\":\"https:\/\/clever-varahamihira.194-56-190-71.plesk.page\/wordpress\/wp-content\/uploads\/Beschichtung-Gartenm%C3%B6bel-1024x856.jpg\",\"datePublished\":\"2015-04-17T08:51:00+00:00\",\"breadcrumb\":{\"@id\":\"https:\/\/maler-tschepp.at\/index.php\/beschichtung-in-oel-und-lack\/#breadcrumb\"},\"inLanguage\":\"de\",\"potentialAction\":[{\"@type\":\"ReadAction\",\"target\":[\"https:\/\/maler-tschepp.at\/index.php\/beschichtung-in-oel-und-lack\/\"]}]},{\"@type\":\"ImageObject\",\"inLanguage\":\"de\",\"@id\":\"https:\/\/maler-tschepp.at\/index.php\/beschichtung-in-oel-und-lack\/#primaryimage\",\"url\":\"https:\/\/clever-varahamihira.194-56-190-71.plesk.page\/wordpress\/wp-content\/uploads\/Beschichtung-Gartenm%C3%B6bel-1024x856.jpg\",\"contentUrl\":\"https:\/\/clever-varahamihira.194-56-190-71.plesk.page\/wordpress\/wp-content\/uploads\/Beschichtung-Gartenm%C3%B6bel-1024x856.jpg\"},{\"@type\":\"BreadcrumbList\",\"@id\":\"https:\/\/maler-tschepp.at\/index.php\/beschichtung-in-oel-und-lack\/#breadcrumb\",\"itemListElement\":[{\"@type\":\"ListItem\",\"position\":1,\"name\":\"Start\",\"item\":\"https:\/\/maler-tschepp.at\/\"},{\"@type\":\"ListItem\",\"position\":2,\"name\":\"Beschichtung\"}]},{\"@type\":\"WebSite\",\"@id\":\"https:\/\/maler-tschepp.at\/#website\",\"url\":\"https:\/\/maler-tschepp.at\/\",\"name\":\"Malermeister Tschepp\",\"description\":\"\",\"publisher\":{\"@id\":\"https:\/\/maler-tschepp.at\/#organization\"},\"potentialAction\":[{\"@type\":\"SearchAction\",\"target\":{\"@type\":\"EntryPoint\",\"urlTemplate\":\"https:\/\/maler-tschepp.at\/?s={search_term_string}\"},\"query-input\":{\"@type\":\"PropertyValueSpecification\",\"valueRequired\":true,\"valueName\":\"search_term_string\"}}],\"inLanguage\":\"de\"},{\"@type\":\"Organization\",\"@id\":\"https:\/\/maler-tschepp.at\/#organization\",\"name\":\"Malermeister Tschepp\",\"url\":\"https:\/\/maler-tschepp.at\/\",\"logo\":{\"@type\":\"ImageObject\",\"inLanguage\":\"de\",\"@id\":\"https:\/\/maler-tschepp.at\/#\/schema\/logo\/image\/\",\"url\":\"https:\/\/maler-tschepp.at\/wp-content\/uploads\/2026\/03\/LOGO_WT1.jpg\",\"contentUrl\":\"https:\/\/maler-tschepp.at\/wp-content\/uploads\/2026\/03\/LOGO_WT1.jpg\",\"width\":529,\"height\":317,\"caption\":\"Malermeister Tschepp\"},\"image\":{\"@id\":\"https:\/\/maler-tschepp.at\/#\/schema\/logo\/image\/\"}}]}<\/script>\n<!-- \/ Yoast SEO plugin. -->","yoast_head_json":{"title":"Beschichtung - Malermeister Tschepp","robots":{"index":"index","follow":"follow","max-snippet":"max-snippet:-1","max-image-preview":"max-image-preview:large","max-video-preview":"max-video-preview:-1"},"canonical":"https:\/\/maler-tschepp.at\/index.php\/beschichtung-in-oel-und-lack\/","og_locale":"de_DE","og_type":"article","og_title":"Beschichtung - Malermeister Tschepp","og_description":"Beschichtung in \u00d6l und Lack Wir sind Spezialist f\u00fcr Au\u00dfen- und Innenanstrich und liefern IhnenContinue ReadingBeschichtung","og_url":"https:\/\/maler-tschepp.at\/index.php\/beschichtung-in-oel-und-lack\/","og_site_name":"Malermeister Tschepp","og_image":[{"url":"https:\/\/clever-varahamihira.194-56-190-71.plesk.page\/wordpress\/wp-content\/uploads\/Beschichtung-Gartenm%C3%B6bel-1024x856.jpg","type":"","width":"","height":""}],"twitter_card":"summary_large_image","twitter_misc":{"Gesch\u00e4tzte Lesezeit":"1\u00a0Minute"},"schema":{"@context":"https:\/\/schema.org","@graph":[{"@type":"WebPage","@id":"https:\/\/maler-tschepp.at\/index.php\/beschichtung-in-oel-und-lack\/","url":"https:\/\/maler-tschepp.at\/index.php\/beschichtung-in-oel-und-lack\/","name":"Beschichtung - Malermeister Tschepp","isPartOf":{"@id":"https:\/\/maler-tschepp.at\/#website"},"primaryImageOfPage":{"@id":"https:\/\/maler-tschepp.at\/index.php\/beschichtung-in-oel-und-lack\/#primaryimage"},"image":{"@id":"https:\/\/maler-tschepp.at\/index.php\/beschichtung-in-oel-und-lack\/#primaryimage"},"thumbnailUrl":"https:\/\/clever-varahamihira.194-56-190-71.plesk.page\/wordpress\/wp-content\/uploads\/Beschichtung-Gartenm%C3%B6bel-1024x856.jpg","datePublished":"2015-04-17T08:51:00+00:00","breadcrumb":{"@id":"https:\/\/maler-tschepp.at\/index.php\/beschichtung-in-oel-und-lack\/#breadcrumb"},"inLanguage":"de","potentialAction":[{"@type":"ReadAction","target":["https:\/\/maler-tschepp.at\/index.php\/beschichtung-in-oel-und-lack\/"]}]},{"@type":"ImageObject","inLanguage":"de","@id":"https:\/\/maler-tschepp.at\/index.php\/beschichtung-in-oel-und-lack\/#primaryimage","url":"https:\/\/clever-varahamihira.194-56-190-71.plesk.page\/wordpress\/wp-content\/uploads\/Beschichtung-Gartenm%C3%B6bel-1024x856.jpg","contentUrl":"https:\/\/clever-varahamihira.194-56-190-71.plesk.page\/wordpress\/wp-content\/uploads\/Beschichtung-Gartenm%C3%B6bel-1024x856.jpg"},{"@type":"BreadcrumbList","@id":"https:\/\/maler-tschepp.at\/index.php\/beschichtung-in-oel-und-lack\/#breadcrumb","itemListElement":[{"@type":"ListItem","position":1,"name":"Start","item":"https:\/\/maler-tschepp.at\/"},{"@type":"ListItem","position":2,"name":"Beschichtung"}]},{"@type":"WebSite","@id":"https:\/\/maler-tschepp.at\/#website","url":"https:\/\/maler-tschepp.at\/","name":"Malermeister Tschepp","description":"","publisher":{"@id":"https:\/\/maler-tschepp.at\/#organization"},"potentialAction":[{"@type":"SearchAction","target":{"@type":"EntryPoint","urlTemplate":"https:\/\/maler-tschepp.at\/?s={search_term_string}"},"query-input":{"@type":"PropertyValueSpecification","valueRequired":true,"valueName":"search_term_string"}}],"inLanguage":"de"},{"@type":"Organization","@id":"https:\/\/maler-tschepp.at\/#organization","name":"Malermeister Tschepp","url":"https:\/\/maler-tschepp.at\/","logo":{"@type":"ImageObject","inLanguage":"de","@id":"https:\/\/maler-tschepp.at\/#\/schema\/logo\/image\/","url":"https:\/\/maler-tschepp.at\/wp-content\/uploads\/2026\/03\/LOGO_WT1.jpg","contentUrl":"https:\/\/maler-tschepp.at\/wp-content\/uploads\/2026\/03\/LOGO_WT1.jpg","width":529,"height":317,"caption":"Malermeister Tschepp"},"image":{"@id":"https:\/\/maler-tschepp.at\/#\/schema\/logo\/image\/"}}]}},"_links":{"self":[{"href":"https:\/\/maler-tschepp.at\/index.php\/wp-json\/wp\/v2\/pages\/293","targetHints":{"allow":["GET"]}}],"collection":[{"href":"https:\/\/maler-tschepp.at\/index.php\/wp-json\/wp\/v2\/pages"}],"about":[{"href":"https:\/\/maler-tschepp.at\/index.php\/wp-json\/wp\/v2\/types\/page"}],"author":[{"embeddable":true,"href":"https:\/\/maler-tschepp.at\/index.php\/wp-json\/wp\/v2\/users\/1"}],"replies":[{"embeddable":true,"href":"https:\/\/maler-tschepp.at\/index.php\/wp-json\/wp\/v2\/comments?post=293"}],"version-history":[{"count":0,"href":"https:\/\/maler-tschepp.at\/index.php\/wp-json\/wp\/v2\/pages\/293\/revisions"}],"wp:attachment":[{"href":"https:\/\/maler-tschepp.at\/index.php\/wp-json\/wp\/v2\/media?parent=293"}],"curies":[{"name":"wp","href":"https:\/\/api.w.org\/{rel}","templated":true}]}}