{"id":283,"date":"2015-04-17T10:35:59","date_gmt":"2015-04-17T08:35:59","guid":{"rendered":"http:\/\/www.maler-tschepp.at\/?page_id=283"},"modified":"2026-03-17T21:38:36","modified_gmt":"2026-03-17T21:38:36","slug":"malerei-2","status":"publish","type":"page","link":"https:\/\/maler-tschepp.at\/index.php\/malerei-2\/","title":{"rendered":"Malerei"},"content":{"rendered":"\n<p><\/p>\n\n\n\n<figure class=\"wp-block-image size-large is-style-default\"><img loading=\"lazy\" decoding=\"async\" width=\"1024\" height=\"768\" src=\"https:\/\/clever-varahamihira.194-56-190-71.plesk.page\/wp-content\/uploads\/2021\/05\/IMG_9437-1024x768.jpg\" alt=\"\" class=\"wp-image-7628\" style=\"aspect-ratio:16\/9;object-fit:cover\" srcset=\"https:\/\/maler-tschepp.at\/wp-content\/uploads\/2021\/05\/IMG_9437-1024x768.jpg 1024w, https:\/\/maler-tschepp.at\/wp-content\/uploads\/2021\/05\/IMG_9437-300x225.jpg 300w, https:\/\/maler-tschepp.at\/wp-content\/uploads\/2021\/05\/IMG_9437-768x576.jpg 768w, https:\/\/maler-tschepp.at\/wp-content\/uploads\/2021\/05\/IMG_9437-1536x1152.jpg 1536w, https:\/\/maler-tschepp.at\/wp-content\/uploads\/2021\/05\/IMG_9437.jpg 1600w\" sizes=\"auto, (max-width: 1024px) 100vw, 1024px\" \/><\/figure>\n\n\n\n<p><span style=\"color: #000000;\"><strong>Malerarbeiten \u00bb Innendesign<\/strong><\/span><\/p>\n\n\n\n<p><span style=\"color: #000000;\">Mit alten Arbeitstechniken wie Lasieren, Marmorieren, Freskenmalerei, Schablone in Kalk, Leim und Kaseintechnik verbinden wir Tradition und Moderne. Wir helfen Ihnen auch nach einem <\/span><span style=\"color: #000000;\"><a title=\"Wasserschaden\" href=\"https:\/\/clever-varahamihira.194-56-190-71.plesk.page\/wasserschaden\/\"><span style=\"text-decoration: underline; color: #000000;\">Brand- oder Wasserschaden<\/span><\/a><\/span><span style=\"color: #000000;\"> zur\u00fcck zu saubere R\u00e4ume und sanieren Ihr Mauerwerk bei <span style=\"text-decoration: underline;\"><a title=\"Schimmelbek\u00e4mpfung\" href=\"https:\/\/clever-varahamihira.194-56-190-71.plesk.page\/schimmelbekaempfung\/\"><span style=\"color: #000000; text-decoration: underline;\">Schimmelbefall<\/span><\/a><\/span>.<\/span><\/p>\n\n\n\n<p><\/p>\n\n\n\n<p><span style=\"color: #000000;\"><strong>Stiegenhaus &#8211; Renovierung oder Auffrischung<\/strong><\/span><\/p>\n\n\n\n<p><span style=\"color: #000000;\">Gerade im Stiegenhaus lassen hohe W\u00e4nde besondere Gestaltungsm\u00f6glichkeiten zu und bieten idealen Platz f\u00fcr Wandmotive. Durch Farben und verschiedene Maltechniken schaffen wir jedenfalls den passenden Empfang in Ihrem Eingangsbereich. Mit Lasuren k\u00f6nnen hierbei optische Mustereffekte erzeugt werden. Dadurch wirkt jedes Stiegenhaus freundlich einladend. Auch W\u00e4nde mit Linierungen, Wickeltechnik, m\u00f6glichen Schablonierungen oder einfach nur nat\u00fcrlichen Farbt\u00f6nen lassen vielf\u00e4ltige Gestaltungsvarianten zu. <span style=\"text-decoration: underline;\"><span style=\"text-decoration: underline;\">M<a title=\"Marmorierung\" href=\"https:\/\/clever-varahamihira.194-56-190-71.plesk.page\/marmorierung\/\"><span style=\"color: #000000; text-decoration: underline;\">armorierungs-Techniken<\/span><\/a><\/span><\/span> bieten sich ideal an, um einzelne Fl\u00e4chen besonders hervorzuheben. Es entsteht ein gediegener Look welcher die Struktur des Marmorsteins im gew\u00e4hlten Farbton pr\u00e4sentiert. Wir haben das richtige Fingerspitzengef\u00fchl f\u00fcr einen passenden Empfang und f\u00fcr jeden Privat- als auch Gewerbebereich perfekte L\u00f6sungskonzepte.<\/span><\/p>\n\n\n\n<p><span style=\"color: #ffffff;\"><strong><a title=\"Bildergalerie\" href=\"https:\/\/clever-varahamihira.194-56-190-71.plesk.page\/galerie\/\"><span style=\"color: #ffffff;\">&gt; Arbeitsbeispiele in Galerie<\/span><\/a><\/strong><\/span><\/p>\n\n\n\n<p><span style=\"color: #000000;\">Wir gehen sorgf\u00e4ltig mit unserer Umwelt um und verarbeiten \u00f6kologische Farben und Lacke. Eine gro\u00dfe Auswahl an Produkten, welche auch f\u00fcr Allergiker geeignet sind, stehen zur Verf\u00fcgung. Kalkfarben sind beispielsweise bedenkenlos einsetzbar und wirken zudem pilzhemmend. Zahlreiche Qualit\u00e4tsprodukte enthalten keine giftigen L\u00f6sungsmittel. Unser Anspruch ist es, Sie bei der Planung Ihres Projektes passend zu Ihrem Wohnstil zu beraten und alle Arbeiten qualit\u00e4tsvoll und termingerecht umzusetzen.<\/span><\/p>\n\n\n\n<p><span style=\"color: #000000; text-align: justify;\">Sie haben Fragen oder ben\u00f6tigen einen Vorort-Termin? Nehmen Sie <\/span><span style=\"text-decoration: underline;\"><strong><a title=\"Kontakt\" href=\"https:\/\/clever-varahamihira.194-56-190-71.plesk.page\/kontakt\/\"><span style=\"color: #000000; text-decoration: underline;\">Kontakt <\/span><\/a><\/strong><\/span><span style=\"color: #000000; text-align: justify;\">zu uns auf.<\/span><\/p>\n","protected":false},"excerpt":{"rendered":"<p>Malerarbeiten \u00bb Innendesign Mit alten Arbeitstechniken wie Lasieren, Marmorieren, Freskenmalerei, Schablone in Kalk, Leim und<\/p>\n<div class=\"continue-reading-blog\"><a href=\"https:\/\/maler-tschepp.at\/index.php\/malerei-2\/\" class=\"more-link\">Continue Reading<i class=\"fa fa-long-arrow-right\"><\/i><span class=\"screen-reader-text\">Malerei<\/span><\/a><\/div>\n","protected":false},"author":1,"featured_media":0,"parent":0,"menu_order":0,"comment_status":"closed","ping_status":"closed","template":"","meta":{"footnotes":""},"class_list":["post-283","page","type-page","status-publish","hentry"],"yoast_head":"<!-- This site is optimized with the Yoast SEO plugin v27.1.1 - https:\/\/yoast.com\/product\/yoast-seo-wordpress\/ -->\n<title>Malerei - Malermeister Tschepp<\/title>\n<meta name=\"robots\" content=\"index, follow, max-snippet:-1, max-image-preview:large, max-video-preview:-1\" \/>\n<link rel=\"canonical\" href=\"https:\/\/maler-tschepp.at\/index.php\/malerei-2\/\" \/>\n<meta property=\"og:locale\" content=\"de_DE\" \/>\n<meta property=\"og:type\" content=\"article\" \/>\n<meta property=\"og:title\" content=\"Malerei - Malermeister Tschepp\" \/>\n<meta property=\"og:description\" content=\"Malerarbeiten \u00bb Innendesign Mit alten Arbeitstechniken wie Lasieren, Marmorieren, Freskenmalerei, Schablone in Kalk, Leim undContinue ReadingMalerei\" \/>\n<meta property=\"og:url\" content=\"https:\/\/maler-tschepp.at\/index.php\/malerei-2\/\" \/>\n<meta property=\"og:site_name\" content=\"Malermeister Tschepp\" \/>\n<meta property=\"article:modified_time\" content=\"2026-03-17T21:38:36+00:00\" \/>\n<meta property=\"og:image\" content=\"https:\/\/clever-varahamihira.194-56-190-71.plesk.page\/wp-content\/uploads\/2021\/05\/IMG_9437-1024x768.jpg\" \/>\n<meta name=\"twitter:card\" content=\"summary_large_image\" \/>\n<meta name=\"twitter:label1\" content=\"Gesch\u00e4tzte Lesezeit\" \/>\n\t<meta name=\"twitter:data1\" content=\"2\u00a0Minuten\" \/>\n<script type=\"application\/ld+json\" class=\"yoast-schema-graph\">{\"@context\":\"https:\/\/schema.org\",\"@graph\":[{\"@type\":\"WebPage\",\"@id\":\"https:\/\/maler-tschepp.at\/index.php\/malerei-2\/\",\"url\":\"https:\/\/maler-tschepp.at\/index.php\/malerei-2\/\",\"name\":\"Malerei - Malermeister Tschepp\",\"isPartOf\":{\"@id\":\"https:\/\/maler-tschepp.at\/#website\"},\"primaryImageOfPage\":{\"@id\":\"https:\/\/maler-tschepp.at\/index.php\/malerei-2\/#primaryimage\"},\"image\":{\"@id\":\"https:\/\/maler-tschepp.at\/index.php\/malerei-2\/#primaryimage\"},\"thumbnailUrl\":\"https:\/\/clever-varahamihira.194-56-190-71.plesk.page\/wp-content\/uploads\/2021\/05\/IMG_9437-1024x768.jpg\",\"datePublished\":\"2015-04-17T08:35:59+00:00\",\"dateModified\":\"2026-03-17T21:38:36+00:00\",\"breadcrumb\":{\"@id\":\"https:\/\/maler-tschepp.at\/index.php\/malerei-2\/#breadcrumb\"},\"inLanguage\":\"de\",\"potentialAction\":[{\"@type\":\"ReadAction\",\"target\":[\"https:\/\/maler-tschepp.at\/index.php\/malerei-2\/\"]}]},{\"@type\":\"ImageObject\",\"inLanguage\":\"de\",\"@id\":\"https:\/\/maler-tschepp.at\/index.php\/malerei-2\/#primaryimage\",\"url\":\"https:\/\/clever-varahamihira.194-56-190-71.plesk.page\/wp-content\/uploads\/2021\/05\/IMG_9437-1024x768.jpg\",\"contentUrl\":\"https:\/\/clever-varahamihira.194-56-190-71.plesk.page\/wp-content\/uploads\/2021\/05\/IMG_9437-1024x768.jpg\"},{\"@type\":\"BreadcrumbList\",\"@id\":\"https:\/\/maler-tschepp.at\/index.php\/malerei-2\/#breadcrumb\",\"itemListElement\":[{\"@type\":\"ListItem\",\"position\":1,\"name\":\"Start\",\"item\":\"https:\/\/maler-tschepp.at\/\"},{\"@type\":\"ListItem\",\"position\":2,\"name\":\"Malerei\"}]},{\"@type\":\"WebSite\",\"@id\":\"https:\/\/maler-tschepp.at\/#website\",\"url\":\"https:\/\/maler-tschepp.at\/\",\"name\":\"Malermeister Tschepp\",\"description\":\"\",\"publisher\":{\"@id\":\"https:\/\/maler-tschepp.at\/#organization\"},\"potentialAction\":[{\"@type\":\"SearchAction\",\"target\":{\"@type\":\"EntryPoint\",\"urlTemplate\":\"https:\/\/maler-tschepp.at\/?s={search_term_string}\"},\"query-input\":{\"@type\":\"PropertyValueSpecification\",\"valueRequired\":true,\"valueName\":\"search_term_string\"}}],\"inLanguage\":\"de\"},{\"@type\":\"Organization\",\"@id\":\"https:\/\/maler-tschepp.at\/#organization\",\"name\":\"Malermeister Tschepp\",\"url\":\"https:\/\/maler-tschepp.at\/\",\"logo\":{\"@type\":\"ImageObject\",\"inLanguage\":\"de\",\"@id\":\"https:\/\/maler-tschepp.at\/#\/schema\/logo\/image\/\",\"url\":\"https:\/\/maler-tschepp.at\/wp-content\/uploads\/2026\/03\/LOGO_WT1.jpg\",\"contentUrl\":\"https:\/\/maler-tschepp.at\/wp-content\/uploads\/2026\/03\/LOGO_WT1.jpg\",\"width\":529,\"height\":317,\"caption\":\"Malermeister Tschepp\"},\"image\":{\"@id\":\"https:\/\/maler-tschepp.at\/#\/schema\/logo\/image\/\"}}]}<\/script>\n<!-- \/ Yoast SEO plugin. -->","yoast_head_json":{"title":"Malerei - Malermeister Tschepp","robots":{"index":"index","follow":"follow","max-snippet":"max-snippet:-1","max-image-preview":"max-image-preview:large","max-video-preview":"max-video-preview:-1"},"canonical":"https:\/\/maler-tschepp.at\/index.php\/malerei-2\/","og_locale":"de_DE","og_type":"article","og_title":"Malerei - Malermeister Tschepp","og_description":"Malerarbeiten \u00bb Innendesign Mit alten Arbeitstechniken wie Lasieren, Marmorieren, Freskenmalerei, Schablone in Kalk, Leim undContinue ReadingMalerei","og_url":"https:\/\/maler-tschepp.at\/index.php\/malerei-2\/","og_site_name":"Malermeister Tschepp","article_modified_time":"2026-03-17T21:38:36+00:00","og_image":[{"url":"https:\/\/clever-varahamihira.194-56-190-71.plesk.page\/wp-content\/uploads\/2021\/05\/IMG_9437-1024x768.jpg","type":"","width":"","height":""}],"twitter_card":"summary_large_image","twitter_misc":{"Gesch\u00e4tzte Lesezeit":"2\u00a0Minuten"},"schema":{"@context":"https:\/\/schema.org","@graph":[{"@type":"WebPage","@id":"https:\/\/maler-tschepp.at\/index.php\/malerei-2\/","url":"https:\/\/maler-tschepp.at\/index.php\/malerei-2\/","name":"Malerei - Malermeister Tschepp","isPartOf":{"@id":"https:\/\/maler-tschepp.at\/#website"},"primaryImageOfPage":{"@id":"https:\/\/maler-tschepp.at\/index.php\/malerei-2\/#primaryimage"},"image":{"@id":"https:\/\/maler-tschepp.at\/index.php\/malerei-2\/#primaryimage"},"thumbnailUrl":"https:\/\/clever-varahamihira.194-56-190-71.plesk.page\/wp-content\/uploads\/2021\/05\/IMG_9437-1024x768.jpg","datePublished":"2015-04-17T08:35:59+00:00","dateModified":"2026-03-17T21:38:36+00:00","breadcrumb":{"@id":"https:\/\/maler-tschepp.at\/index.php\/malerei-2\/#breadcrumb"},"inLanguage":"de","potentialAction":[{"@type":"ReadAction","target":["https:\/\/maler-tschepp.at\/index.php\/malerei-2\/"]}]},{"@type":"ImageObject","inLanguage":"de","@id":"https:\/\/maler-tschepp.at\/index.php\/malerei-2\/#primaryimage","url":"https:\/\/clever-varahamihira.194-56-190-71.plesk.page\/wp-content\/uploads\/2021\/05\/IMG_9437-1024x768.jpg","contentUrl":"https:\/\/clever-varahamihira.194-56-190-71.plesk.page\/wp-content\/uploads\/2021\/05\/IMG_9437-1024x768.jpg"},{"@type":"BreadcrumbList","@id":"https:\/\/maler-tschepp.at\/index.php\/malerei-2\/#breadcrumb","itemListElement":[{"@type":"ListItem","position":1,"name":"Start","item":"https:\/\/maler-tschepp.at\/"},{"@type":"ListItem","position":2,"name":"Malerei"}]},{"@type":"WebSite","@id":"https:\/\/maler-tschepp.at\/#website","url":"https:\/\/maler-tschepp.at\/","name":"Malermeister Tschepp","description":"","publisher":{"@id":"https:\/\/maler-tschepp.at\/#organization"},"potentialAction":[{"@type":"SearchAction","target":{"@type":"EntryPoint","urlTemplate":"https:\/\/maler-tschepp.at\/?s={search_term_string}"},"query-input":{"@type":"PropertyValueSpecification","valueRequired":true,"valueName":"search_term_string"}}],"inLanguage":"de"},{"@type":"Organization","@id":"https:\/\/maler-tschepp.at\/#organization","name":"Malermeister Tschepp","url":"https:\/\/maler-tschepp.at\/","logo":{"@type":"ImageObject","inLanguage":"de","@id":"https:\/\/maler-tschepp.at\/#\/schema\/logo\/image\/","url":"https:\/\/maler-tschepp.at\/wp-content\/uploads\/2026\/03\/LOGO_WT1.jpg","contentUrl":"https:\/\/maler-tschepp.at\/wp-content\/uploads\/2026\/03\/LOGO_WT1.jpg","width":529,"height":317,"caption":"Malermeister Tschepp"},"image":{"@id":"https:\/\/maler-tschepp.at\/#\/schema\/logo\/image\/"}}]}},"_links":{"self":[{"href":"https:\/\/maler-tschepp.at\/index.php\/wp-json\/wp\/v2\/pages\/283","targetHints":{"allow":["GET"]}}],"collection":[{"href":"https:\/\/maler-tschepp.at\/index.php\/wp-json\/wp\/v2\/pages"}],"about":[{"href":"https:\/\/maler-tschepp.at\/index.php\/wp-json\/wp\/v2\/types\/page"}],"author":[{"embeddable":true,"href":"https:\/\/maler-tschepp.at\/index.php\/wp-json\/wp\/v2\/users\/1"}],"replies":[{"embeddable":true,"href":"https:\/\/maler-tschepp.at\/index.php\/wp-json\/wp\/v2\/comments?post=283"}],"version-history":[{"count":3,"href":"https:\/\/maler-tschepp.at\/index.php\/wp-json\/wp\/v2\/pages\/283\/revisions"}],"predecessor-version":[{"id":7816,"href":"https:\/\/maler-tschepp.at\/index.php\/wp-json\/wp\/v2\/pages\/283\/revisions\/7816"}],"wp:attachment":[{"href":"https:\/\/maler-tschepp.at\/index.php\/wp-json\/wp\/v2\/media?parent=283"}],"curies":[{"name":"wp","href":"https:\/\/api.w.org\/{rel}","templated":true}]}}