{"id":221,"date":"2015-04-15T19:51:19","date_gmt":"2015-04-15T17:51:19","guid":{"rendered":"http:\/\/www.maler-tschepp.at\/?page_id=221"},"modified":"2026-03-17T22:15:09","modified_gmt":"2026-03-17T22:15:09","slug":"malerei","status":"publish","type":"page","link":"https:\/\/maler-tschepp.at\/index.php\/malerei\/","title":{"rendered":"Referenzen"},"content":{"rendered":"\n<script type=\"text\/javascript\">\r\ndocument.addEventListener(\"DOMContentLoaded\", function(event) { \r\n\tjQuery( '#slider-pro-3-835' ).sliderPro({\r\n\t\t\/\/width\r\n\t\t\t\twidth: \"100%\",\r\n\t\t\t\t\r\n\t\t\/\/height\r\n\t\t\t\theight: 500,\r\n\t\t\t\t\r\n\t\t\/\/auto play\r\n\t\t\t\tautoplay:  true,\r\n\t\tautoplayOnHover: 'none',\r\n\t\t\t\t\t\t\t\tautoplayDelay: 5000,\r\n\t\t\r\n\t\t\r\n\t\tarrows: true,\r\n\t\tbuttons: true,\r\n\t\tsmallSize: 500,\r\n\t\tmediumSize: 1000,\r\n\t\tlargeSize: 3000,\r\n\t\tfade: true,\r\n\t\t\r\n\t\t\/\/thumbnail\r\n\t\tthumbnailArrows: true,\r\n\t\tthumbnailWidth: 120,\r\n\t\tthumbnailHeight: 120,\r\n\t\t\t\t\t\tthumbnailsPosition: 'bottom',\r\n\t\t\t\t\t\tcenterImage: true,\r\n\t\timageScaleMode: 'cover',\r\n\t\tallowScaleUp: true,\r\n\t\t\t\tstartSlide: 0,\r\n\t\tloop: true,\r\n\t\tslideDistance: 5,\r\n\t\tautoplayDirection: 'normal',\r\n\t\ttouchSwipe: true,\r\n\t\tfullScreen: true,\r\n\t});\r\n});\r\n<\/script>\r\n\r\n<div id=\"uris-slider-title\">\r\n\t<h3 class=\"uris-slider-post-title\">Unsere anspruchsvollen und zufriedenen Kunden<\/h3>\r\n<\/div>\r\n\t\t<div id=\"slider-pro-3-835\" class=\"slider-pro\">\r\n\t\t\t<!---- slides div start ---->\r\n\t\t\t<div class=\"sp-slides\">\r\n\t\t\t\t\t\t\t\t\t\t<div class=\"sp-slide\">\r\n\t\t\t\t\t\t\t<img decoding=\"async\" class=\"sp-image\" loading=\"lazy\" alt=\"Herzog Granitbau\" src=\"https:\/\/maler-tschepp.at\/wp-content\/plugins\/ultimate-responsive-image-slider\/assets\/css\/images\/blank.gif\" data-src=\"https:\/\/maler-tschepp.at\/wp-content\/uploads\/2015\/05\/Herzog-Granitbau.jpg\" \/>\r\n\r\n\t\t\t\t\t\t\t\r\n\t\t\t\t\t\t\t\t\t\t\t\t\t<\/div>\r\n\t\t\t\t\t\t\t\t\t\t\t\t<div class=\"sp-slide\">\r\n\t\t\t\t\t\t\t<img decoding=\"async\" class=\"sp-image\" loading=\"lazy\" alt=\"IMG_1267\" src=\"https:\/\/maler-tschepp.at\/wp-content\/plugins\/ultimate-responsive-image-slider\/assets\/css\/images\/blank.gif\" data-src=\"https:\/\/maler-tschepp.at\/wp-content\/uploads\/2015\/05\/IMG_1267.jpg\" \/>\r\n\r\n\t\t\t\t\t\t\t\r\n\t\t\t\t\t\t\t\t\t\t\t\t\t<\/div>\r\n\t\t\t\t\t\t\t\t\t\t\t\t<div class=\"sp-slide\">\r\n\t\t\t\t\t\t\t<img decoding=\"async\" class=\"sp-image\" loading=\"lazy\" alt=\"Pongratz Bau\" src=\"https:\/\/maler-tschepp.at\/wp-content\/plugins\/ultimate-responsive-image-slider\/assets\/css\/images\/blank.gif\" data-src=\"https:\/\/maler-tschepp.at\/wp-content\/uploads\/2015\/05\/Pongratz-Bau1.jpg\" \/>\r\n\r\n\t\t\t\t\t\t\t\r\n\t\t\t\t\t\t\t\t\t\t\t\t\t<\/div>\r\n\t\t\t\t\t\t\t\t\t<\/div>\r\n\t\t\t\r\n\t\t\t<!---- slides div end ---->\r\n\t\t\t\t\t\t<!-- slides thumbnails div end -->\r\n\t\t<\/div>\r\n\t\t<style>\r\n\/* Layout 3 *\/\r\n\/* border *\/\r\n#slider-pro-3-835 .sp-selected-thumbnail {\r\n\tborder: 4px solid #000000;\r\n}\r\n\r\n\/* font + color *\/\r\n.title-in  {\r\n\tfont-family: Arial !important;\r\n\tcolor: #FFFFFF !important;\r\n\tbackground-color: #000000 !important;\r\n\topacity: 0.7 !important;\r\n}\r\n.desc-in  {\r\n\tfont-family: Arial !important;\r\n\tcolor: #FFFFFF !important;\r\n\tbackground-color: #00000 !important;\r\n\topacity: 0.7 !important;\r\n}\r\n\r\n\/* bullets color *\/\r\n.sp-button  {\r\n\tborder: 2px solid #000000 !important;\r\n}\r\n.sp-selected-button  {\r\n\tbackground-color: #000000 !important;\r\n}\r\n\r\n\/* pointer color - bottom *\/\r\n.sp-selected-thumbnail::before {\r\n\tborder-bottom: 5px solid #000000 !important;\r\n}\r\n.sp-selected-thumbnail::after {\r\n\tborder-bottom: 13px solid #000000 !important;\r\n}\r\n\r\n\/* pointer color - top *\/\r\n\r\n\/* full screen icon *\/\r\n.sp-full-screen-button::before {\r\n    color: #FFFFFF !important;\r\n}\r\n\r\n\/* hover navigation icon color *\/\r\n.sp-next-arrow::after, .sp-next-arrow::before {\r\n\tbackground-color: #FFFFFF !important;\r\n}\r\n.sp-previous-arrow::after, .sp-previous-arrow::before {\r\n\tbackground-color: #FFFFFF !important;\r\n}\r\n\r\n#slider-pro-3-835 .title-in {\r\n\tcolor: #FFFFFF !important;\r\n\tfont-weight: bolder;\r\n\ttext-align: center;\r\n}\r\n\r\n#slider-pro-3-835 .title-in-bg {\r\n\tbackground: rgba(255, 255, 255, 0.7); !important;\r\n\twhite-space: unset !important;\r\n\ttransform: initial !important;\r\n\t-webkit-transform: initial !important;\r\n\tfont-size: 14px !important;\r\n}\r\n\r\n#slider-pro-3-835 .desc-in {\r\n\tcolor: #FFFFFF !important;\r\n\ttext-align: center;\r\n}\r\n#slider-pro-3-835 .desc-in-bg {\r\n\tbackground: rgba(#00000, 0.7) !important;\r\n\twhite-space: unset !important;\r\n\ttransform: initial !important;\r\n\t-webkit-transform: initial !important;\r\n\tfont-size: 13px !important;\r\n}\r\n\r\n@media (max-width: 640px) {\r\n\t#slider-pro-3-835 .hide-small-screen {\r\n\t\tdisplay: none;\r\n\t}\r\n}\r\n\r\n@media (max-width: 860px) {\r\n\t#slider-pro-3-835 .sp-layer {\r\n\t\tfont-size: 18px;\r\n\t}\r\n\t\r\n\t#slider-pro-3-835 .hide-medium-screen {\r\n\t\tdisplay: none;\r\n\t}\r\n}\r\n.slides-not-found {\r\n\tbackground-color: #a92929;\r\n\tborder-radius: 5px;\r\n\tcolor: #fff;\r\n\tfont-family: initial;\r\n\ttext-align: center;\r\n\tpadding:12px;\r\n}\r\n\/* Custom CSS *\/\r\n<\/style>\r\n\n\n\n\n<blockquote class=\"wp-block-quote is-layout-flow wp-block-quote-is-layout-flow\">\n<p class=\"has-green-color has-text-color has-link-color wp-elements-29e4b759c8fbfe7c24f11d9c8ef75f07\">Weit \u00fcber unsere Region hinaus k\u00f6nnen wir seit mehr als 40 Jahren&nbsp;mit&nbsp;Qualit\u00e4t und unseren Erfahrungswerten \u00fcberzeugen.<\/p>\n<\/blockquote>\n\n\n\n<p><span style=\"color: #000000;\">Privatkunden, Architekten, Bauherrn sowie Hausverwaltungen&nbsp;z\u00e4hlen zu unseren anspruchsvollen Kunden. Unsere Auftraggeber sch\u00e4tzen unsere professionellen Handwerksleistungen und deren Nachhaltigkeit sowie die Genauigkeit und Motivation unserer Mitarbeiter.<\/span><\/p>\n\n\n\n<p><span style=\"color: #000000;\">Wir legen gro\u00dfen Wert auf langfristige Zusammenarbeit mit unseren Auftraggebern und Partnern. Unsere Kunden teilen ihre Zufriedenheit mit anderen, das macht uns besonders stolz .<\/span><\/p>\n\n\n\n<p><\/p>\n\n\n\n<h2 class=\"wp-block-heading has-green-color has-text-color has-link-color wp-elements-b5377ccdcddd723e43cb13c03b7381ce\">Unser Leistungsprofil richtet sich an folgende Zielgruppen:<\/h2>\n\n\n\n<ul class=\"wp-block-list\">\n<li>Wohnanlagen<\/li>\n\n\n\n<li>\u00d6ffentliche Bauten<\/li>\n\n\n\n<li>Privatobjekte<\/li>\n\n\n\n<li>Gewerbeobjekte<\/li>\n\n\n\n<li>Ordinationen<\/li>\n\n\n\n<li>Hotels<\/li>\n\n\n\n<li>Gastronomiebetriebe<\/li>\n<\/ul>\n\n\n\n<p class=\"has-text-align-center\"><span style=\"color: #ffffff;\">\u00bb\u00bb<\/span><\/p>\n\n\n\n<p><span style=\"color: #000000;\">Voraussetzung f\u00fcr professionelle Handwerksleistungen sind hochwertige Produkte. Wir beziehen s\u00e4mtliche Produkte von namhaften Herstellern damit wir unseren Kunden neben einwandfreier Verarbeitung auch Qualit\u00e4t und Langlebigkeit garantieren k\u00f6nnen.<\/span><\/p>\n\n\n\n<p><\/p>\n\n\n\n<h4 class=\"wp-block-heading\"><span style=\"color: #000000;\"><em><strong>Unsere Partner<\/strong><\/em><\/span><\/h4>\n\n\n\n<p><span style=\"color: #000000;\">\u00dcber Jahrzehnte hinweg arbeiten wir mit unseren zuverl\u00e4ssigen Partnern wie Mautner Lacke, Sikkens Lacke, Malervereinigung, Synthesa Lacke u.v.m. Wenn Sie sich direkt bei unseren Herstellern informieren m\u00f6chten finden Sie hier die passende Seite:<\/span><\/p>\n\n\n\n<div class=\"wp-block-columns is-layout-flex wp-container-core-columns-is-layout-9d6595d7 wp-block-columns-is-layout-flex\">\n<div class=\"wp-block-column is-vertically-aligned-center is-layout-flow wp-block-column-is-layout-flow\">\n<figure class=\"wp-block-image size-full is-resized\"><img loading=\"lazy\" decoding=\"async\" width=\"142\" height=\"113\" src=\"https:\/\/clever-varahamihira.194-56-190-71.plesk.page\/wp-content\/uploads\/2015\/05\/mautner_lacke.jpg\" alt=\"\" class=\"wp-image-1280\" style=\"width:186px;height:auto\"\/><\/figure>\n<\/div>\n\n\n\n<div class=\"wp-block-column is-vertically-aligned-center is-layout-flow wp-block-column-is-layout-flow\">\n<figure class=\"wp-block-image size-full\"><img loading=\"lazy\" decoding=\"async\" width=\"200\" height=\"200\" src=\"https:\/\/clever-varahamihira.194-56-190-71.plesk.page\/wp-content\/uploads\/2015\/05\/logo_sikkens_200x200.png\" alt=\"\" class=\"wp-image-3091\" srcset=\"https:\/\/maler-tschepp.at\/wp-content\/uploads\/2015\/05\/logo_sikkens_200x200.png 200w, https:\/\/maler-tschepp.at\/wp-content\/uploads\/2015\/05\/logo_sikkens_200x200-150x150.png 150w\" sizes=\"auto, (max-width: 200px) 100vw, 200px\" \/><\/figure>\n<\/div>\n\n\n\n<div class=\"wp-block-column is-vertically-aligned-center is-layout-flow wp-block-column-is-layout-flow\">\n<figure class=\"wp-block-image size-full\"><img loading=\"lazy\" decoding=\"async\" width=\"521\" height=\"467\" src=\"https:\/\/clever-varahamihira.194-56-190-71.plesk.page\/wp-content\/uploads\/2015\/05\/malervereinigung.jpg\" alt=\"\" class=\"wp-image-1271\" srcset=\"https:\/\/maler-tschepp.at\/wp-content\/uploads\/2015\/05\/malervereinigung.jpg 521w, https:\/\/maler-tschepp.at\/wp-content\/uploads\/2015\/05\/malervereinigung-300x269.jpg 300w\" sizes=\"auto, (max-width: 521px) 100vw, 521px\" \/><\/figure>\n<\/div>\n\n\n\n<div class=\"wp-block-column is-vertically-aligned-center is-layout-flow wp-block-column-is-layout-flow\">\n<figure class=\"wp-block-image size-full\"><img loading=\"lazy\" decoding=\"async\" width=\"531\" height=\"533\" src=\"https:\/\/clever-varahamihira.194-56-190-71.plesk.page\/wp-content\/uploads\/2016\/03\/10_profishop_logo_45x45mm-1.jpg\" alt=\"\" class=\"wp-image-7239\" srcset=\"https:\/\/maler-tschepp.at\/wp-content\/uploads\/2016\/03\/10_profishop_logo_45x45mm-1.jpg 531w, https:\/\/maler-tschepp.at\/wp-content\/uploads\/2016\/03\/10_profishop_logo_45x45mm-1-300x300.jpg 300w, https:\/\/maler-tschepp.at\/wp-content\/uploads\/2016\/03\/10_profishop_logo_45x45mm-1-150x150.jpg 150w\" sizes=\"auto, (max-width: 531px) 100vw, 531px\" \/><\/figure>\n<\/div>\n<\/div>\n\n\n\n<p><\/p>\n","protected":false},"excerpt":{"rendered":"<p>Weit \u00fcber unsere Region hinaus k\u00f6nnen wir seit mehr als 40 Jahren&nbsp;mit&nbsp;Qualit\u00e4t und unseren Erfahrungswerten<\/p>\n<div class=\"continue-reading-blog\"><a href=\"https:\/\/maler-tschepp.at\/?p=835\" class=\"more-link\">Continue Reading<i class=\"fa fa-long-arrow-right\"><\/i><span class=\"screen-reader-text\">Unsere anspruchsvollen und zufriedenen Kunden<\/span><\/a><\/div>\n","protected":false},"author":1,"featured_media":0,"parent":0,"menu_order":0,"comment_status":"closed","ping_status":"closed","template":"","meta":{"footnotes":""},"class_list":["post-221","page","type-page","status-publish","hentry"],"yoast_head":"<!-- This site is optimized with the Yoast SEO plugin v27.1.1 - https:\/\/yoast.com\/product\/yoast-seo-wordpress\/ -->\n<title>Referenzen - Malermeister Tschepp<\/title>\n<meta name=\"robots\" content=\"index, follow, max-snippet:-1, max-image-preview:large, max-video-preview:-1\" \/>\n<link rel=\"canonical\" href=\"https:\/\/maler-tschepp.at\/index.php\/malerei\/\" \/>\n<meta property=\"og:locale\" content=\"de_DE\" \/>\n<meta property=\"og:type\" content=\"article\" \/>\n<meta property=\"og:title\" content=\"Referenzen - Malermeister Tschepp\" \/>\n<meta property=\"og:description\" content=\"Weit \u00fcber unsere Region hinaus k\u00f6nnen wir seit mehr als 40 Jahren&nbsp;mit&nbsp;Qualit\u00e4t und unseren ErfahrungswertenContinue ReadingUnsere anspruchsvollen und zufriedenen Kunden\" \/>\n<meta property=\"og:url\" content=\"https:\/\/maler-tschepp.at\/index.php\/malerei\/\" \/>\n<meta property=\"og:site_name\" content=\"Malermeister Tschepp\" \/>\n<meta property=\"article:modified_time\" content=\"2026-03-17T22:15:09+00:00\" \/>\n<meta property=\"og:image\" content=\"https:\/\/clever-varahamihira.194-56-190-71.plesk.page\/wp-content\/uploads\/2015\/05\/mautner_lacke.jpg\" \/>\n<meta name=\"twitter:card\" content=\"summary_large_image\" \/>\n<meta name=\"twitter:label1\" content=\"Gesch\u00e4tzte Lesezeit\" \/>\n\t<meta name=\"twitter:data1\" content=\"2\u00a0Minuten\" \/>\n<script type=\"application\/ld+json\" class=\"yoast-schema-graph\">{\"@context\":\"https:\/\/schema.org\",\"@graph\":[{\"@type\":\"WebPage\",\"@id\":\"https:\/\/maler-tschepp.at\/index.php\/malerei\/\",\"url\":\"https:\/\/maler-tschepp.at\/index.php\/malerei\/\",\"name\":\"Referenzen - Malermeister Tschepp\",\"isPartOf\":{\"@id\":\"https:\/\/maler-tschepp.at\/#website\"},\"primaryImageOfPage\":{\"@id\":\"https:\/\/maler-tschepp.at\/index.php\/malerei\/#primaryimage\"},\"image\":{\"@id\":\"https:\/\/maler-tschepp.at\/index.php\/malerei\/#primaryimage\"},\"thumbnailUrl\":\"https:\/\/clever-varahamihira.194-56-190-71.plesk.page\/wp-content\/uploads\/2015\/05\/mautner_lacke.jpg\",\"datePublished\":\"2015-04-15T17:51:19+00:00\",\"dateModified\":\"2026-03-17T22:15:09+00:00\",\"breadcrumb\":{\"@id\":\"https:\/\/maler-tschepp.at\/index.php\/malerei\/#breadcrumb\"},\"inLanguage\":\"de\",\"potentialAction\":[{\"@type\":\"ReadAction\",\"target\":[\"https:\/\/maler-tschepp.at\/index.php\/malerei\/\"]}]},{\"@type\":\"ImageObject\",\"inLanguage\":\"de\",\"@id\":\"https:\/\/maler-tschepp.at\/index.php\/malerei\/#primaryimage\",\"url\":\"https:\/\/clever-varahamihira.194-56-190-71.plesk.page\/wp-content\/uploads\/2015\/05\/mautner_lacke.jpg\",\"contentUrl\":\"https:\/\/clever-varahamihira.194-56-190-71.plesk.page\/wp-content\/uploads\/2015\/05\/mautner_lacke.jpg\"},{\"@type\":\"BreadcrumbList\",\"@id\":\"https:\/\/maler-tschepp.at\/index.php\/malerei\/#breadcrumb\",\"itemListElement\":[{\"@type\":\"ListItem\",\"position\":1,\"name\":\"Start\",\"item\":\"https:\/\/maler-tschepp.at\/\"},{\"@type\":\"ListItem\",\"position\":2,\"name\":\"Referenzen\"}]},{\"@type\":\"WebSite\",\"@id\":\"https:\/\/maler-tschepp.at\/#website\",\"url\":\"https:\/\/maler-tschepp.at\/\",\"name\":\"Malermeister Tschepp\",\"description\":\"\",\"publisher\":{\"@id\":\"https:\/\/maler-tschepp.at\/#organization\"},\"potentialAction\":[{\"@type\":\"SearchAction\",\"target\":{\"@type\":\"EntryPoint\",\"urlTemplate\":\"https:\/\/maler-tschepp.at\/?s={search_term_string}\"},\"query-input\":{\"@type\":\"PropertyValueSpecification\",\"valueRequired\":true,\"valueName\":\"search_term_string\"}}],\"inLanguage\":\"de\"},{\"@type\":\"Organization\",\"@id\":\"https:\/\/maler-tschepp.at\/#organization\",\"name\":\"Malermeister Tschepp\",\"url\":\"https:\/\/maler-tschepp.at\/\",\"logo\":{\"@type\":\"ImageObject\",\"inLanguage\":\"de\",\"@id\":\"https:\/\/maler-tschepp.at\/#\/schema\/logo\/image\/\",\"url\":\"https:\/\/maler-tschepp.at\/wp-content\/uploads\/2026\/03\/LOGO_WT1.jpg\",\"contentUrl\":\"https:\/\/maler-tschepp.at\/wp-content\/uploads\/2026\/03\/LOGO_WT1.jpg\",\"width\":529,\"height\":317,\"caption\":\"Malermeister Tschepp\"},\"image\":{\"@id\":\"https:\/\/maler-tschepp.at\/#\/schema\/logo\/image\/\"}}]}<\/script>\n<!-- \/ Yoast SEO plugin. -->","yoast_head_json":{"title":"Referenzen - Malermeister Tschepp","robots":{"index":"index","follow":"follow","max-snippet":"max-snippet:-1","max-image-preview":"max-image-preview:large","max-video-preview":"max-video-preview:-1"},"canonical":"https:\/\/maler-tschepp.at\/index.php\/malerei\/","og_locale":"de_DE","og_type":"article","og_title":"Referenzen - Malermeister Tschepp","og_description":"Weit \u00fcber unsere Region hinaus k\u00f6nnen wir seit mehr als 40 Jahren&nbsp;mit&nbsp;Qualit\u00e4t und unseren ErfahrungswertenContinue ReadingUnsere anspruchsvollen und zufriedenen Kunden","og_url":"https:\/\/maler-tschepp.at\/index.php\/malerei\/","og_site_name":"Malermeister Tschepp","article_modified_time":"2026-03-17T22:15:09+00:00","og_image":[{"url":"https:\/\/clever-varahamihira.194-56-190-71.plesk.page\/wp-content\/uploads\/2015\/05\/mautner_lacke.jpg","type":"","width":"","height":""}],"twitter_card":"summary_large_image","twitter_misc":{"Gesch\u00e4tzte Lesezeit":"2\u00a0Minuten"},"schema":{"@context":"https:\/\/schema.org","@graph":[{"@type":"WebPage","@id":"https:\/\/maler-tschepp.at\/index.php\/malerei\/","url":"https:\/\/maler-tschepp.at\/index.php\/malerei\/","name":"Referenzen - Malermeister Tschepp","isPartOf":{"@id":"https:\/\/maler-tschepp.at\/#website"},"primaryImageOfPage":{"@id":"https:\/\/maler-tschepp.at\/index.php\/malerei\/#primaryimage"},"image":{"@id":"https:\/\/maler-tschepp.at\/index.php\/malerei\/#primaryimage"},"thumbnailUrl":"https:\/\/clever-varahamihira.194-56-190-71.plesk.page\/wp-content\/uploads\/2015\/05\/mautner_lacke.jpg","datePublished":"2015-04-15T17:51:19+00:00","dateModified":"2026-03-17T22:15:09+00:00","breadcrumb":{"@id":"https:\/\/maler-tschepp.at\/index.php\/malerei\/#breadcrumb"},"inLanguage":"de","potentialAction":[{"@type":"ReadAction","target":["https:\/\/maler-tschepp.at\/index.php\/malerei\/"]}]},{"@type":"ImageObject","inLanguage":"de","@id":"https:\/\/maler-tschepp.at\/index.php\/malerei\/#primaryimage","url":"https:\/\/clever-varahamihira.194-56-190-71.plesk.page\/wp-content\/uploads\/2015\/05\/mautner_lacke.jpg","contentUrl":"https:\/\/clever-varahamihira.194-56-190-71.plesk.page\/wp-content\/uploads\/2015\/05\/mautner_lacke.jpg"},{"@type":"BreadcrumbList","@id":"https:\/\/maler-tschepp.at\/index.php\/malerei\/#breadcrumb","itemListElement":[{"@type":"ListItem","position":1,"name":"Start","item":"https:\/\/maler-tschepp.at\/"},{"@type":"ListItem","position":2,"name":"Referenzen"}]},{"@type":"WebSite","@id":"https:\/\/maler-tschepp.at\/#website","url":"https:\/\/maler-tschepp.at\/","name":"Malermeister Tschepp","description":"","publisher":{"@id":"https:\/\/maler-tschepp.at\/#organization"},"potentialAction":[{"@type":"SearchAction","target":{"@type":"EntryPoint","urlTemplate":"https:\/\/maler-tschepp.at\/?s={search_term_string}"},"query-input":{"@type":"PropertyValueSpecification","valueRequired":true,"valueName":"search_term_string"}}],"inLanguage":"de"},{"@type":"Organization","@id":"https:\/\/maler-tschepp.at\/#organization","name":"Malermeister Tschepp","url":"https:\/\/maler-tschepp.at\/","logo":{"@type":"ImageObject","inLanguage":"de","@id":"https:\/\/maler-tschepp.at\/#\/schema\/logo\/image\/","url":"https:\/\/maler-tschepp.at\/wp-content\/uploads\/2026\/03\/LOGO_WT1.jpg","contentUrl":"https:\/\/maler-tschepp.at\/wp-content\/uploads\/2026\/03\/LOGO_WT1.jpg","width":529,"height":317,"caption":"Malermeister Tschepp"},"image":{"@id":"https:\/\/maler-tschepp.at\/#\/schema\/logo\/image\/"}}]}},"_links":{"self":[{"href":"https:\/\/maler-tschepp.at\/index.php\/wp-json\/wp\/v2\/pages\/221","targetHints":{"allow":["GET"]}}],"collection":[{"href":"https:\/\/maler-tschepp.at\/index.php\/wp-json\/wp\/v2\/pages"}],"about":[{"href":"https:\/\/maler-tschepp.at\/index.php\/wp-json\/wp\/v2\/types\/page"}],"author":[{"embeddable":true,"href":"https:\/\/maler-tschepp.at\/index.php\/wp-json\/wp\/v2\/users\/1"}],"replies":[{"embeddable":true,"href":"https:\/\/maler-tschepp.at\/index.php\/wp-json\/wp\/v2\/comments?post=221"}],"version-history":[{"count":2,"href":"https:\/\/maler-tschepp.at\/index.php\/wp-json\/wp\/v2\/pages\/221\/revisions"}],"predecessor-version":[{"id":7827,"href":"https:\/\/maler-tschepp.at\/index.php\/wp-json\/wp\/v2\/pages\/221\/revisions\/7827"}],"wp:attachment":[{"href":"https:\/\/maler-tschepp.at\/index.php\/wp-json\/wp\/v2\/media?parent=221"}],"curies":[{"name":"wp","href":"https:\/\/api.w.org\/{rel}","templated":true}]}}