{"id":1323,"date":"2015-05-03T10:56:04","date_gmt":"2015-05-03T08:56:04","guid":{"rendered":"http:\/\/www.maler-tschepp.at\/?page_id=1323"},"modified":"2015-05-03T10:56:04","modified_gmt":"2015-05-03T08:56:04","slug":"schimmelbekaempfung","status":"publish","type":"page","link":"https:\/\/maler-tschepp.at\/index.php\/schimmelbekaempfung\/","title":{"rendered":"Schimmelbek\u00e4mpfung"},"content":{"rendered":"<p style=\"text-align: justify;\"><a href=\"https:\/\/clever-varahamihira.194-56-190-71.plesk.page\/wordpress\/wp-content\/uploads\/Pr%C3%A4sentation-WT.jpg\"><img loading=\"lazy\" decoding=\"async\" class=\"alignright  wp-image-1683\" alt=\"Pr\u00e4sentation WT\" src=\"https:\/\/clever-varahamihira.194-56-190-71.plesk.page\/wordpress\/wp-content\/uploads\/Pr%C3%A4sentation-WT-300x256.jpg\" width=\"243\" height=\"207\" \/><\/a><span style=\"color: #000000;\">Als professioneller Ansprechpartner bei Schimmelbildung in Ihrem Wohnbereich sorgen wir f\u00fcr schnellstm\u00f6gliche Beseitigung. Ein Schimmelproblem ist nicht nur unsch\u00f6n, sondern auch gesundheitsgef\u00e4hrdend. Zudem k\u00f6nnen durch Schimmelbefall auch erhebliche Bausch\u00e4den bspw. an Holzkonstruktionen entstehen. Eine dauerhafte Schimmelbeseitigung kann nur durch fachgerechte L\u00f6sung erfolgen und dabei gehen wir der\u00a0 Ursache auf den Grund um festzustellen, ob es sich eventuell um einen baulichen Mangel handelt.<\/span><\/p>\n<p style=\"text-align: justify;\"><span style=\"color: #000000;\">Der Wohnungsnutzer\u00a0 sollte sich jedenfalls bewusst mit diesem Thema auseinandersetzen, denn zu hohe Luftfeuchtigkeit in den R\u00e4umen f\u00f6rdert die Schimmelbildung. Fensterkonstruktionen lassen oftmals kaum einen Austausch zwischen feuchter Innenraum- und trockener Au\u00dfenluft zu, daher gilt gezieltes L\u00fcften als oberste Priorit\u00e4t.\u00a0 Achten Sie jedoch darauf, in Kellerr\u00e4umen im Sommer nur kurz zu l\u00fcften.<\/span><\/p>\n<p style=\"text-align: justify;\"><span style=\"color: #000000;\">\u00a0[bscolumns class=&#8220;one_half&#8220;]<\/span><\/p>\n<blockquote><p><span style=\"color: #000000;\"><strong>Analyse<\/strong><\/span><\/p><\/blockquote>\n<p style=\"text-align: justify;\"><span style=\"color: #000000;\">Um die Ursache von Schimmelbildung zu ermitteln stehen je nach Situation unterschiedliche Messmethoden zur Verf\u00fcgung. Als ersten Schritt zur Ermittlung \u00a0der Ursache wird die Wand angebohrt und der herausfallende Staub auf Feuchtigkeit gepr\u00fcft. Ist die Substanz trockener, je tiefer man in die Wand vordringt so liegt der Verursacher der Feuchtigkeit im Wohnbereich.\u00a0 Wir ziehen auch unterschiedliche Elektronische Hilfsmittel heran. Mit einem Hygrometer l\u00e4sst sich die Luftfeuchtigkeit in R\u00e4umen leicht feststellen. 50 % Luftfeuchtigkeit sollte als Richtwert nicht \u00fcberschritten werden.<\/span><\/p>\n<p><span style=\"color: #000000;\">\u00a0<\/span><\/p>\n<p style=\"text-align: justify;\"><span style=\"color: #000000;\">[\/bscolumns][bscolumns class=&#8220;one_half_last_clear&#8220;]<\/span><\/p>\n<p>&nbsp;<\/p>\n<blockquote><p><span style=\"color: #000000;\"><strong>Sanierung<\/strong><\/span><\/p><\/blockquote>\n<p style=\"text-align: justify;\"><span style=\"color: #000000;\">Durch jahrzehntelange Erfahrung im Umgang mit Schimmelbek\u00e4mpfung k\u00f6nnen wir eine fachgerechte Sanierung gew\u00e4hrleisten. Schimmelpilze an W\u00e4nden sollten sofort bek\u00e4mpft werden. Wir entfernen diese durch Anwendung von Spezialprodukten, welche wir je nach Baubeschaffenheit des Untergrunds ausw\u00e4hlen. Bei der Eliminierung des Schimmels ist besonders darauf zu achten,\u00a0 dass die Sporen der Schimmelpilze nicht in die Raumluft geraten, da diese f\u00fcr Mensch und Tier gesundheitssch\u00e4dlich sind.\u00a0Ein Anstrich\u00a0 mit pilzwidrigen Materialien ist jedoch noch keine dauerhafte L\u00f6sung. Wir legen Wert auf ein nachhaltiges Gesamtkonzept und beraten Sie gerne.<\/span><\/p>\n<p style=\"text-align: justify;\">[\/bscolumns][bscolumns class=&#8220;clear&#8220;][\/bscolumns]<\/p>\n<p>&nbsp;<\/p>\n<div class=\"custom_attn_box\" style=\"border: 2px solid white; color: white; background-color: #777777; -webkit-border-radius: 1px; -moz-border-radius: 1px; border-radius: 1px; text-align: center;\"><span style=\"text-decoration: underline;\"><strong>EXPERTENTIPP: <\/strong><\/span><span style=\"color: #ffffff;\"><span style=\"color: #ffffff;\"><span style=\"color: #bd0b03;\"><span style=\"color: #bd0b03;\">\u00a0<\/span><\/span><\/span><\/span><\/div>\n<div class=\"custom_attn_box\" style=\"border: 2px solid white; color: white; background-color: #777777; -webkit-border-radius: 1px; -moz-border-radius: 1px; border-radius: 1px; text-align: center;\"><span style=\"color: #ffffff;\"><span style=\"color: #ffffff;\"><span style=\"color: #bd0b03;\"><span style=\"color: #bd0b03;\"><span style=\"color: #ffffff;\">Wir raten ein Warnsystem f\u00fcr Schimmelpilz-Pr\u00e4vention anzubringen!<\/span>\u00a0<\/span><\/span><\/span><\/span><span style=\"color: #ffffff;\">\u00bb<\/span><span style=\"color: #bd0b03;\">\u00a0<\/span><span style=\"color: #ffffff;\"><span style=\"color: #ffffff;\">Regelm\u00e4\u00dfigen Luftaustausch in den R\u00e4umen zulassen. Mehrmals am Tag zehn bis f\u00fcnfzehn Minuten l\u00fcften. <span style=\"text-decoration: underline;\">In den Kellerr\u00e4umen jedoch gilt:<\/span> Im Winter h\u00e4ufig l\u00fcften, im Sommer Fenster geschlossen halten.\u00a0<\/span><\/span><\/div>\n<p style=\"text-align: right;\"><strong><span style=\"color: #bd0b03;\"><a title=\"Kontakt\" href=\"https:\/\/clever-varahamihira.194-56-190-71.plesk.page\/kontakt\/\"><span style=\"color: #bd0b03;\">&gt;Kontaktieren Sie uns<\/span><\/a><\/span><\/strong><\/p>\n","protected":false},"excerpt":{"rendered":"<p>Als professioneller Ansprechpartner bei Schimmelbildung in Ihrem Wohnbereich sorgen wir f\u00fcr schnellstm\u00f6gliche Beseitigung. Ein Schimmelproblem<\/p>\n<div class=\"continue-reading-blog\"><a href=\"https:\/\/maler-tschepp.at\/index.php\/schimmelbekaempfung\/\" class=\"more-link\">Continue Reading<i class=\"fa fa-long-arrow-right\"><\/i><span class=\"screen-reader-text\">Schimmelbek\u00e4mpfung<\/span><\/a><\/div>\n","protected":false},"author":1,"featured_media":0,"parent":0,"menu_order":0,"comment_status":"closed","ping_status":"closed","template":"","meta":{"footnotes":""},"class_list":["post-1323","page","type-page","status-publish","hentry"],"yoast_head":"<!-- This site is optimized with the Yoast SEO plugin v27.1.1 - https:\/\/yoast.com\/product\/yoast-seo-wordpress\/ -->\n<title>Schimmelbek\u00e4mpfung - Malermeister Tschepp<\/title>\n<meta name=\"robots\" content=\"index, follow, max-snippet:-1, max-image-preview:large, max-video-preview:-1\" \/>\n<link rel=\"canonical\" href=\"https:\/\/maler-tschepp.at\/index.php\/schimmelbekaempfung\/\" \/>\n<meta property=\"og:locale\" content=\"de_DE\" \/>\n<meta property=\"og:type\" content=\"article\" \/>\n<meta property=\"og:title\" content=\"Schimmelbek\u00e4mpfung - Malermeister Tschepp\" \/>\n<meta property=\"og:description\" content=\"Als professioneller Ansprechpartner bei Schimmelbildung in Ihrem Wohnbereich sorgen wir f\u00fcr schnellstm\u00f6gliche Beseitigung. Ein SchimmelproblemContinue ReadingSchimmelbek\u00e4mpfung\" \/>\n<meta property=\"og:url\" content=\"https:\/\/maler-tschepp.at\/index.php\/schimmelbekaempfung\/\" \/>\n<meta property=\"og:site_name\" content=\"Malermeister Tschepp\" \/>\n<meta property=\"og:image\" content=\"https:\/\/clever-varahamihira.194-56-190-71.plesk.page\/wordpress\/wp-content\/uploads\/Pr%C3%A4sentation-WT-300x256.jpg\" \/>\n<meta name=\"twitter:card\" content=\"summary_large_image\" \/>\n<meta name=\"twitter:label1\" content=\"Gesch\u00e4tzte Lesezeit\" \/>\n\t<meta name=\"twitter:data1\" content=\"2\u00a0Minuten\" \/>\n<script type=\"application\/ld+json\" class=\"yoast-schema-graph\">{\"@context\":\"https:\/\/schema.org\",\"@graph\":[{\"@type\":\"WebPage\",\"@id\":\"https:\/\/maler-tschepp.at\/index.php\/schimmelbekaempfung\/\",\"url\":\"https:\/\/maler-tschepp.at\/index.php\/schimmelbekaempfung\/\",\"name\":\"Schimmelbek\u00e4mpfung - Malermeister Tschepp\",\"isPartOf\":{\"@id\":\"https:\/\/maler-tschepp.at\/#website\"},\"primaryImageOfPage\":{\"@id\":\"https:\/\/maler-tschepp.at\/index.php\/schimmelbekaempfung\/#primaryimage\"},\"image\":{\"@id\":\"https:\/\/maler-tschepp.at\/index.php\/schimmelbekaempfung\/#primaryimage\"},\"thumbnailUrl\":\"https:\/\/clever-varahamihira.194-56-190-71.plesk.page\/wordpress\/wp-content\/uploads\/Pr%C3%A4sentation-WT-300x256.jpg\",\"datePublished\":\"2015-05-03T08:56:04+00:00\",\"breadcrumb\":{\"@id\":\"https:\/\/maler-tschepp.at\/index.php\/schimmelbekaempfung\/#breadcrumb\"},\"inLanguage\":\"de\",\"potentialAction\":[{\"@type\":\"ReadAction\",\"target\":[\"https:\/\/maler-tschepp.at\/index.php\/schimmelbekaempfung\/\"]}]},{\"@type\":\"ImageObject\",\"inLanguage\":\"de\",\"@id\":\"https:\/\/maler-tschepp.at\/index.php\/schimmelbekaempfung\/#primaryimage\",\"url\":\"https:\/\/clever-varahamihira.194-56-190-71.plesk.page\/wordpress\/wp-content\/uploads\/Pr%C3%A4sentation-WT-300x256.jpg\",\"contentUrl\":\"https:\/\/clever-varahamihira.194-56-190-71.plesk.page\/wordpress\/wp-content\/uploads\/Pr%C3%A4sentation-WT-300x256.jpg\"},{\"@type\":\"BreadcrumbList\",\"@id\":\"https:\/\/maler-tschepp.at\/index.php\/schimmelbekaempfung\/#breadcrumb\",\"itemListElement\":[{\"@type\":\"ListItem\",\"position\":1,\"name\":\"Start\",\"item\":\"https:\/\/maler-tschepp.at\/\"},{\"@type\":\"ListItem\",\"position\":2,\"name\":\"Schimmelbek\u00e4mpfung\"}]},{\"@type\":\"WebSite\",\"@id\":\"https:\/\/maler-tschepp.at\/#website\",\"url\":\"https:\/\/maler-tschepp.at\/\",\"name\":\"Malermeister Tschepp\",\"description\":\"\",\"publisher\":{\"@id\":\"https:\/\/maler-tschepp.at\/#organization\"},\"potentialAction\":[{\"@type\":\"SearchAction\",\"target\":{\"@type\":\"EntryPoint\",\"urlTemplate\":\"https:\/\/maler-tschepp.at\/?s={search_term_string}\"},\"query-input\":{\"@type\":\"PropertyValueSpecification\",\"valueRequired\":true,\"valueName\":\"search_term_string\"}}],\"inLanguage\":\"de\"},{\"@type\":\"Organization\",\"@id\":\"https:\/\/maler-tschepp.at\/#organization\",\"name\":\"Malermeister Tschepp\",\"url\":\"https:\/\/maler-tschepp.at\/\",\"logo\":{\"@type\":\"ImageObject\",\"inLanguage\":\"de\",\"@id\":\"https:\/\/maler-tschepp.at\/#\/schema\/logo\/image\/\",\"url\":\"https:\/\/maler-tschepp.at\/wp-content\/uploads\/2026\/03\/LOGO_WT1.jpg\",\"contentUrl\":\"https:\/\/maler-tschepp.at\/wp-content\/uploads\/2026\/03\/LOGO_WT1.jpg\",\"width\":529,\"height\":317,\"caption\":\"Malermeister Tschepp\"},\"image\":{\"@id\":\"https:\/\/maler-tschepp.at\/#\/schema\/logo\/image\/\"}}]}<\/script>\n<!-- \/ Yoast SEO plugin. -->","yoast_head_json":{"title":"Schimmelbek\u00e4mpfung - Malermeister Tschepp","robots":{"index":"index","follow":"follow","max-snippet":"max-snippet:-1","max-image-preview":"max-image-preview:large","max-video-preview":"max-video-preview:-1"},"canonical":"https:\/\/maler-tschepp.at\/index.php\/schimmelbekaempfung\/","og_locale":"de_DE","og_type":"article","og_title":"Schimmelbek\u00e4mpfung - Malermeister Tschepp","og_description":"Als professioneller Ansprechpartner bei Schimmelbildung in Ihrem Wohnbereich sorgen wir f\u00fcr schnellstm\u00f6gliche Beseitigung. Ein SchimmelproblemContinue ReadingSchimmelbek\u00e4mpfung","og_url":"https:\/\/maler-tschepp.at\/index.php\/schimmelbekaempfung\/","og_site_name":"Malermeister Tschepp","og_image":[{"url":"https:\/\/clever-varahamihira.194-56-190-71.plesk.page\/wordpress\/wp-content\/uploads\/Pr%C3%A4sentation-WT-300x256.jpg","type":"","width":"","height":""}],"twitter_card":"summary_large_image","twitter_misc":{"Gesch\u00e4tzte Lesezeit":"2\u00a0Minuten"},"schema":{"@context":"https:\/\/schema.org","@graph":[{"@type":"WebPage","@id":"https:\/\/maler-tschepp.at\/index.php\/schimmelbekaempfung\/","url":"https:\/\/maler-tschepp.at\/index.php\/schimmelbekaempfung\/","name":"Schimmelbek\u00e4mpfung - Malermeister Tschepp","isPartOf":{"@id":"https:\/\/maler-tschepp.at\/#website"},"primaryImageOfPage":{"@id":"https:\/\/maler-tschepp.at\/index.php\/schimmelbekaempfung\/#primaryimage"},"image":{"@id":"https:\/\/maler-tschepp.at\/index.php\/schimmelbekaempfung\/#primaryimage"},"thumbnailUrl":"https:\/\/clever-varahamihira.194-56-190-71.plesk.page\/wordpress\/wp-content\/uploads\/Pr%C3%A4sentation-WT-300x256.jpg","datePublished":"2015-05-03T08:56:04+00:00","breadcrumb":{"@id":"https:\/\/maler-tschepp.at\/index.php\/schimmelbekaempfung\/#breadcrumb"},"inLanguage":"de","potentialAction":[{"@type":"ReadAction","target":["https:\/\/maler-tschepp.at\/index.php\/schimmelbekaempfung\/"]}]},{"@type":"ImageObject","inLanguage":"de","@id":"https:\/\/maler-tschepp.at\/index.php\/schimmelbekaempfung\/#primaryimage","url":"https:\/\/clever-varahamihira.194-56-190-71.plesk.page\/wordpress\/wp-content\/uploads\/Pr%C3%A4sentation-WT-300x256.jpg","contentUrl":"https:\/\/clever-varahamihira.194-56-190-71.plesk.page\/wordpress\/wp-content\/uploads\/Pr%C3%A4sentation-WT-300x256.jpg"},{"@type":"BreadcrumbList","@id":"https:\/\/maler-tschepp.at\/index.php\/schimmelbekaempfung\/#breadcrumb","itemListElement":[{"@type":"ListItem","position":1,"name":"Start","item":"https:\/\/maler-tschepp.at\/"},{"@type":"ListItem","position":2,"name":"Schimmelbek\u00e4mpfung"}]},{"@type":"WebSite","@id":"https:\/\/maler-tschepp.at\/#website","url":"https:\/\/maler-tschepp.at\/","name":"Malermeister Tschepp","description":"","publisher":{"@id":"https:\/\/maler-tschepp.at\/#organization"},"potentialAction":[{"@type":"SearchAction","target":{"@type":"EntryPoint","urlTemplate":"https:\/\/maler-tschepp.at\/?s={search_term_string}"},"query-input":{"@type":"PropertyValueSpecification","valueRequired":true,"valueName":"search_term_string"}}],"inLanguage":"de"},{"@type":"Organization","@id":"https:\/\/maler-tschepp.at\/#organization","name":"Malermeister Tschepp","url":"https:\/\/maler-tschepp.at\/","logo":{"@type":"ImageObject","inLanguage":"de","@id":"https:\/\/maler-tschepp.at\/#\/schema\/logo\/image\/","url":"https:\/\/maler-tschepp.at\/wp-content\/uploads\/2026\/03\/LOGO_WT1.jpg","contentUrl":"https:\/\/maler-tschepp.at\/wp-content\/uploads\/2026\/03\/LOGO_WT1.jpg","width":529,"height":317,"caption":"Malermeister Tschepp"},"image":{"@id":"https:\/\/maler-tschepp.at\/#\/schema\/logo\/image\/"}}]}},"_links":{"self":[{"href":"https:\/\/maler-tschepp.at\/index.php\/wp-json\/wp\/v2\/pages\/1323","targetHints":{"allow":["GET"]}}],"collection":[{"href":"https:\/\/maler-tschepp.at\/index.php\/wp-json\/wp\/v2\/pages"}],"about":[{"href":"https:\/\/maler-tschepp.at\/index.php\/wp-json\/wp\/v2\/types\/page"}],"author":[{"embeddable":true,"href":"https:\/\/maler-tschepp.at\/index.php\/wp-json\/wp\/v2\/users\/1"}],"replies":[{"embeddable":true,"href":"https:\/\/maler-tschepp.at\/index.php\/wp-json\/wp\/v2\/comments?post=1323"}],"version-history":[{"count":0,"href":"https:\/\/maler-tschepp.at\/index.php\/wp-json\/wp\/v2\/pages\/1323\/revisions"}],"wp:attachment":[{"href":"https:\/\/maler-tschepp.at\/index.php\/wp-json\/wp\/v2\/media?parent=1323"}],"curies":[{"name":"wp","href":"https:\/\/api.w.org\/{rel}","templated":true}]}}